{"id":674,"date":"2025-11-14T16:52:12","date_gmt":"2025-11-14T15:52:12","guid":{"rendered":"https:\/\/usk.empressia.dev\/?page_id=674"},"modified":"2026-04-14T10:30:58","modified_gmt":"2026-04-14T08:30:58","slug":"badania-laboratoryjne","status":"publish","type":"page","link":"https:\/\/www.usk.poznan.pl\/ua\/informacje-praktyczne\/przygotowanie-do-badan\/badania-laboratoryjne\/","title":{"rendered":"Badania laboratoryjne"},"content":{"rendered":"\n<h3 class=\"wp-block-heading\">Badania laboratoryjne<\/h3>\n\n\n\n<p>Badania laboratoryjne polegaj\u0105 na analizie pr\u00f3bek biologicznych, takich jak krew, mocz czy ka\u0142, w celu oceny stanu zdrowia pacjenta oraz wykrycia ewentualnych nieprawid\u0142owo\u015bci. Prawid\u0142owe przygotowanie do badania ma kluczowe znaczenie dla wiarygodno\u015bci wynik\u00f3w. Poni\u017cej znajd\u0105 Pa\u0144stwo szczeg\u00f3\u0142owe informacje oraz pliki do pobrania dotycz\u0105ce zasad przygotowania do poszczeg\u00f3lnych bada\u0144.<\/p>\n\n\n\n\n\t\t\n\t<a href=\"https:\/\/www.usk.poznan.pl\/laboratoria\/\" target=\"_self\"  class=\"w-full flex items-center justify-between p-16 md:px-40 md:py-32 bg-primary-10 rounded-8 is-style-small-margin\" >\n\t\t<span class=\"h6\">Kontakt do Laboratori\u00f3w i Punkt\u00f3w Pobra\u0144<\/span>\n\t\t<span class=\"btn-icon text-white inline-flex items-center justify-center size-40 rounded-full bg-secondary-50 mt-auto self-end shrink-0\">\n\t\t\t<svg xmlns=\"http:\/\/www.w3.org\/2000\/svg\" width=\"11\" height=\"18\" viewbox=\"0 0 11 18\" fill=\"none\">\n\t<path d=\"M1.5 16L8.5 9L1.5 2\" stroke=\"currentColor\" stroke-width=\"3\"\/>\n<\/svg>\n\n\t\t<\/span>\n\t<\/a>\n\n\n\n<p><\/p>\n\n\n\t<section class=\"download-files-accordion space-y-32 lg:space-y-48 lg:mt-48!  is-style-no-margin\" data-init=\"$show_more = false\">\n\t\t\t\t\t\t\t\t\t\t\t\n\t\t\t<article class=\"group\" data-init=\"$files_accordion_item1519807732 = false\" data-class=\"{ 'is-active': $files_accordion_item1519807732 }\" >\n\t\t\t\t\t\t\t\t\t<button type=\"button\" class=\"w-full flex items-center justify-between hover:cursor-pointer\" data-on:click=\"$files_accordion_item1519807732 = !$files_accordion_item1519807732\">\n\t\t\t\t\t\t\t\t\t\t\t\t\t\n\t<h6 class=\" text-left\">\n\n\t\tPliki do pobrania &#8211; prawid\u0142owe przygotowanie do badania\n\n\t<\/h6>\n\n\t\t\t\t\t\t\n\t\t\t\t\t\t<p class=\"ml-auto flex items-center gap-20\">\n\t<span class=\"hidden md:inline tab\" data-show=\"!$files_accordion_item1519807732\">Rozwi\u0144<\/span>\n\t<span class=\"hidden md:inline tab\" data-show=\"$files_accordion_item1519807732\">Zwi\u0144<\/span>\n\t<span class=\"grid place-content-center size-40 rounded-full border border-secondary-50 text-secondary-50 group-[.is-active]:rotate-180 transition-all duration-300 ease-in-out\"><svg xmlns=\"http:\/\/www.w3.org\/2000\/svg\" width=\"18\" height=\"11\" viewbox=\"0 0 18 11\" fill=\"none\">\n\t<path d=\"M2 1.5L9 8.5L16 1.5\" stroke=\"currentColor\" stroke-width=\"3\"\/>\n<\/svg>\n<\/span>\n<\/p>\n\t\t\t\t\t<\/button>\n\t\t\t\t\n\t\t\t\t<ul class=\"unstyled-list mt-32\" data-show=\"$files_accordion_item1519807732\">\n\t\t\t\t\t\t\t\t\t\t\t<li class=\"pl-0!\">\n\t\t\t\t\t\t\t\n\n\n<a href=\"https:\/\/www.usk.poznan.pl\/wp-content\/uploads\/2026\/01\/F15-CLAB_e3-informacje-dla-pacjentw.pdf\" class=\"group\/file flex flex-col md:flex-row md:items-center gap-16 md:gap-40 rounded-8 p-24 md:py-32 md:px-40 border border-neutral-100 hover:shadow\" download>\n\t<span class=\"shrink-0 text-primary font-semibold uppercase  md:min-w-50\">pdf<\/span>\n\t<div class=\"grow \">\n\t\t<p class=\"text-primary-100 font-semibold group-hover\/file:text-secondary-50 transition-colors duration-300 ease-in-out\">PODSTAWOWE badania laboratoryjne<\/p>\n\t\t\t<\/div>\n\t<span class=\"size-40 rounded-full bg-secondary-50 text-white grid place-content-center shrink-0\"><svg xmlns=\"http:\/\/www.w3.org\/2000\/svg\" width=\"24\" height=\"24\" viewbox=\"0 0 24 24\" fill=\"none\">\n\t<path d=\"M6.39844 10.7996L11.9984 16.3996M11.9984 16.3996L17.5984 10.7996M11.9984 16.3996V0.498048\" stroke=\"currentColor\" stroke-width=\"2.5\"\/>\n\t<path d=\"M2 22L22 22\" stroke=\"currentColor\" stroke-width=\"2.5\"\/>\n<\/svg>\n<\/span>\n<\/a>\n\t\t\t\t\t\t<\/li>\n\t\t\t\t\t\t\t\t\t\t\t<li class=\"pl-0!\">\n\t\t\t\t\t\t\t\n\n\n<a href=\"https:\/\/www.usk.poznan.pl\/wp-content\/uploads\/2026\/01\/F7-PM-ED.-1.pdf\" class=\"group\/file flex flex-col md:flex-row md:items-center gap-16 md:gap-40 rounded-8 p-24 md:py-32 md:px-40 border border-neutral-100 hover:shadow\" download>\n\t<span class=\"shrink-0 text-primary font-semibold uppercase  md:min-w-50\">pdf<\/span>\n\t<div class=\"grow \">\n\t\t<p class=\"text-primary-100 font-semibold group-hover\/file:text-secondary-50 transition-colors duration-300 ease-in-out\">Badania mikologiczne<\/p>\n\t\t\t<\/div>\n\t<span class=\"size-40 rounded-full bg-secondary-50 text-white grid place-content-center shrink-0\"><svg xmlns=\"http:\/\/www.w3.org\/2000\/svg\" width=\"24\" height=\"24\" viewbox=\"0 0 24 24\" fill=\"none\">\n\t<path d=\"M6.39844 10.7996L11.9984 16.3996M11.9984 16.3996L17.5984 10.7996M11.9984 16.3996V0.498048\" stroke=\"currentColor\" stroke-width=\"2.5\"\/>\n\t<path d=\"M2 22L22 22\" stroke=\"currentColor\" stroke-width=\"2.5\"\/>\n<\/svg>\n<\/span>\n<\/a>\n\t\t\t\t\t\t<\/li>\n\t\t\t\t\t\t\t\t\t\t\t<li class=\"pl-0!\">\n\t\t\t\t\t\t\t\n\n\n<a href=\"https:\/\/www.usk.poznan.pl\/wp-content\/uploads\/2026\/01\/F3-ZPK-ed.-1-INFORMACJE-DLA-PACJENTW-ZPK.pdf\" class=\"group\/file flex flex-col md:flex-row md:items-center gap-16 md:gap-40 rounded-8 p-24 md:py-32 md:px-40 border border-neutral-100 hover:shadow\" download>\n\t<span class=\"shrink-0 text-primary font-semibold uppercase  md:min-w-50\">pdf<\/span>\n\t<div class=\"grow \">\n\t\t<p class=\"text-primary-100 font-semibold group-hover\/file:text-secondary-50 transition-colors duration-300 ease-in-out\">Badania cytologiczne, histopatologiczne, immunohistochemiczne<\/p>\n\t\t\t<\/div>\n\t<span class=\"size-40 rounded-full bg-secondary-50 text-white grid place-content-center shrink-0\"><svg xmlns=\"http:\/\/www.w3.org\/2000\/svg\" width=\"24\" height=\"24\" viewbox=\"0 0 24 24\" fill=\"none\">\n\t<path d=\"M6.39844 10.7996L11.9984 16.3996M11.9984 16.3996L17.5984 10.7996M11.9984 16.3996V0.498048\" stroke=\"currentColor\" stroke-width=\"2.5\"\/>\n\t<path d=\"M2 22L22 22\" stroke=\"currentColor\" stroke-width=\"2.5\"\/>\n<\/svg>\n<\/span>\n<\/a>\n\t\t\t\t\t\t<\/li>\n\t\t\t\t\t\t\t\t\t\t\t<li class=\"pl-0!\">\n\t\t\t\t\t\t\t\n\n\n<a href=\"https:\/\/www.usk.poznan.pl\/wp-content\/uploads\/2026\/01\/F3-HS-Histopat-_Informacja-dla-pacjentw-komercyjnych.pdf\" class=\"group\/file flex flex-col md:flex-row md:items-center gap-16 md:gap-40 rounded-8 p-24 md:py-32 md:px-40 border border-neutral-100 hover:shadow\" download>\n\t<span class=\"shrink-0 text-primary font-semibold uppercase  md:min-w-50\">pdf<\/span>\n\t<div class=\"grow \">\n\t\t<p class=\"text-primary-100 font-semibold group-hover\/file:text-secondary-50 transition-colors duration-300 ease-in-out\">Badania histopatologiczne (sk\u00f3ra) <\/p>\n\t\t\t<\/div>\n\t<span class=\"size-40 rounded-full bg-secondary-50 text-white grid place-content-center shrink-0\"><svg xmlns=\"http:\/\/www.w3.org\/2000\/svg\" width=\"24\" height=\"24\" viewbox=\"0 0 24 24\" fill=\"none\">\n\t<path d=\"M6.39844 10.7996L11.9984 16.3996M11.9984 16.3996L17.5984 10.7996M11.9984 16.3996V0.498048\" stroke=\"currentColor\" stroke-width=\"2.5\"\/>\n\t<path d=\"M2 22L22 22\" stroke=\"currentColor\" stroke-width=\"2.5\"\/>\n<\/svg>\n<\/span>\n<\/a>\n\t\t\t\t\t\t<\/li>\n\t\t\t\t\t\t\t\t\t\t\t<li class=\"pl-0!\">\n\t\t\t\t\t\t\t\n\n\n<a href=\"https:\/\/www.usk.poznan.pl\/wp-content\/uploads\/2026\/01\/F4-NEUROCHEM-ed.-1-INFORMACJE-DLA-PACJENTW-NEUROCHEMIA-I-NEUROPATOLOGIA.pdf\" class=\"group\/file flex flex-col md:flex-row md:items-center gap-16 md:gap-40 rounded-8 p-24 md:py-32 md:px-40 border border-neutral-100 hover:shadow\" download>\n\t<span class=\"shrink-0 text-primary font-semibold uppercase  md:min-w-50\">pdf<\/span>\n\t<div class=\"grow \">\n\t\t<p class=\"text-primary-100 font-semibold group-hover\/file:text-secondary-50 transition-colors duration-300 ease-in-out\">Badania neurochemiczne przeciwcia\u0142<\/p>\n\t\t\t<\/div>\n\t<span class=\"size-40 rounded-full bg-secondary-50 text-white grid place-content-center shrink-0\"><svg xmlns=\"http:\/\/www.w3.org\/2000\/svg\" width=\"24\" height=\"24\" viewbox=\"0 0 24 24\" fill=\"none\">\n\t<path d=\"M6.39844 10.7996L11.9984 16.3996M11.9984 16.3996L17.5984 10.7996M11.9984 16.3996V0.498048\" stroke=\"currentColor\" stroke-width=\"2.5\"\/>\n\t<path d=\"M2 22L22 22\" stroke=\"currentColor\" stroke-width=\"2.5\"\/>\n<\/svg>\n<\/span>\n<\/a>\n\t\t\t\t\t\t<\/li>\n\t\t\t\t\t\t\t\t\t\t\t<li class=\"pl-0!\">\n\t\t\t\t\t\t\t\n\n\n<a href=\"\" class=\"group\/file flex flex-col md:flex-row md:items-center gap-16 md:gap-40 rounded-8 p-24 md:py-32 md:px-40 border border-neutral-100 hover:shadow\" download>\n\t<span class=\"shrink-0 text-primary font-semibold uppercase  md:min-w-50\"><\/span>\n\t<div class=\"grow \">\n\t\t<p class=\"text-primary-100 font-semibold group-hover\/file:text-secondary-50 transition-colors duration-300 ease-in-out\">Badania immunopatologiczne <\/p>\n\t\t\t<\/div>\n\t<span class=\"size-40 rounded-full bg-secondary-50 text-white grid place-content-center shrink-0\"><svg xmlns=\"http:\/\/www.w3.org\/2000\/svg\" width=\"24\" height=\"24\" viewbox=\"0 0 24 24\" fill=\"none\">\n\t<path d=\"M6.39844 10.7996L11.9984 16.3996M11.9984 16.3996L17.5984 10.7996M11.9984 16.3996V0.498048\" stroke=\"currentColor\" stroke-width=\"2.5\"\/>\n\t<path d=\"M2 22L22 22\" stroke=\"currentColor\" stroke-width=\"2.5\"\/>\n<\/svg>\n<\/span>\n<\/a>\n\t\t\t\t\t\t<\/li>\n\t\t\t\t\t\t\t\t\t\t\t<li class=\"pl-0!\">\n\t\t\t\t\t\t\t\n\n\n<a href=\"https:\/\/www.usk.poznan.pl\/wp-content\/uploads\/2026\/01\/Dobowa-zbiorka-moczu.pdf\" class=\"group\/file flex flex-col md:flex-row md:items-center gap-16 md:gap-40 rounded-8 p-24 md:py-32 md:px-40 border border-neutral-100 hover:shadow\" download>\n\t<span class=\"shrink-0 text-primary font-semibold uppercase  md:min-w-50\">pdf<\/span>\n\t<div class=\"grow \">\n\t\t<p class=\"text-primary-100 font-semibold group-hover\/file:text-secondary-50 transition-colors duration-300 ease-in-out\">Dobowa zbi\u00f3rka moczu<\/p>\n\t\t\t<\/div>\n\t<span class=\"size-40 rounded-full bg-secondary-50 text-white grid place-content-center shrink-0\"><svg xmlns=\"http:\/\/www.w3.org\/2000\/svg\" width=\"24\" height=\"24\" viewbox=\"0 0 24 24\" fill=\"none\">\n\t<path d=\"M6.39844 10.7996L11.9984 16.3996M11.9984 16.3996L17.5984 10.7996M11.9984 16.3996V0.498048\" stroke=\"currentColor\" stroke-width=\"2.5\"\/>\n\t<path d=\"M2 22L22 22\" stroke=\"currentColor\" stroke-width=\"2.5\"\/>\n<\/svg>\n<\/span>\n<\/a>\n\t\t\t\t\t\t<\/li>\n\t\t\t\t\t\t\t\t\t\t\t<li class=\"pl-0!\">\n\t\t\t\t\t\t\t\n\n\n<a href=\"https:\/\/www.usk.poznan.pl\/wp-content\/uploads\/2026\/01\/Pozyskiwanie-moczu-do-badania-ogolnego.pdf\" class=\"group\/file flex flex-col md:flex-row md:items-center gap-16 md:gap-40 rounded-8 p-24 md:py-32 md:px-40 border border-neutral-100 hover:shadow\" download>\n\t<span class=\"shrink-0 text-primary font-semibold uppercase  md:min-w-50\">pdf<\/span>\n\t<div class=\"grow \">\n\t\t<p class=\"text-primary-100 font-semibold group-hover\/file:text-secondary-50 transition-colors duration-300 ease-in-out\">Pozyskiwanie moczu do badania og\u00f3lnego<\/p>\n\t\t\t<\/div>\n\t<span class=\"size-40 rounded-full bg-secondary-50 text-white grid place-content-center shrink-0\"><svg xmlns=\"http:\/\/www.w3.org\/2000\/svg\" width=\"24\" height=\"24\" viewbox=\"0 0 24 24\" fill=\"none\">\n\t<path d=\"M6.39844 10.7996L11.9984 16.3996M11.9984 16.3996L17.5984 10.7996M11.9984 16.3996V0.498048\" stroke=\"currentColor\" stroke-width=\"2.5\"\/>\n\t<path d=\"M2 22L22 22\" stroke=\"currentColor\" stroke-width=\"2.5\"\/>\n<\/svg>\n<\/span>\n<\/a>\n\t\t\t\t\t\t<\/li>\n\t\t\t\t\t\t\t\t\t\t\t<li class=\"pl-0!\">\n\t\t\t\t\t\t\t\n\n\n<a href=\"https:\/\/www.usk.poznan.pl\/wp-content\/uploads\/2026\/01\/Zasady-przygotowania-pacjenta-do-badan.pdf\" class=\"group\/file flex flex-col md:flex-row md:items-center gap-16 md:gap-40 rounded-8 p-24 md:py-32 md:px-40 border border-neutral-100 hover:shadow\" download>\n\t<span class=\"shrink-0 text-primary font-semibold uppercase  md:min-w-50\">pdf<\/span>\n\t<div class=\"grow \">\n\t\t<p class=\"text-primary-100 font-semibold group-hover\/file:text-secondary-50 transition-colors duration-300 ease-in-out\">Zasady przygotowania pacjenta do bada\u0144 laboratoryjnych<\/p>\n\t\t\t<\/div>\n\t<span class=\"size-40 rounded-full bg-secondary-50 text-white grid place-content-center shrink-0\"><svg xmlns=\"http:\/\/www.w3.org\/2000\/svg\" width=\"24\" height=\"24\" viewbox=\"0 0 24 24\" fill=\"none\">\n\t<path d=\"M6.39844 10.7996L11.9984 16.3996M11.9984 16.3996L17.5984 10.7996M11.9984 16.3996V0.498048\" stroke=\"currentColor\" stroke-width=\"2.5\"\/>\n\t<path d=\"M2 22L22 22\" stroke=\"currentColor\" stroke-width=\"2.5\"\/>\n<\/svg>\n<\/span>\n<\/a>\n\t\t\t\t\t\t<\/li>\n\t\t\t\t\t\t\t\t\t<\/ul>\n\t\t\t<\/article>\n\t\t\t\t\t\t\t\t\t\t\t\n\t\t\t<article class=\"group\" data-init=\"$files_accordion_item143858407 = true\" data-class=\"{ 'is-active': $files_accordion_item143858407 }\" >\n\t\t\t\t\t\t\t\t\t\t\t\t\t\t\t\n\t<h6 class=\" text-left\">\n\n\t\tPlik do pobrania &#8211; informacja o czasie oczekiwania na wyniki\n\n\t<\/h6>\n\n\t\t\t\t\t\t\t\t\t\n\t\t\t\t<ul class=\"unstyled-list mt-32\" data-show=\"$files_accordion_item143858407\">\n\t\t\t\t\t\t\t\t\t\t\t<li class=\"pl-0!\">\n\t\t\t\t\t\t\t\n\n\n<a href=\"https:\/\/www.usk.poznan.pl\/wp-content\/uploads\/2026\/01\/Lista-wykonywanych-badan-Laboratoorium-Mikrobiologii.pdf\" class=\"group\/file flex flex-col md:flex-row md:items-center gap-16 md:gap-40 rounded-8 p-24 md:py-32 md:px-40 border border-neutral-100 hover:shadow\" download>\n\t<span class=\"shrink-0 text-primary font-semibold uppercase  md:min-w-50\">pdf<\/span>\n\t<div class=\"grow \">\n\t\t<p class=\"text-primary-100 font-semibold group-hover\/file:text-secondary-50 transition-colors duration-300 ease-in-out\">Lista wykonywanych bada\u0144 \/ Czas oczekiwania na wyniki<\/p>\n\t\t\t<\/div>\n\t<span class=\"size-40 rounded-full bg-secondary-50 text-white grid place-content-center shrink-0\"><svg xmlns=\"http:\/\/www.w3.org\/2000\/svg\" width=\"24\" height=\"24\" viewbox=\"0 0 24 24\" fill=\"none\">\n\t<path d=\"M6.39844 10.7996L11.9984 16.3996M11.9984 16.3996L17.5984 10.7996M11.9984 16.3996V0.498048\" stroke=\"currentColor\" stroke-width=\"2.5\"\/>\n\t<path d=\"M2 22L22 22\" stroke=\"currentColor\" stroke-width=\"2.5\"\/>\n<\/svg>\n<\/span>\n<\/a>\n\t\t\t\t\t\t<\/li>\n\t\t\t\t\t\t\t\t\t<\/ul>\n\t\t\t<\/article>\n\t\t\n\t\t\t<\/section>\n\n\n\n<p><\/p>\n","protected":false},"excerpt":{"rendered":"Badania laboratoryjne Badania laboratoryjne polegaj\u0105 na analizie pr\u00f3bek biologicznych, takich jak krew, mocz czy ka\u0142, w celu oceny stanu zdrowia pacjenta oraz wykrycia ewentualnych nieprawid\u0142owo\u015bci. Prawid\u0142owe przygotowanie do badania ma kluczowe znaczenie dla wiarygodno\u015bci wynik\u00f3w. Poni\u017cej znajd\u0105 Pa\u0144stwo szczeg\u00f3\u0142owe informacje oraz pliki do pobrania dotycz\u0105ce zasad przygotowania do poszczeg\u00f3lnych bada\u0144.","protected":false},"author":1,"featured_media":0,"parent":517,"menu_order":80,"comment_status":"closed","ping_status":"closed","template":"","meta":{"_acf_changed":false,"footnotes":""},"class_list":["post-674","page","type-page","status-publish","hentry"],"acf":[],"yoast_head":"<!-- This site is optimized with the Yoast SEO plugin v27.2 - https:\/\/yoast.com\/product\/yoast-seo-wordpress\/ -->\n<title>Badania laboratoryjne - Uniwersytecki Szpital Kliniczny w Poznaniu<\/title>\n<meta name=\"robots\" content=\"index, follow, max-snippet:-1, max-image-preview:large, max-video-preview:-1\" \/>\n<link rel=\"canonical\" href=\"https:\/\/www.usk.poznan.pl\/ua\/informacje-praktyczne\/przygotowanie-do-badan\/badania-laboratoryjne\/\" \/>\n<meta property=\"og:locale\" content=\"uk_UA\" \/>\n<meta property=\"og:type\" content=\"article\" \/>\n<meta property=\"og:title\" content=\"Badania laboratoryjne - Uniwersytecki Szpital Kliniczny w Poznaniu\" \/>\n<meta property=\"og:description\" content=\"Badania laboratoryjne Badania laboratoryjne polegaj\u0105 na analizie pr\u00f3bek biologicznych, takich jak krew, mocz czy ka\u0142, w celu oceny stanu zdrowia pacjenta oraz wykrycia ewentualnych nieprawid\u0142owo\u015bci. Prawid\u0142owe przygotowanie do badania ma kluczowe znaczenie dla wiarygodno\u015bci wynik\u00f3w. Poni\u017cej znajd\u0105 Pa\u0144stwo szczeg\u00f3\u0142owe informacje oraz pliki do pobrania dotycz\u0105ce zasad przygotowania do poszczeg\u00f3lnych bada\u0144.\" \/>\n<meta property=\"og:url\" content=\"https:\/\/www.usk.poznan.pl\/ua\/informacje-praktyczne\/przygotowanie-do-badan\/badania-laboratoryjne\/\" \/>\n<meta property=\"og:site_name\" content=\"Uniwersytecki Szpital Kliniczny w Poznaniu\" \/>\n<meta property=\"article:modified_time\" content=\"2026-04-14T08:30:58+00:00\" \/>\n<meta name=\"twitter:card\" content=\"summary_large_image\" \/>\n<meta name=\"twitter:label1\" content=\"\u041f\u0440\u0438\u0431\u043b. \u0447\u0430\u0441 \u0447\u0438\u0442\u0430\u043d\u043d\u044f\" \/>\n\t<meta name=\"twitter:data1\" content=\"1 \u0445\u0432\u0438\u043b\u0438\u043d\u0430\" \/>\n<script type=\"application\/ld+json\" class=\"yoast-schema-graph\">{\"@context\":\"https:\/\/schema.org\",\"@graph\":[{\"@type\":\"WebPage\",\"@id\":\"https:\/\/www.usk.poznan.pl\/ua\/informacje-praktyczne\/przygotowanie-do-badan\/badania-laboratoryjne\/\",\"url\":\"https:\/\/www.usk.poznan.pl\/ua\/informacje-praktyczne\/przygotowanie-do-badan\/badania-laboratoryjne\/\",\"name\":\"Badania laboratoryjne - Uniwersytecki Szpital Kliniczny w Poznaniu\",\"isPartOf\":{\"@id\":\"https:\/\/www.usk.poznan.pl\/#website\"},\"datePublished\":\"2025-11-14T15:52:12+00:00\",\"dateModified\":\"2026-04-14T08:30:58+00:00\",\"breadcrumb\":{\"@id\":\"https:\/\/www.usk.poznan.pl\/ua\/informacje-praktyczne\/przygotowanie-do-badan\/badania-laboratoryjne\/#breadcrumb\"},\"inLanguage\":\"uk\",\"potentialAction\":[{\"@type\":\"ReadAction\",\"target\":[\"https:\/\/www.usk.poznan.pl\/ua\/informacje-praktyczne\/przygotowanie-do-badan\/badania-laboratoryjne\/\"]}]},{\"@type\":\"BreadcrumbList\",\"@id\":\"https:\/\/www.usk.poznan.pl\/ua\/informacje-praktyczne\/przygotowanie-do-badan\/badania-laboratoryjne\/#breadcrumb\",\"itemListElement\":[{\"@type\":\"ListItem\",\"position\":1,\"name\":\"Strona g\u0142\u00f3wna\",\"item\":\"https:\/\/www.usk.poznan.pl\/\"},{\"@type\":\"ListItem\",\"position\":2,\"name\":\"Informacje praktyczne\",\"item\":\"https:\/\/www.usk.poznan.pl\/informacje-praktyczne\/\"},{\"@type\":\"ListItem\",\"position\":3,\"name\":\"Przygotowanie do bada\u0144\",\"item\":\"https:\/\/www.usk.poznan.pl\/ua\/informacje-praktyczne\/przygotowanie-do-badan\/\"},{\"@type\":\"ListItem\",\"position\":4,\"name\":\"Badania laboratoryjne\"}]},{\"@type\":\"WebSite\",\"@id\":\"https:\/\/www.usk.poznan.pl\/#website\",\"url\":\"https:\/\/www.usk.poznan.pl\/\",\"name\":\"Uniwersytecki Szpital Kliniczny w Poznaniu\",\"description\":\"\",\"potentialAction\":[{\"@type\":\"SearchAction\",\"target\":{\"@type\":\"EntryPoint\",\"urlTemplate\":\"https:\/\/www.usk.poznan.pl\/?s={search_term_string}\"},\"query-input\":{\"@type\":\"PropertyValueSpecification\",\"valueRequired\":true,\"valueName\":\"search_term_string\"}}],\"inLanguage\":\"uk\"}]}<\/script>\n<!-- \/ Yoast SEO plugin. -->","yoast_head_json":{"title":"Badania laboratoryjne - Uniwersytecki Szpital Kliniczny w Poznaniu","robots":{"index":"index","follow":"follow","max-snippet":"max-snippet:-1","max-image-preview":"max-image-preview:large","max-video-preview":"max-video-preview:-1"},"canonical":"https:\/\/www.usk.poznan.pl\/ua\/informacje-praktyczne\/przygotowanie-do-badan\/badania-laboratoryjne\/","og_locale":"uk_UA","og_type":"article","og_title":"Badania laboratoryjne - Uniwersytecki Szpital Kliniczny w Poznaniu","og_description":"Badania laboratoryjne Badania laboratoryjne polegaj\u0105 na analizie pr\u00f3bek biologicznych, takich jak krew, mocz czy ka\u0142, w celu oceny stanu zdrowia pacjenta oraz wykrycia ewentualnych nieprawid\u0142owo\u015bci. Prawid\u0142owe przygotowanie do badania ma kluczowe znaczenie dla wiarygodno\u015bci wynik\u00f3w. Poni\u017cej znajd\u0105 Pa\u0144stwo szczeg\u00f3\u0142owe informacje oraz pliki do pobrania dotycz\u0105ce zasad przygotowania do poszczeg\u00f3lnych bada\u0144.","og_url":"https:\/\/www.usk.poznan.pl\/ua\/informacje-praktyczne\/przygotowanie-do-badan\/badania-laboratoryjne\/","og_site_name":"Uniwersytecki Szpital Kliniczny w Poznaniu","article_modified_time":"2026-04-14T08:30:58+00:00","twitter_card":"summary_large_image","twitter_misc":{"\u041f\u0440\u0438\u0431\u043b. \u0447\u0430\u0441 \u0447\u0438\u0442\u0430\u043d\u043d\u044f":"1 \u0445\u0432\u0438\u043b\u0438\u043d\u0430"},"schema":{"@context":"https:\/\/schema.org","@graph":[{"@type":"WebPage","@id":"https:\/\/www.usk.poznan.pl\/ua\/informacje-praktyczne\/przygotowanie-do-badan\/badania-laboratoryjne\/","url":"https:\/\/www.usk.poznan.pl\/ua\/informacje-praktyczne\/przygotowanie-do-badan\/badania-laboratoryjne\/","name":"Badania laboratoryjne - Uniwersytecki Szpital Kliniczny w Poznaniu","isPartOf":{"@id":"https:\/\/www.usk.poznan.pl\/#website"},"datePublished":"2025-11-14T15:52:12+00:00","dateModified":"2026-04-14T08:30:58+00:00","breadcrumb":{"@id":"https:\/\/www.usk.poznan.pl\/ua\/informacje-praktyczne\/przygotowanie-do-badan\/badania-laboratoryjne\/#breadcrumb"},"inLanguage":"uk","potentialAction":[{"@type":"ReadAction","target":["https:\/\/www.usk.poznan.pl\/ua\/informacje-praktyczne\/przygotowanie-do-badan\/badania-laboratoryjne\/"]}]},{"@type":"BreadcrumbList","@id":"https:\/\/www.usk.poznan.pl\/ua\/informacje-praktyczne\/przygotowanie-do-badan\/badania-laboratoryjne\/#breadcrumb","itemListElement":[{"@type":"ListItem","position":1,"name":"Strona g\u0142\u00f3wna","item":"https:\/\/www.usk.poznan.pl\/"},{"@type":"ListItem","position":2,"name":"Informacje praktyczne","item":"https:\/\/www.usk.poznan.pl\/informacje-praktyczne\/"},{"@type":"ListItem","position":3,"name":"Przygotowanie do bada\u0144","item":"https:\/\/www.usk.poznan.pl\/ua\/informacje-praktyczne\/przygotowanie-do-badan\/"},{"@type":"ListItem","position":4,"name":"Badania laboratoryjne"}]},{"@type":"WebSite","@id":"https:\/\/www.usk.poznan.pl\/#website","url":"https:\/\/www.usk.poznan.pl\/","name":"Uniwersytecki Szpital Kliniczny w Poznaniu","description":"","potentialAction":[{"@type":"SearchAction","target":{"@type":"EntryPoint","urlTemplate":"https:\/\/www.usk.poznan.pl\/?s={search_term_string}"},"query-input":{"@type":"PropertyValueSpecification","valueRequired":true,"valueName":"search_term_string"}}],"inLanguage":"uk"}]}},"_links":{"self":[{"href":"https:\/\/www.usk.poznan.pl\/ua\/wp-json\/wp\/v2\/pages\/674","targetHints":{"allow":["GET"]}}],"collection":[{"href":"https:\/\/www.usk.poznan.pl\/ua\/wp-json\/wp\/v2\/pages"}],"about":[{"href":"https:\/\/www.usk.poznan.pl\/ua\/wp-json\/wp\/v2\/types\/page"}],"author":[{"embeddable":true,"href":"https:\/\/www.usk.poznan.pl\/ua\/wp-json\/wp\/v2\/users\/1"}],"replies":[{"embeddable":true,"href":"https:\/\/www.usk.poznan.pl\/ua\/wp-json\/wp\/v2\/comments?post=674"}],"version-history":[{"count":12,"href":"https:\/\/www.usk.poznan.pl\/ua\/wp-json\/wp\/v2\/pages\/674\/revisions"}],"predecessor-version":[{"id":5570,"href":"https:\/\/www.usk.poznan.pl\/ua\/wp-json\/wp\/v2\/pages\/674\/revisions\/5570"}],"up":[{"embeddable":true,"href":"https:\/\/www.usk.poznan.pl\/ua\/wp-json\/wp\/v2\/pages\/517"}],"wp:attachment":[{"href":"https:\/\/www.usk.poznan.pl\/ua\/wp-json\/wp\/v2\/media?parent=674"}],"curies":[{"name":"wp","href":"https:\/\/api.w.org\/{rel}","templated":true}]}}