{"id":5974,"date":"2026-04-22T11:44:32","date_gmt":"2026-04-22T09:44:32","guid":{"rendered":"https:\/\/www.usk.poznan.pl\/?page_id=5974"},"modified":"2026-04-28T08:51:58","modified_gmt":"2026-04-28T06:51:58","slug":"nowiny-szpitalne","status":"publish","type":"page","link":"https:\/\/www.usk.poznan.pl\/ua\/nowiny-szpitalne\/","title":{"rendered":"Nowiny Szpitalne"},"content":{"rendered":"\n<h2 class=\"wp-block-heading\">Nowiny Szpitalne<\/h2>\n\n\n\n<p>Nowiny Szpitalne s\u0105&nbsp;periodykiem, kt\u00f3ry&nbsp;od&nbsp;lat wydawany jest przez&nbsp;Szpital. Skupia si\u0119 on&nbsp;na&nbsp;najistotniejszych osi\u0105gni\u0119ciach w&nbsp;obr\u0119bie dzia\u0142alno\u015bci plac\u00f3wki, przedstawionych najcz\u0119\u015bciej w&nbsp;uj\u0119ciu kwartalnym.<\/p>\n\n\n\n<p>Zach\u0119camy do zapoznania si\u0119 z wydaniami Nowin  Szpitalnych.<\/p>\n\n\n\t<section class=\"download-files-accordion space-y-32 lg:space-y-48 lg:mt-48! is-style-small-margin\" data-init=\"$show_more = false\">\n\t\t\t\t\t\t\t\t\t\t\t\n\t\t\t<div class=\"group\" data-init=\"$files_accordion_item42606446 = false\" data-class=\"{ 'is-active': $files_accordion_item42606446 }\" >\n\t\t\t\t\t\t\t\t\t<button type=\"button\" class=\"w-full flex items-center justify-between hover:cursor-pointer\" data-on:click=\"$files_accordion_item42606446 = !$files_accordion_item42606446\">\n\t\t\t\t\t\t\t\t\t\t\t\t\t\n\t<h3 class=\" text-left\">\n\n\t\tRok 2026\n\n\t<\/h3>\n\n\t\t\t\t\t\t\n\t\t\t\t\t\t<p class=\"ml-auto flex items-center gap-20\">\n\t<span class=\"hidden md:inline tab\" data-show=\"!$files_accordion_item42606446\">Rozwi\u0144<\/span>\n\t<span class=\"hidden md:inline tab\" data-show=\"$files_accordion_item42606446\">Zwi\u0144<\/span>\n\t<span class=\"grid place-content-center size-40 rounded-full border border-secondary-50 text-secondary-50 group-[.is-active]:rotate-180 transition-all duration-300 ease-in-out\"><svg xmlns=\"http:\/\/www.w3.org\/2000\/svg\" width=\"18\" height=\"11\" viewbox=\"0 0 18 11\" fill=\"none\">\n\t<path d=\"M2 1.5L9 8.5L16 1.5\" stroke=\"currentColor\" stroke-width=\"3\"\/>\n<\/svg>\n<\/span>\n<\/p>\n\t\t\t\t\t<\/button>\n\t\t\t\t\n\t\t\t\t<ul class=\"unstyled-list mt-32\" data-show=\"$files_accordion_item42606446\">\n\t\t\t\t\t\t\t\t\t\t\t<li class=\"pl-0!\">\n\t\t\t\t\t\t\t\n\n\n<a href=\"https:\/\/www.usk.poznan.pl\/wp-content\/uploads\/2026\/04\/Nowiny_2026-nr-1111.pdf\" class=\"group\/file flex flex-col md:flex-row md:items-center gap-16 md:gap-40 rounded-8 p-24 md:py-32 md:px-40 border border-neutral-100 hover:shadow\" download>\n\t<span class=\"shrink-0 text-primary font-semibold uppercase  md:min-w-50\">pdf<\/span>\n\t<div class=\"grow \">\n\t\t<p class=\"text-primary-100 font-semibold group-hover\/file:text-secondary-50 transition-colors duration-300 ease-in-out\">Nr 1\/2026 (111) XXVI rok; stycze\u0144 \u2013 marzec 2026<\/p>\n\t\t\t<\/div>\n\t<span class=\"size-40 rounded-full bg-secondary-50 text-white grid place-content-center shrink-0\"><svg xmlns=\"http:\/\/www.w3.org\/2000\/svg\" width=\"24\" height=\"24\" viewbox=\"0 0 24 24\" fill=\"none\">\n\t<path d=\"M6.39844 10.7996L11.9984 16.3996M11.9984 16.3996L17.5984 10.7996M11.9984 16.3996V0.498048\" stroke=\"currentColor\" stroke-width=\"2.5\"\/>\n\t<path d=\"M2 22L22 22\" stroke=\"currentColor\" stroke-width=\"2.5\"\/>\n<\/svg>\n<\/span>\n<\/a>\n\t\t\t\t\t\t<\/li>\n\t\t\t\t\t\t\t\t\t<\/ul>\n\t\t\t<\/div>\n\t\t\n\t\t\t<\/section>\n","protected":false},"excerpt":{"rendered":"Nowiny Szpitalne Nowiny Szpitalne s\u0105&nbsp;periodykiem, kt\u00f3ry&nbsp;od&nbsp;lat wydawany jest przez&nbsp;Szpital. Skupia si\u0119 on&nbsp;na&nbsp;najistotniejszych osi\u0105gni\u0119ciach w&nbsp;obr\u0119bie dzia\u0142alno\u015bci plac\u00f3wki, przedstawionych najcz\u0119\u015bciej w&nbsp;uj\u0119ciu kwartalnym. Zach\u0119camy do zapoznania si\u0119 z wydaniami Nowin Szpitalnych.","protected":false},"author":4,"featured_media":0,"parent":0,"menu_order":0,"comment_status":"closed","ping_status":"closed","template":"","meta":{"_acf_changed":false,"footnotes":""},"class_list":["post-5974","page","type-page","status-publish","hentry"],"acf":[],"yoast_head":"<!-- This site is optimized with the Yoast SEO plugin v27.5 - https:\/\/yoast.com\/product\/yoast-seo-wordpress\/ -->\n<title>Nowiny Szpitalne - Uniwersytecki Szpital Kliniczny w Poznaniu<\/title>\n<meta name=\"robots\" content=\"index, follow, max-snippet:-1, max-image-preview:large, max-video-preview:-1\" \/>\n<link rel=\"canonical\" href=\"https:\/\/www.usk.poznan.pl\/ua\/nowiny-szpitalne\/\" \/>\n<meta property=\"og:locale\" content=\"uk_UA\" \/>\n<meta property=\"og:type\" content=\"article\" \/>\n<meta property=\"og:title\" content=\"Nowiny Szpitalne - Uniwersytecki Szpital Kliniczny w Poznaniu\" \/>\n<meta property=\"og:description\" content=\"Nowiny Szpitalne Nowiny Szpitalne s\u0105&nbsp;periodykiem, kt\u00f3ry&nbsp;od&nbsp;lat wydawany jest przez&nbsp;Szpital. Skupia si\u0119 on&nbsp;na&nbsp;najistotniejszych osi\u0105gni\u0119ciach w&nbsp;obr\u0119bie dzia\u0142alno\u015bci plac\u00f3wki, przedstawionych najcz\u0119\u015bciej w&nbsp;uj\u0119ciu kwartalnym. Zach\u0119camy do zapoznania si\u0119 z wydaniami Nowin Szpitalnych.\" \/>\n<meta property=\"og:url\" content=\"https:\/\/www.usk.poznan.pl\/ua\/nowiny-szpitalne\/\" \/>\n<meta property=\"og:site_name\" content=\"Uniwersytecki Szpital Kliniczny w Poznaniu\" \/>\n<meta property=\"article:modified_time\" content=\"2026-04-28T06:51:58+00:00\" \/>\n<meta name=\"twitter:card\" content=\"summary_large_image\" \/>\n<meta name=\"twitter:label1\" content=\"\u041f\u0440\u0438\u0431\u043b. \u0447\u0430\u0441 \u0447\u0438\u0442\u0430\u043d\u043d\u044f\" \/>\n\t<meta name=\"twitter:data1\" content=\"1 \u0445\u0432\u0438\u043b\u0438\u043d\u0430\" \/>\n<script type=\"application\/ld+json\" class=\"yoast-schema-graph\">{\"@context\":\"https:\\\/\\\/schema.org\",\"@graph\":[{\"@type\":\"WebPage\",\"@id\":\"https:\\\/\\\/www.usk.poznan.pl\\\/nowiny-szpitalne\\\/\",\"url\":\"https:\\\/\\\/www.usk.poznan.pl\\\/nowiny-szpitalne\\\/\",\"name\":\"Nowiny Szpitalne - Uniwersytecki Szpital Kliniczny w Poznaniu\",\"isPartOf\":{\"@id\":\"https:\\\/\\\/www.usk.poznan.pl\\\/#website\"},\"datePublished\":\"2026-04-22T09:44:32+00:00\",\"dateModified\":\"2026-04-28T06:51:58+00:00\",\"breadcrumb\":{\"@id\":\"https:\\\/\\\/www.usk.poznan.pl\\\/nowiny-szpitalne\\\/#breadcrumb\"},\"inLanguage\":\"uk\",\"potentialAction\":[{\"@type\":\"ReadAction\",\"target\":[\"https:\\\/\\\/www.usk.poznan.pl\\\/nowiny-szpitalne\\\/\"]}]},{\"@type\":\"BreadcrumbList\",\"@id\":\"https:\\\/\\\/www.usk.poznan.pl\\\/nowiny-szpitalne\\\/#breadcrumb\",\"itemListElement\":[{\"@type\":\"ListItem\",\"position\":1,\"name\":\"Strona g\u0142\u00f3wna\",\"item\":\"https:\\\/\\\/www.usk.poznan.pl\\\/\"},{\"@type\":\"ListItem\",\"position\":2,\"name\":\"Nowiny Szpitalne\"}]},{\"@type\":\"WebSite\",\"@id\":\"https:\\\/\\\/www.usk.poznan.pl\\\/#website\",\"url\":\"https:\\\/\\\/www.usk.poznan.pl\\\/\",\"name\":\"Uniwersytecki Szpital Kliniczny w Poznaniu\",\"description\":\"\",\"potentialAction\":[{\"@type\":\"SearchAction\",\"target\":{\"@type\":\"EntryPoint\",\"urlTemplate\":\"https:\\\/\\\/www.usk.poznan.pl\\\/?s={search_term_string}\"},\"query-input\":{\"@type\":\"PropertyValueSpecification\",\"valueRequired\":true,\"valueName\":\"search_term_string\"}}],\"inLanguage\":\"uk\"}]}<\/script>\n<!-- \/ Yoast SEO plugin. -->","yoast_head_json":{"title":"Nowiny Szpitalne - Uniwersytecki Szpital Kliniczny w Poznaniu","robots":{"index":"index","follow":"follow","max-snippet":"max-snippet:-1","max-image-preview":"max-image-preview:large","max-video-preview":"max-video-preview:-1"},"canonical":"https:\/\/www.usk.poznan.pl\/ua\/nowiny-szpitalne\/","og_locale":"uk_UA","og_type":"article","og_title":"Nowiny Szpitalne - Uniwersytecki Szpital Kliniczny w Poznaniu","og_description":"Nowiny Szpitalne Nowiny Szpitalne s\u0105&nbsp;periodykiem, kt\u00f3ry&nbsp;od&nbsp;lat wydawany jest przez&nbsp;Szpital. Skupia si\u0119 on&nbsp;na&nbsp;najistotniejszych osi\u0105gni\u0119ciach w&nbsp;obr\u0119bie dzia\u0142alno\u015bci plac\u00f3wki, przedstawionych najcz\u0119\u015bciej w&nbsp;uj\u0119ciu kwartalnym. Zach\u0119camy do zapoznania si\u0119 z wydaniami Nowin Szpitalnych.","og_url":"https:\/\/www.usk.poznan.pl\/ua\/nowiny-szpitalne\/","og_site_name":"Uniwersytecki Szpital Kliniczny w Poznaniu","article_modified_time":"2026-04-28T06:51:58+00:00","twitter_card":"summary_large_image","twitter_misc":{"\u041f\u0440\u0438\u0431\u043b. \u0447\u0430\u0441 \u0447\u0438\u0442\u0430\u043d\u043d\u044f":"1 \u0445\u0432\u0438\u043b\u0438\u043d\u0430"},"schema":{"@context":"https:\/\/schema.org","@graph":[{"@type":"WebPage","@id":"https:\/\/www.usk.poznan.pl\/nowiny-szpitalne\/","url":"https:\/\/www.usk.poznan.pl\/nowiny-szpitalne\/","name":"Nowiny Szpitalne - Uniwersytecki Szpital Kliniczny w Poznaniu","isPartOf":{"@id":"https:\/\/www.usk.poznan.pl\/#website"},"datePublished":"2026-04-22T09:44:32+00:00","dateModified":"2026-04-28T06:51:58+00:00","breadcrumb":{"@id":"https:\/\/www.usk.poznan.pl\/nowiny-szpitalne\/#breadcrumb"},"inLanguage":"uk","potentialAction":[{"@type":"ReadAction","target":["https:\/\/www.usk.poznan.pl\/nowiny-szpitalne\/"]}]},{"@type":"BreadcrumbList","@id":"https:\/\/www.usk.poznan.pl\/nowiny-szpitalne\/#breadcrumb","itemListElement":[{"@type":"ListItem","position":1,"name":"Strona g\u0142\u00f3wna","item":"https:\/\/www.usk.poznan.pl\/"},{"@type":"ListItem","position":2,"name":"Nowiny Szpitalne"}]},{"@type":"WebSite","@id":"https:\/\/www.usk.poznan.pl\/#website","url":"https:\/\/www.usk.poznan.pl\/","name":"Uniwersytecki Szpital Kliniczny w Poznaniu","description":"","potentialAction":[{"@type":"SearchAction","target":{"@type":"EntryPoint","urlTemplate":"https:\/\/www.usk.poznan.pl\/?s={search_term_string}"},"query-input":{"@type":"PropertyValueSpecification","valueRequired":true,"valueName":"search_term_string"}}],"inLanguage":"uk"}]}},"_links":{"self":[{"href":"https:\/\/www.usk.poznan.pl\/ua\/wp-json\/wp\/v2\/pages\/5974","targetHints":{"allow":["GET"]}}],"collection":[{"href":"https:\/\/www.usk.poznan.pl\/ua\/wp-json\/wp\/v2\/pages"}],"about":[{"href":"https:\/\/www.usk.poznan.pl\/ua\/wp-json\/wp\/v2\/types\/page"}],"author":[{"embeddable":true,"href":"https:\/\/www.usk.poznan.pl\/ua\/wp-json\/wp\/v2\/users\/4"}],"replies":[{"embeddable":true,"href":"https:\/\/www.usk.poznan.pl\/ua\/wp-json\/wp\/v2\/comments?post=5974"}],"version-history":[{"count":9,"href":"https:\/\/www.usk.poznan.pl\/ua\/wp-json\/wp\/v2\/pages\/5974\/revisions"}],"predecessor-version":[{"id":6030,"href":"https:\/\/www.usk.poznan.pl\/ua\/wp-json\/wp\/v2\/pages\/5974\/revisions\/6030"}],"wp:attachment":[{"href":"https:\/\/www.usk.poznan.pl\/ua\/wp-json\/wp\/v2\/media?parent=5974"}],"curies":[{"name":"wp","href":"https:\/\/api.w.org\/{rel}","templated":true}]}}