{"id":399,"date":"2025-10-15T17:06:32","date_gmt":"2025-10-15T15:06:32","guid":{"rendered":"https:\/\/usk.empressia.dev\/?page_id=399"},"modified":"2026-02-11T07:47:17","modified_gmt":"2026-02-11T06:47:17","slug":"informacja-o-oplatach","status":"publish","type":"page","link":"https:\/\/www.usk.poznan.pl\/ua\/dokumentacja-medyczna\/informacja-o-oplatach\/","title":{"rendered":"Informacja o op\u0142atach"},"content":{"rendered":"<h3 class=\"wp-block-heading\">Forma udost\u0119pniania dokumentacji<\/h3>\n\n\n\n<ul class=\"wp-block-list\">\n<li>w formie kopii (wyci\u0105gu, odpisu, wydruku) potwierdzonej za zgodno\u015b\u0107 z orygina\u0142em<\/li>\n\n\n\n<li>no\u015bnik\u00f3w danych (badania radiologiczne)<\/li>\n\n\n\n<li>do wgl\u0105du &#8211; w siedzibie Szpitala<\/li>\n<\/ul>\n\n\n\n<h3 class=\"wp-block-heading\">Koszty udost\u0119pniania dokumentacji<\/h3>\n\n\n\n<ul class=\"wp-block-list\">\n<li>Jedna strona kopii \u2013&nbsp;0,44 z\u0142<\/li>\n\n\n\n<li>Op\u0142aty <strong>nie pobiera<\/strong> si\u0119 w przypadku udost\u0119pnienia dokumentacji medycznej pacjentowi albo jego przedstawicielowi ustawowemu <strong>po raz pierwszy<\/strong> w \u017c\u0105danym zakresie.<\/li>\n<\/ul>\n\n\n<div style=\"height: clamp(1rem, 5vw, 5.6rem);\" aria-hidden=\"true\"><\/div>\n\n\n  <section class=\"download-files  is-style-no-margin\">\n          \n\t<h3 class=\"\">\n\n\t\tPliki do pobrania\n\n\t<\/h3>\n\n    \n    <ul class=\"unstyled-list mt-32 space-y-24\">\n              <li class=\"pl-0!\">\n          \n\n\n<a href=\"https:\/\/www.usk.poznan.pl\/wp-content\/uploads\/2026\/01\/2026_01_01_zal.-nr-3_cennik-dokumentacja-medyczna-1.pdf\" class=\"group\/file flex flex-col md:flex-row md:items-center gap-16 md:gap-40 rounded-8 p-24 md:py-32 md:px-40 border border-neutral-100 hover:shadow\" download>\n\t<span class=\"shrink-0 text-primary font-semibold uppercase  md:min-w-50\">pdf<\/span>\n\t<div class=\"grow\">\n\t\t<p class=\"text-primary-100 font-semibold group-hover\/file:text-secondary-50 transition-colors duration-300 ease-in-out\">Op\u0142ata za dokumentacje medyczn\u0105<\/p>\n\t\t\t<\/div>\n\t<span class=\"size-40 rounded-full bg-secondary-50 text-white grid place-content-center shrink-0\"><svg xmlns=\"http:\/\/www.w3.org\/2000\/svg\" width=\"24\" height=\"24\" viewbox=\"0 0 24 24\" fill=\"none\">\n\t<path d=\"M6.39844 10.7996L11.9984 16.3996M11.9984 16.3996L17.5984 10.7996M11.9984 16.3996V0.498048\" stroke=\"currentColor\" stroke-width=\"2.5\"\/>\n\t<path d=\"M2 22L22 22\" stroke=\"currentColor\" stroke-width=\"2.5\"\/>\n<\/svg>\n<\/span>\n<\/a>\n        <\/li>\n          <\/ul>\n  <\/section>","protected":false},"excerpt":{"rendered":"Forma udost\u0119pniania dokumentacji Koszty udost\u0119pniania dokumentacji","protected":false},"author":1,"featured_media":0,"parent":384,"menu_order":76,"comment_status":"closed","ping_status":"closed","template":"","meta":{"_acf_changed":false,"footnotes":""},"class_list":["post-399","page","type-page","status-publish","hentry"],"acf":[],"yoast_head":"<!-- This site is optimized with the Yoast SEO plugin v27.5 - https:\/\/yoast.com\/product\/yoast-seo-wordpress\/ -->\n<title>Informacja o op\u0142atach - Uniwersytecki Szpital Kliniczny w Poznaniu<\/title>\n<meta name=\"robots\" content=\"index, follow, max-snippet:-1, max-image-preview:large, max-video-preview:-1\" \/>\n<link rel=\"canonical\" href=\"https:\/\/www.usk.poznan.pl\/ua\/dokumentacja-medyczna\/informacja-o-oplatach\/\" \/>\n<meta property=\"og:locale\" content=\"uk_UA\" \/>\n<meta property=\"og:type\" content=\"article\" \/>\n<meta property=\"og:title\" content=\"Informacja o op\u0142atach - Uniwersytecki Szpital Kliniczny w Poznaniu\" \/>\n<meta property=\"og:description\" content=\"Forma udost\u0119pniania dokumentacji Koszty udost\u0119pniania dokumentacji\" \/>\n<meta property=\"og:url\" content=\"https:\/\/www.usk.poznan.pl\/ua\/dokumentacja-medyczna\/informacja-o-oplatach\/\" \/>\n<meta property=\"og:site_name\" content=\"Uniwersytecki Szpital Kliniczny w Poznaniu\" \/>\n<meta property=\"article:modified_time\" content=\"2026-02-11T06:47:17+00:00\" \/>\n<meta name=\"twitter:card\" content=\"summary_large_image\" \/>\n<meta name=\"twitter:label1\" content=\"\u041f\u0440\u0438\u0431\u043b. \u0447\u0430\u0441 \u0447\u0438\u0442\u0430\u043d\u043d\u044f\" \/>\n\t<meta name=\"twitter:data1\" content=\"1 \u0445\u0432\u0438\u043b\u0438\u043d\u0430\" \/>\n<script type=\"application\/ld+json\" class=\"yoast-schema-graph\">{\"@context\":\"https:\\\/\\\/schema.org\",\"@graph\":[{\"@type\":\"WebPage\",\"@id\":\"https:\\\/\\\/www.usk.poznan.pl\\\/dokumentacja-medyczna\\\/informacja-o-oplatach\\\/\",\"url\":\"https:\\\/\\\/www.usk.poznan.pl\\\/dokumentacja-medyczna\\\/informacja-o-oplatach\\\/\",\"name\":\"Informacja o op\u0142atach - Uniwersytecki Szpital Kliniczny w Poznaniu\",\"isPartOf\":{\"@id\":\"https:\\\/\\\/www.usk.poznan.pl\\\/#website\"},\"datePublished\":\"2025-10-15T15:06:32+00:00\",\"dateModified\":\"2026-02-11T06:47:17+00:00\",\"breadcrumb\":{\"@id\":\"https:\\\/\\\/www.usk.poznan.pl\\\/dokumentacja-medyczna\\\/informacja-o-oplatach\\\/#breadcrumb\"},\"inLanguage\":\"uk\",\"potentialAction\":[{\"@type\":\"ReadAction\",\"target\":[\"https:\\\/\\\/www.usk.poznan.pl\\\/dokumentacja-medyczna\\\/informacja-o-oplatach\\\/\"]}]},{\"@type\":\"BreadcrumbList\",\"@id\":\"https:\\\/\\\/www.usk.poznan.pl\\\/dokumentacja-medyczna\\\/informacja-o-oplatach\\\/#breadcrumb\",\"itemListElement\":[{\"@type\":\"ListItem\",\"position\":1,\"name\":\"Strona g\u0142\u00f3wna\",\"item\":\"https:\\\/\\\/www.usk.poznan.pl\\\/\"},{\"@type\":\"ListItem\",\"position\":2,\"name\":\"Dokumentacja medyczna\",\"item\":\"https:\\\/\\\/www.usk.poznan.pl\\\/ua\\\/dokumentacja-medyczna\\\/\"},{\"@type\":\"ListItem\",\"position\":3,\"name\":\"Informacja o&nbsp;op\u0142atach\"}]},{\"@type\":\"WebSite\",\"@id\":\"https:\\\/\\\/www.usk.poznan.pl\\\/#website\",\"url\":\"https:\\\/\\\/www.usk.poznan.pl\\\/\",\"name\":\"Uniwersytecki Szpital Kliniczny w Poznaniu\",\"description\":\"\",\"potentialAction\":[{\"@type\":\"SearchAction\",\"target\":{\"@type\":\"EntryPoint\",\"urlTemplate\":\"https:\\\/\\\/www.usk.poznan.pl\\\/?s={search_term_string}\"},\"query-input\":{\"@type\":\"PropertyValueSpecification\",\"valueRequired\":true,\"valueName\":\"search_term_string\"}}],\"inLanguage\":\"uk\"}]}<\/script>\n<!-- \/ Yoast SEO plugin. -->","yoast_head_json":{"title":"Informacja o op\u0142atach - Uniwersytecki Szpital Kliniczny w Poznaniu","robots":{"index":"index","follow":"follow","max-snippet":"max-snippet:-1","max-image-preview":"max-image-preview:large","max-video-preview":"max-video-preview:-1"},"canonical":"https:\/\/www.usk.poznan.pl\/ua\/dokumentacja-medyczna\/informacja-o-oplatach\/","og_locale":"uk_UA","og_type":"article","og_title":"Informacja o op\u0142atach - Uniwersytecki Szpital Kliniczny w Poznaniu","og_description":"Forma udost\u0119pniania dokumentacji Koszty udost\u0119pniania dokumentacji","og_url":"https:\/\/www.usk.poznan.pl\/ua\/dokumentacja-medyczna\/informacja-o-oplatach\/","og_site_name":"Uniwersytecki Szpital Kliniczny w Poznaniu","article_modified_time":"2026-02-11T06:47:17+00:00","twitter_card":"summary_large_image","twitter_misc":{"\u041f\u0440\u0438\u0431\u043b. \u0447\u0430\u0441 \u0447\u0438\u0442\u0430\u043d\u043d\u044f":"1 \u0445\u0432\u0438\u043b\u0438\u043d\u0430"},"schema":{"@context":"https:\/\/schema.org","@graph":[{"@type":"WebPage","@id":"https:\/\/www.usk.poznan.pl\/dokumentacja-medyczna\/informacja-o-oplatach\/","url":"https:\/\/www.usk.poznan.pl\/dokumentacja-medyczna\/informacja-o-oplatach\/","name":"Informacja o op\u0142atach - Uniwersytecki Szpital Kliniczny w Poznaniu","isPartOf":{"@id":"https:\/\/www.usk.poznan.pl\/#website"},"datePublished":"2025-10-15T15:06:32+00:00","dateModified":"2026-02-11T06:47:17+00:00","breadcrumb":{"@id":"https:\/\/www.usk.poznan.pl\/dokumentacja-medyczna\/informacja-o-oplatach\/#breadcrumb"},"inLanguage":"uk","potentialAction":[{"@type":"ReadAction","target":["https:\/\/www.usk.poznan.pl\/dokumentacja-medyczna\/informacja-o-oplatach\/"]}]},{"@type":"BreadcrumbList","@id":"https:\/\/www.usk.poznan.pl\/dokumentacja-medyczna\/informacja-o-oplatach\/#breadcrumb","itemListElement":[{"@type":"ListItem","position":1,"name":"Strona g\u0142\u00f3wna","item":"https:\/\/www.usk.poznan.pl\/"},{"@type":"ListItem","position":2,"name":"Dokumentacja medyczna","item":"https:\/\/www.usk.poznan.pl\/ua\/dokumentacja-medyczna\/"},{"@type":"ListItem","position":3,"name":"Informacja o&nbsp;op\u0142atach"}]},{"@type":"WebSite","@id":"https:\/\/www.usk.poznan.pl\/#website","url":"https:\/\/www.usk.poznan.pl\/","name":"Uniwersytecki Szpital Kliniczny w Poznaniu","description":"","potentialAction":[{"@type":"SearchAction","target":{"@type":"EntryPoint","urlTemplate":"https:\/\/www.usk.poznan.pl\/?s={search_term_string}"},"query-input":{"@type":"PropertyValueSpecification","valueRequired":true,"valueName":"search_term_string"}}],"inLanguage":"uk"}]}},"_links":{"self":[{"href":"https:\/\/www.usk.poznan.pl\/ua\/wp-json\/wp\/v2\/pages\/399","targetHints":{"allow":["GET"]}}],"collection":[{"href":"https:\/\/www.usk.poznan.pl\/ua\/wp-json\/wp\/v2\/pages"}],"about":[{"href":"https:\/\/www.usk.poznan.pl\/ua\/wp-json\/wp\/v2\/types\/page"}],"author":[{"embeddable":true,"href":"https:\/\/www.usk.poznan.pl\/ua\/wp-json\/wp\/v2\/users\/1"}],"replies":[{"embeddable":true,"href":"https:\/\/www.usk.poznan.pl\/ua\/wp-json\/wp\/v2\/comments?post=399"}],"version-history":[{"count":17,"href":"https:\/\/www.usk.poznan.pl\/ua\/wp-json\/wp\/v2\/pages\/399\/revisions"}],"predecessor-version":[{"id":4654,"href":"https:\/\/www.usk.poznan.pl\/ua\/wp-json\/wp\/v2\/pages\/399\/revisions\/4654"}],"up":[{"embeddable":true,"href":"https:\/\/www.usk.poznan.pl\/ua\/wp-json\/wp\/v2\/pages\/384"}],"wp:attachment":[{"href":"https:\/\/www.usk.poznan.pl\/ua\/wp-json\/wp\/v2\/media?parent=399"}],"curies":[{"name":"wp","href":"https:\/\/api.w.org\/{rel}","templated":true}]}}