{"id":384,"date":"2025-10-15T16:53:58","date_gmt":"2025-10-15T14:53:58","guid":{"rendered":"https:\/\/usk.empressia.dev\/?page_id=384"},"modified":"2026-02-11T07:46:32","modified_gmt":"2026-02-11T06:46:32","slug":"dokumentacja-medyczna","status":"publish","type":"page","link":"https:\/\/www.usk.poznan.pl\/ua\/dokumentacja-medyczna\/","title":{"rendered":"Dokumentacja medyczna"},"content":{"rendered":"<nav class=\"navigation-grid grid lg:grid-cols-2 gap-32 mt-48  is-style-no-margin\">\n\t\t\t\t\t<a href=\"https:\/\/www.usk.poznan.pl\/ua\/dokumentacja-medyczna\/informacja-o-dokumentacji-medycznej\/\" target=\"\" class=\"group\/link flex flex-col md:flex-row md:items-center md:justify-between gap-24 bg-primary-10 hover:bg-primary-50 rounded-8 p-24 md:px-48 md:py-32\">\n\t\t\t\t<p class=\"flex flex-col space-y-4\">\n\t\t\t\t\t<span class=\"h4 group-hover\/link:text-white transition-colors duration-300 ease-in-out\">Informacja o dokumentacji medycznej<\/span>\n\t\t\t\t\t<span class=\"group-hover\/link:text-white transition-colors duration-300 ease-in-out\"><\/span>\n\t\t\t\t<\/p>\n\t\t\t\t<span class=\"size-40 rounded-full border border-secondary-50 grid place-content-center text-secondary-50 shrink-0\"><svg xmlns=\"http:\/\/www.w3.org\/2000\/svg\" width=\"11\" height=\"18\" viewbox=\"0 0 11 18\" fill=\"none\">\n\t<path d=\"M1.5 16L8.5 9L1.5 2\" stroke=\"currentColor\" stroke-width=\"3\"\/>\n<\/svg>\n<\/span>\n\t\t\t<\/a>\n\t\t\t\t\t<a href=\"https:\/\/www.usk.poznan.pl\/ua\/dokumentacja-medyczna\/informacja-o-oplatach\/\" target=\"\" class=\"group\/link flex flex-col md:flex-row md:items-center md:justify-between gap-24 bg-primary-10 hover:bg-primary-50 rounded-8 p-24 md:px-48 md:py-32\">\n\t\t\t\t<p class=\"flex flex-col space-y-4\">\n\t\t\t\t\t<span class=\"h4 group-hover\/link:text-white transition-colors duration-300 ease-in-out\">Informacja o op\u0142atach za dokumentacj\u0119 medyczn\u0105<\/span>\n\t\t\t\t\t<span class=\"group-hover\/link:text-white transition-colors duration-300 ease-in-out\"><\/span>\n\t\t\t\t<\/p>\n\t\t\t\t<span class=\"size-40 rounded-full border border-secondary-50 grid place-content-center text-secondary-50 shrink-0\"><svg xmlns=\"http:\/\/www.w3.org\/2000\/svg\" width=\"11\" height=\"18\" viewbox=\"0 0 11 18\" fill=\"none\">\n\t<path d=\"M1.5 16L8.5 9L1.5 2\" stroke=\"currentColor\" stroke-width=\"3\"\/>\n<\/svg>\n<\/span>\n\t\t\t<\/a>\n\t\t\t\t\t<a href=\"https:\/\/www.usk.poznan.pl\/ua\/dokumentacja-medyczna\/udostepnianie\/\" target=\"\" class=\"group\/link flex flex-col md:flex-row md:items-center md:justify-between gap-24 bg-primary-10 hover:bg-primary-50 rounded-8 p-24 md:px-48 md:py-32\">\n\t\t\t\t<p class=\"flex flex-col space-y-4\">\n\t\t\t\t\t<span class=\"h4 group-hover\/link:text-white transition-colors duration-300 ease-in-out\">Udost\u0119pnianie<\/span>\n\t\t\t\t\t<span class=\"group-hover\/link:text-white transition-colors duration-300 ease-in-out\"><\/span>\n\t\t\t\t<\/p>\n\t\t\t\t<span class=\"size-40 rounded-full border border-secondary-50 grid place-content-center text-secondary-50 shrink-0\"><svg xmlns=\"http:\/\/www.w3.org\/2000\/svg\" width=\"11\" height=\"18\" viewbox=\"0 0 11 18\" fill=\"none\">\n\t<path d=\"M1.5 16L8.5 9L1.5 2\" stroke=\"currentColor\" stroke-width=\"3\"\/>\n<\/svg>\n<\/span>\n\t\t\t<\/a>\n\t\t\t\t\t<a href=\"https:\/\/www.usk.poznan.pl\/ua\/dokumentacja-medyczna\/druki-do-pobran\/\" target=\"\" class=\"group\/link flex flex-col md:flex-row md:items-center md:justify-between gap-24 bg-primary-10 hover:bg-primary-50 rounded-8 p-24 md:px-48 md:py-32\">\n\t\t\t\t<p class=\"flex flex-col space-y-4\">\n\t\t\t\t\t<span class=\"h4 group-hover\/link:text-white transition-colors duration-300 ease-in-out\">Druki do pobrania<\/span>\n\t\t\t\t\t<span class=\"group-hover\/link:text-white transition-colors duration-300 ease-in-out\"><\/span>\n\t\t\t\t<\/p>\n\t\t\t\t<span class=\"size-40 rounded-full border border-secondary-50 grid place-content-center text-secondary-50 shrink-0\"><svg xmlns=\"http:\/\/www.w3.org\/2000\/svg\" width=\"11\" height=\"18\" viewbox=\"0 0 11 18\" fill=\"none\">\n\t<path d=\"M1.5 16L8.5 9L1.5 2\" stroke=\"currentColor\" stroke-width=\"3\"\/>\n<\/svg>\n<\/span>\n\t\t\t<\/a>\n\t\t\t<\/nav>\n\n\n\n<p><\/p>","protected":false},"excerpt":{"rendered":"","protected":false},"author":1,"featured_media":0,"parent":0,"menu_order":73,"comment_status":"closed","ping_status":"closed","template":"","meta":{"_acf_changed":false,"footnotes":""},"class_list":["post-384","page","type-page","status-publish","hentry"],"acf":[],"yoast_head":"<!-- This site is optimized with the Yoast SEO plugin v27.5 - https:\/\/yoast.com\/product\/yoast-seo-wordpress\/ -->\n<title>Dokumentacja medyczna - Uniwersytecki Szpital Kliniczny w Poznaniu<\/title>\n<meta name=\"robots\" content=\"index, follow, max-snippet:-1, max-image-preview:large, max-video-preview:-1\" \/>\n<link rel=\"canonical\" href=\"https:\/\/www.usk.poznan.pl\/ua\/dokumentacja-medyczna\/\" \/>\n<meta property=\"og:locale\" content=\"uk_UA\" \/>\n<meta property=\"og:type\" content=\"article\" \/>\n<meta property=\"og:title\" content=\"Dokumentacja medyczna - Uniwersytecki Szpital Kliniczny w Poznaniu\" \/>\n<meta property=\"og:url\" content=\"https:\/\/www.usk.poznan.pl\/ua\/dokumentacja-medyczna\/\" \/>\n<meta property=\"og:site_name\" content=\"Uniwersytecki Szpital Kliniczny w Poznaniu\" \/>\n<meta property=\"article:modified_time\" content=\"2026-02-11T06:46:32+00:00\" \/>\n<meta name=\"twitter:card\" content=\"summary_large_image\" \/>\n<script type=\"application\/ld+json\" class=\"yoast-schema-graph\">{\"@context\":\"https:\\\/\\\/schema.org\",\"@graph\":[{\"@type\":\"WebPage\",\"@id\":\"https:\\\/\\\/www.usk.poznan.pl\\\/ua\\\/dokumentacja-medyczna\\\/\",\"url\":\"https:\\\/\\\/www.usk.poznan.pl\\\/ua\\\/dokumentacja-medyczna\\\/\",\"name\":\"Dokumentacja medyczna - Uniwersytecki Szpital Kliniczny w Poznaniu\",\"isPartOf\":{\"@id\":\"https:\\\/\\\/www.usk.poznan.pl\\\/#website\"},\"datePublished\":\"2025-10-15T14:53:58+00:00\",\"dateModified\":\"2026-02-11T06:46:32+00:00\",\"breadcrumb\":{\"@id\":\"https:\\\/\\\/www.usk.poznan.pl\\\/ua\\\/dokumentacja-medyczna\\\/#breadcrumb\"},\"inLanguage\":\"uk\",\"potentialAction\":[{\"@type\":\"ReadAction\",\"target\":[\"https:\\\/\\\/www.usk.poznan.pl\\\/ua\\\/dokumentacja-medyczna\\\/\"]}]},{\"@type\":\"BreadcrumbList\",\"@id\":\"https:\\\/\\\/www.usk.poznan.pl\\\/ua\\\/dokumentacja-medyczna\\\/#breadcrumb\",\"itemListElement\":[{\"@type\":\"ListItem\",\"position\":1,\"name\":\"Strona g\u0142\u00f3wna\",\"item\":\"https:\\\/\\\/www.usk.poznan.pl\\\/\"},{\"@type\":\"ListItem\",\"position\":2,\"name\":\"Dokumentacja medyczna\"}]},{\"@type\":\"WebSite\",\"@id\":\"https:\\\/\\\/www.usk.poznan.pl\\\/#website\",\"url\":\"https:\\\/\\\/www.usk.poznan.pl\\\/\",\"name\":\"Uniwersytecki Szpital Kliniczny w Poznaniu\",\"description\":\"\",\"potentialAction\":[{\"@type\":\"SearchAction\",\"target\":{\"@type\":\"EntryPoint\",\"urlTemplate\":\"https:\\\/\\\/www.usk.poznan.pl\\\/?s={search_term_string}\"},\"query-input\":{\"@type\":\"PropertyValueSpecification\",\"valueRequired\":true,\"valueName\":\"search_term_string\"}}],\"inLanguage\":\"uk\"}]}<\/script>\n<!-- \/ Yoast SEO plugin. -->","yoast_head_json":{"title":"Dokumentacja medyczna - Uniwersytecki Szpital Kliniczny w Poznaniu","robots":{"index":"index","follow":"follow","max-snippet":"max-snippet:-1","max-image-preview":"max-image-preview:large","max-video-preview":"max-video-preview:-1"},"canonical":"https:\/\/www.usk.poznan.pl\/ua\/dokumentacja-medyczna\/","og_locale":"uk_UA","og_type":"article","og_title":"Dokumentacja medyczna - Uniwersytecki Szpital Kliniczny w Poznaniu","og_url":"https:\/\/www.usk.poznan.pl\/ua\/dokumentacja-medyczna\/","og_site_name":"Uniwersytecki Szpital Kliniczny w Poznaniu","article_modified_time":"2026-02-11T06:46:32+00:00","twitter_card":"summary_large_image","schema":{"@context":"https:\/\/schema.org","@graph":[{"@type":"WebPage","@id":"https:\/\/www.usk.poznan.pl\/ua\/dokumentacja-medyczna\/","url":"https:\/\/www.usk.poznan.pl\/ua\/dokumentacja-medyczna\/","name":"Dokumentacja medyczna - Uniwersytecki Szpital Kliniczny w Poznaniu","isPartOf":{"@id":"https:\/\/www.usk.poznan.pl\/#website"},"datePublished":"2025-10-15T14:53:58+00:00","dateModified":"2026-02-11T06:46:32+00:00","breadcrumb":{"@id":"https:\/\/www.usk.poznan.pl\/ua\/dokumentacja-medyczna\/#breadcrumb"},"inLanguage":"uk","potentialAction":[{"@type":"ReadAction","target":["https:\/\/www.usk.poznan.pl\/ua\/dokumentacja-medyczna\/"]}]},{"@type":"BreadcrumbList","@id":"https:\/\/www.usk.poznan.pl\/ua\/dokumentacja-medyczna\/#breadcrumb","itemListElement":[{"@type":"ListItem","position":1,"name":"Strona g\u0142\u00f3wna","item":"https:\/\/www.usk.poznan.pl\/"},{"@type":"ListItem","position":2,"name":"Dokumentacja medyczna"}]},{"@type":"WebSite","@id":"https:\/\/www.usk.poznan.pl\/#website","url":"https:\/\/www.usk.poznan.pl\/","name":"Uniwersytecki Szpital Kliniczny w Poznaniu","description":"","potentialAction":[{"@type":"SearchAction","target":{"@type":"EntryPoint","urlTemplate":"https:\/\/www.usk.poznan.pl\/?s={search_term_string}"},"query-input":{"@type":"PropertyValueSpecification","valueRequired":true,"valueName":"search_term_string"}}],"inLanguage":"uk"}]}},"_links":{"self":[{"href":"https:\/\/www.usk.poznan.pl\/ua\/wp-json\/wp\/v2\/pages\/384","targetHints":{"allow":["GET"]}}],"collection":[{"href":"https:\/\/www.usk.poznan.pl\/ua\/wp-json\/wp\/v2\/pages"}],"about":[{"href":"https:\/\/www.usk.poznan.pl\/ua\/wp-json\/wp\/v2\/types\/page"}],"author":[{"embeddable":true,"href":"https:\/\/www.usk.poznan.pl\/ua\/wp-json\/wp\/v2\/users\/1"}],"replies":[{"embeddable":true,"href":"https:\/\/www.usk.poznan.pl\/ua\/wp-json\/wp\/v2\/comments?post=384"}],"version-history":[{"count":13,"href":"https:\/\/www.usk.poznan.pl\/ua\/wp-json\/wp\/v2\/pages\/384\/revisions"}],"predecessor-version":[{"id":4650,"href":"https:\/\/www.usk.poznan.pl\/ua\/wp-json\/wp\/v2\/pages\/384\/revisions\/4650"}],"wp:attachment":[{"href":"https:\/\/www.usk.poznan.pl\/ua\/wp-json\/wp\/v2\/media?parent=384"}],"curies":[{"name":"wp","href":"https:\/\/api.w.org\/{rel}","templated":true}]}}