{"id":2466,"date":"2025-12-19T16:29:37","date_gmt":"2025-12-19T15:29:37","guid":{"rendered":"https:\/\/usk.empressia.dev\/?page_id=2466"},"modified":"2026-02-10T15:19:03","modified_gmt":"2026-02-10T14:19:03","slug":"certyfikaty-i-akredytacje","status":"publish","type":"page","link":"https:\/\/www.usk.poznan.pl\/ua\/certyfikaty-i-akredytacje\/","title":{"rendered":"Certyfikaty i akredytacje"},"content":{"rendered":"<h2 class=\"wp-block-heading h3\">Akredytacja<\/h2>\n\n\n\n<p>Uniwersytecki Szpital Kliniczny w Poznaniu jest szpitalem akredytowanym.<\/p>\n\n\n\n<p>Akredytacja Centrum Monitorowania Jako\u015bci bardzo szczeg\u00f3\u0142owo okre\u015bla wymagania dla jednostek \u015bwiadcz\u0105cych us\u0142ugi zdrowotne. System zbudowany w odpowiedzi na wymogi akredytacyjne z ca\u0142\u0105 pewno\u015bci\u0105 jest bardziej bezpieczny, uzbrojony w mechanizmy reakcji na r\u00f3\u017cnorodne sytuacje.<\/p>\n\n\n\n<h2 class=\"wp-block-heading h3\">O systemie zarz\u0105dzania jako\u015bci\u0105<\/h2>\n\n\n\n<p>ISO \u2013 System Zarz\u0105dzania Jako\u015bci\u0105 certyfikowany na zgodno\u015b\u0107 z norm\u0105 EN ISO 9001:2015<\/p>\n\n\n\n<p>System zarz\u0105dzania jako\u015bci\u0105 to og\u00f3\u0142 standard\u00f3w ubezpieczaj\u0105cych proces leczenia i opieki, tworzonych w zgodzie z najlepsz\u0105 wiedz\u0105 medyczn\u0105, organizacyjn\u0105 oraz wymaganiami prawa, gwarantuj\u0105cych bezpiecze\u0144stwo pacjentom i pracownikom, zaprowadzaj\u0105cych \u0142ad organizacyjny w szpitalu.<\/p>\n\n\n\n<p>System oznacza kompatybilny, komplementarny i zdrowy mechanizm, eliminuj\u0105cy medyczne zdarzenia niepo\u017c\u0105dane i b\u0142\u0119dy organizacyjne.<\/p>\n\n\n\n<p>Tworz\u0105c nowe rozwi\u0105zania, doskonal\u0105c ju\u017c istniej\u0105ce, budujemy system bezpieczny, przejrzysty, przyjazny pracownikom i pacjentom. System zarzadzania jako\u015bci\u0105 szczeg\u00f3\u0142owo zosta\u0142 opisany w dokumencie Ksi\u0119ga Jako\u015bci Deklaracj\u0119 jako\u015bci us\u0142ug \u015bwiadczonych na rzecz Pacjenta zawarta jest w Polityce Jako\u015bci Szpitala.<\/p>\n\n\n\n<h2 class=\"wp-block-heading h3\">Pliki do pobrania<\/h2>\n\n\n  <section class=\"download-files  is-style-no-margin\">\n    \n    <ul class=\"unstyled-list mt-32 space-y-24\">\n              <li class=\"pl-0!\">\n          \n\n\n<a href=\"https:\/\/www.usk.poznan.pl\/wp-content\/uploads\/2026\/01\/CERTYFIKAT-AKREDYTACYJNY-2023-49-USK-Poznan_12385255_12841565-1.pdf\" class=\"group\/file flex flex-col md:flex-row md:items-center gap-16 md:gap-40 rounded-8 p-24 md:py-32 md:px-40 border border-neutral-100 hover:shadow\" download>\n\t<span class=\"shrink-0 text-primary font-semibold uppercase  md:min-w-50\">pdf<\/span>\n\t<div class=\"grow\">\n\t\t<p class=\"text-primary-100 font-semibold group-hover\/file:text-secondary-50 transition-colors duration-300 ease-in-out\">Certyfikat Akredytacyjny 2023-49 USK Pozna\u0144<\/p>\n\t\t\t<\/div>\n\t<span class=\"size-40 rounded-full bg-secondary-50 text-white grid place-content-center shrink-0\"><svg xmlns=\"http:\/\/www.w3.org\/2000\/svg\" width=\"24\" height=\"24\" viewbox=\"0 0 24 24\" fill=\"none\">\n\t<path d=\"M6.39844 10.7996L11.9984 16.3996M11.9984 16.3996L17.5984 10.7996M11.9984 16.3996V0.498048\" stroke=\"currentColor\" stroke-width=\"2.5\"\/>\n\t<path d=\"M2 22L22 22\" stroke=\"currentColor\" stroke-width=\"2.5\"\/>\n<\/svg>\n<\/span>\n<\/a>\n        <\/li>\n              <li class=\"pl-0!\">\n          \n\n\n<a href=\"https:\/\/www.usk.poznan.pl\/wp-content\/uploads\/2026\/01\/ISO_9001-POL-C771572-1-20250919.pdf\" class=\"group\/file flex flex-col md:flex-row md:items-center gap-16 md:gap-40 rounded-8 p-24 md:py-32 md:px-40 border border-neutral-100 hover:shadow\" download>\n\t<span class=\"shrink-0 text-primary font-semibold uppercase  md:min-w-50\">pdf<\/span>\n\t<div class=\"grow\">\n\t\t<p class=\"text-primary-100 font-semibold group-hover\/file:text-secondary-50 transition-colors duration-300 ease-in-out\">ISO_9001-POL-C771572-1-20250919<\/p>\n\t\t\t<\/div>\n\t<span class=\"size-40 rounded-full bg-secondary-50 text-white grid place-content-center shrink-0\"><svg xmlns=\"http:\/\/www.w3.org\/2000\/svg\" width=\"24\" height=\"24\" viewbox=\"0 0 24 24\" fill=\"none\">\n\t<path d=\"M6.39844 10.7996L11.9984 16.3996M11.9984 16.3996L17.5984 10.7996M11.9984 16.3996V0.498048\" stroke=\"currentColor\" stroke-width=\"2.5\"\/>\n\t<path d=\"M2 22L22 22\" stroke=\"currentColor\" stroke-width=\"2.5\"\/>\n<\/svg>\n<\/span>\n<\/a>\n        <\/li>\n              <li class=\"pl-0!\">\n          \n\n\n<a href=\"https:\/\/www.usk.poznan.pl\/wp-content\/uploads\/2026\/01\/ISO_9001-ENG-C771572-1-20250919.pdf\" class=\"group\/file flex flex-col md:flex-row md:items-center gap-16 md:gap-40 rounded-8 p-24 md:py-32 md:px-40 border border-neutral-100 hover:shadow\" download>\n\t<span class=\"shrink-0 text-primary font-semibold uppercase  md:min-w-50\">pdf<\/span>\n\t<div class=\"grow\">\n\t\t<p class=\"text-primary-100 font-semibold group-hover\/file:text-secondary-50 transition-colors duration-300 ease-in-out\">ISO_9001-ENG-C771572-1-20250919<\/p>\n\t\t\t<\/div>\n\t<span class=\"size-40 rounded-full bg-secondary-50 text-white grid place-content-center shrink-0\"><svg xmlns=\"http:\/\/www.w3.org\/2000\/svg\" width=\"24\" height=\"24\" viewbox=\"0 0 24 24\" fill=\"none\">\n\t<path d=\"M6.39844 10.7996L11.9984 16.3996M11.9984 16.3996L17.5984 10.7996M11.9984 16.3996V0.498048\" stroke=\"currentColor\" stroke-width=\"2.5\"\/>\n\t<path d=\"M2 22L22 22\" stroke=\"currentColor\" stroke-width=\"2.5\"\/>\n<\/svg>\n<\/span>\n<\/a>\n        <\/li>\n          <\/ul>\n  <\/section>","protected":false},"excerpt":{"rendered":"Akredytacja Uniwersytecki Szpital Kliniczny w Poznaniu jest szpitalem akredytowanym. Akredytacja Centrum Monitorowania Jako\u015bci bardzo szczeg\u00f3\u0142owo okre\u015bla wymagania dla jednostek \u015bwiadcz\u0105cych us\u0142ugi zdrowotne. System zbudowany w odpowiedzi na wymogi akredytacyjne z ca\u0142\u0105 pewno\u015bci\u0105 jest bardziej bezpieczny, uzbrojony w mechanizmy reakcji na r\u00f3\u017cnorodne sytuacje. O systemie zarz\u0105dzania jako\u015bci\u0105 ISO \u2013 System Zarz\u0105dzania Jako\u015bci\u0105 certyfikowany na zgodno\u015b\u0107 z [&hellip;]","protected":false},"author":1,"featured_media":0,"parent":0,"menu_order":0,"comment_status":"closed","ping_status":"closed","template":"","meta":{"_acf_changed":false,"footnotes":""},"class_list":["post-2466","page","type-page","status-publish","hentry"],"acf":[],"yoast_head":"<!-- This site is optimized with the Yoast SEO plugin v27.5 - https:\/\/yoast.com\/product\/yoast-seo-wordpress\/ -->\n<title>Certyfikaty i akredytacje - Uniwersytecki Szpital Kliniczny w Poznaniu<\/title>\n<meta name=\"robots\" content=\"index, follow, max-snippet:-1, max-image-preview:large, max-video-preview:-1\" \/>\n<link rel=\"canonical\" href=\"https:\/\/www.usk.poznan.pl\/ua\/certyfikaty-i-akredytacje\/\" \/>\n<meta property=\"og:locale\" content=\"uk_UA\" \/>\n<meta property=\"og:type\" content=\"article\" \/>\n<meta property=\"og:title\" content=\"Certyfikaty i akredytacje - Uniwersytecki Szpital Kliniczny w Poznaniu\" \/>\n<meta property=\"og:description\" content=\"Akredytacja Uniwersytecki Szpital Kliniczny w Poznaniu jest szpitalem akredytowanym. Akredytacja Centrum Monitorowania Jako\u015bci bardzo szczeg\u00f3\u0142owo okre\u015bla wymagania dla jednostek \u015bwiadcz\u0105cych us\u0142ugi zdrowotne. System zbudowany w odpowiedzi na wymogi akredytacyjne z ca\u0142\u0105 pewno\u015bci\u0105 jest bardziej bezpieczny, uzbrojony w mechanizmy reakcji na r\u00f3\u017cnorodne sytuacje. O systemie zarz\u0105dzania jako\u015bci\u0105 ISO \u2013 System Zarz\u0105dzania Jako\u015bci\u0105 certyfikowany na zgodno\u015b\u0107 z [&hellip;]\" \/>\n<meta property=\"og:url\" content=\"https:\/\/www.usk.poznan.pl\/ua\/certyfikaty-i-akredytacje\/\" \/>\n<meta property=\"og:site_name\" content=\"Uniwersytecki Szpital Kliniczny w Poznaniu\" \/>\n<meta property=\"article:modified_time\" content=\"2026-02-10T14:19:03+00:00\" \/>\n<meta name=\"twitter:card\" content=\"summary_large_image\" \/>\n<meta name=\"twitter:label1\" content=\"\u041f\u0440\u0438\u0431\u043b. \u0447\u0430\u0441 \u0447\u0438\u0442\u0430\u043d\u043d\u044f\" \/>\n\t<meta name=\"twitter:data1\" content=\"1 \u0445\u0432\u0438\u043b\u0438\u043d\u0430\" \/>\n<script type=\"application\/ld+json\" class=\"yoast-schema-graph\">{\"@context\":\"https:\\\/\\\/schema.org\",\"@graph\":[{\"@type\":\"WebPage\",\"@id\":\"https:\\\/\\\/www.usk.poznan.pl\\\/certyfikaty-i-akredytacje\\\/\",\"url\":\"https:\\\/\\\/www.usk.poznan.pl\\\/certyfikaty-i-akredytacje\\\/\",\"name\":\"Certyfikaty i akredytacje - Uniwersytecki Szpital Kliniczny w Poznaniu\",\"isPartOf\":{\"@id\":\"https:\\\/\\\/www.usk.poznan.pl\\\/#website\"},\"datePublished\":\"2025-12-19T15:29:37+00:00\",\"dateModified\":\"2026-02-10T14:19:03+00:00\",\"breadcrumb\":{\"@id\":\"https:\\\/\\\/www.usk.poznan.pl\\\/certyfikaty-i-akredytacje\\\/#breadcrumb\"},\"inLanguage\":\"uk\",\"potentialAction\":[{\"@type\":\"ReadAction\",\"target\":[\"https:\\\/\\\/www.usk.poznan.pl\\\/certyfikaty-i-akredytacje\\\/\"]}]},{\"@type\":\"BreadcrumbList\",\"@id\":\"https:\\\/\\\/www.usk.poznan.pl\\\/certyfikaty-i-akredytacje\\\/#breadcrumb\",\"itemListElement\":[{\"@type\":\"ListItem\",\"position\":1,\"name\":\"Strona g\u0142\u00f3wna\",\"item\":\"https:\\\/\\\/www.usk.poznan.pl\\\/\"},{\"@type\":\"ListItem\",\"position\":2,\"name\":\"Certyfikaty i&nbsp;akredytacje\"}]},{\"@type\":\"WebSite\",\"@id\":\"https:\\\/\\\/www.usk.poznan.pl\\\/#website\",\"url\":\"https:\\\/\\\/www.usk.poznan.pl\\\/\",\"name\":\"Uniwersytecki Szpital Kliniczny w Poznaniu\",\"description\":\"\",\"potentialAction\":[{\"@type\":\"SearchAction\",\"target\":{\"@type\":\"EntryPoint\",\"urlTemplate\":\"https:\\\/\\\/www.usk.poznan.pl\\\/?s={search_term_string}\"},\"query-input\":{\"@type\":\"PropertyValueSpecification\",\"valueRequired\":true,\"valueName\":\"search_term_string\"}}],\"inLanguage\":\"uk\"}]}<\/script>\n<!-- \/ Yoast SEO plugin. -->","yoast_head_json":{"title":"Certyfikaty i akredytacje - Uniwersytecki Szpital Kliniczny w Poznaniu","robots":{"index":"index","follow":"follow","max-snippet":"max-snippet:-1","max-image-preview":"max-image-preview:large","max-video-preview":"max-video-preview:-1"},"canonical":"https:\/\/www.usk.poznan.pl\/ua\/certyfikaty-i-akredytacje\/","og_locale":"uk_UA","og_type":"article","og_title":"Certyfikaty i akredytacje - Uniwersytecki Szpital Kliniczny w Poznaniu","og_description":"Akredytacja Uniwersytecki Szpital Kliniczny w Poznaniu jest szpitalem akredytowanym. Akredytacja Centrum Monitorowania Jako\u015bci bardzo szczeg\u00f3\u0142owo okre\u015bla wymagania dla jednostek \u015bwiadcz\u0105cych us\u0142ugi zdrowotne. System zbudowany w odpowiedzi na wymogi akredytacyjne z ca\u0142\u0105 pewno\u015bci\u0105 jest bardziej bezpieczny, uzbrojony w mechanizmy reakcji na r\u00f3\u017cnorodne sytuacje. O systemie zarz\u0105dzania jako\u015bci\u0105 ISO \u2013 System Zarz\u0105dzania Jako\u015bci\u0105 certyfikowany na zgodno\u015b\u0107 z [&hellip;]","og_url":"https:\/\/www.usk.poznan.pl\/ua\/certyfikaty-i-akredytacje\/","og_site_name":"Uniwersytecki Szpital Kliniczny w Poznaniu","article_modified_time":"2026-02-10T14:19:03+00:00","twitter_card":"summary_large_image","twitter_misc":{"\u041f\u0440\u0438\u0431\u043b. \u0447\u0430\u0441 \u0447\u0438\u0442\u0430\u043d\u043d\u044f":"1 \u0445\u0432\u0438\u043b\u0438\u043d\u0430"},"schema":{"@context":"https:\/\/schema.org","@graph":[{"@type":"WebPage","@id":"https:\/\/www.usk.poznan.pl\/certyfikaty-i-akredytacje\/","url":"https:\/\/www.usk.poznan.pl\/certyfikaty-i-akredytacje\/","name":"Certyfikaty i akredytacje - Uniwersytecki Szpital Kliniczny w Poznaniu","isPartOf":{"@id":"https:\/\/www.usk.poznan.pl\/#website"},"datePublished":"2025-12-19T15:29:37+00:00","dateModified":"2026-02-10T14:19:03+00:00","breadcrumb":{"@id":"https:\/\/www.usk.poznan.pl\/certyfikaty-i-akredytacje\/#breadcrumb"},"inLanguage":"uk","potentialAction":[{"@type":"ReadAction","target":["https:\/\/www.usk.poznan.pl\/certyfikaty-i-akredytacje\/"]}]},{"@type":"BreadcrumbList","@id":"https:\/\/www.usk.poznan.pl\/certyfikaty-i-akredytacje\/#breadcrumb","itemListElement":[{"@type":"ListItem","position":1,"name":"Strona g\u0142\u00f3wna","item":"https:\/\/www.usk.poznan.pl\/"},{"@type":"ListItem","position":2,"name":"Certyfikaty i&nbsp;akredytacje"}]},{"@type":"WebSite","@id":"https:\/\/www.usk.poznan.pl\/#website","url":"https:\/\/www.usk.poznan.pl\/","name":"Uniwersytecki Szpital Kliniczny w Poznaniu","description":"","potentialAction":[{"@type":"SearchAction","target":{"@type":"EntryPoint","urlTemplate":"https:\/\/www.usk.poznan.pl\/?s={search_term_string}"},"query-input":{"@type":"PropertyValueSpecification","valueRequired":true,"valueName":"search_term_string"}}],"inLanguage":"uk"}]}},"_links":{"self":[{"href":"https:\/\/www.usk.poznan.pl\/ua\/wp-json\/wp\/v2\/pages\/2466","targetHints":{"allow":["GET"]}}],"collection":[{"href":"https:\/\/www.usk.poznan.pl\/ua\/wp-json\/wp\/v2\/pages"}],"about":[{"href":"https:\/\/www.usk.poznan.pl\/ua\/wp-json\/wp\/v2\/types\/page"}],"author":[{"embeddable":true,"href":"https:\/\/www.usk.poznan.pl\/ua\/wp-json\/wp\/v2\/users\/1"}],"replies":[{"embeddable":true,"href":"https:\/\/www.usk.poznan.pl\/ua\/wp-json\/wp\/v2\/comments?post=2466"}],"version-history":[{"count":6,"href":"https:\/\/www.usk.poznan.pl\/ua\/wp-json\/wp\/v2\/pages\/2466\/revisions"}],"predecessor-version":[{"id":4627,"href":"https:\/\/www.usk.poznan.pl\/ua\/wp-json\/wp\/v2\/pages\/2466\/revisions\/4627"}],"wp:attachment":[{"href":"https:\/\/www.usk.poznan.pl\/ua\/wp-json\/wp\/v2\/media?parent=2466"}],"curies":[{"name":"wp","href":"https:\/\/api.w.org\/{rel}","templated":true}]}}