{"id":2428,"date":"2025-12-17T15:16:05","date_gmt":"2025-12-17T14:16:05","guid":{"rendered":"https:\/\/usk.empressia.dev\/?page_id=2428"},"modified":"2026-02-11T08:16:54","modified_gmt":"2026-02-11T07:16:54","slug":"zamowienia-publiczne","status":"publish","type":"page","link":"https:\/\/www.usk.poznan.pl\/ua\/zamowienia-publiczne\/","title":{"rendered":"Zam\u00f3wienia Publiczne"},"content":{"rendered":"\n<h2 class=\"wp-block-heading\">Zam\u00f3wienia publiczne USK Pozna\u0144<\/h2>\n\n\n\n\t\n\t<div>\n\n\t\t\t\t\t<div class=\"wysiwyg-wrapper mb-40 lg:mb-56\"><p>Sprawd\u017a aktualne post\u0119powania przetargowe oraz dokumenty zam\u00f3wie\u0144 publicznych Uniwersyteckiego Szpitala Klinicznego w Poznaniu.<br \/>\nWybierz jedn\u0105 z platform, aby uzyska\u0107 szczeg\u00f3\u0142owe informacje i oficjalne og\u0142oszenia.<\/p>\n<\/div>\n\t\t\n\t\t<div class=\"grid gap-32 lg:grid-cols-2 is-style-small-margin\" >\n\t\t\t\t\t\t\t\n\t\t\t\t\t\t\t\t\t<span class=\"@container\">\n\t\t\t\t\t\t<a  href=\"https:\/\/e-propublico.pl\/Zamawiajacy\/AktualneOgloszenia?zamawiajacyId=cb90c58c-9952-44b8-b89b-8a7a509108da\" class=\"h-full rounded-8 bg-primary-5 overflow-hidden grid @xl:grid-cols-[1.2fr_2fr]\" aria-label=\"Platforma ProPublico\">\n\t\t\t\t\t\t\t<span class=\"bg-primary-50 items-center justify-center px-32 hidden @xl:flex\">\n\t\t\t\t\t\t\t\t\t\t\t\t\t\t\t\t\t\n\n\n\t\n\t\n\t\n\t<img decoding=\"async\" width=\"220\" height=\"36\" src=\"https:\/\/www.usk.poznan.pl\/wp-content\/uploads\/2025\/12\/propublico-logo-1.webp\" class=\"attachment-medium_large size-medium_large\" alt=\"\" loading=\"lazy\" srcset=\"https:\/\/www.usk.poznan.pl\/wp-content\/uploads\/2025\/12\/propublico-logo-1.webp 220w, https:\/\/www.usk.poznan.pl\/wp-content\/uploads\/2025\/12\/propublico-logo-1-18x3.webp 18w\" sizes=\"(max-width: 220px) 100vw, 220px\" \/>\n\n\t\t\t\t\t\t\t\t\t\t\t\t\t\t\t<\/span>\n\n\t\t\t\t\t\t\t<span class=\"flex flex-col gap-24 p-24 @md:gap-40 @md:p-40 @xl:py-64\">\n\t\t\t\t\t\t\t\t<span class=\"flex flex-col gap-8\">\n\t\t\t\t\t\t\t\t\t<span class=\"text-primary-100 h3\">Platforma ProPublico<\/span>\n\t\t\t\t\t\t\t\t\t\t\t\t\t\t\t\t\t\t\t<span class=\"paragraph--l text-primary-50\">Elektroniczne zam\u00f3wienia publiczne<\/span>\n\t\t\t\t\t\t\t\t\t\t\t\t\t\t\t\t\t<\/span>\n\t\t\t\t\t\t\t\t<span class=\"btn btn-tertiary ml-auto mt-auto\">\n\t\t\t\t\t\t\t\t\tPrzejd\u017a do strony\n\t\t\t\t\t\t\t\t\t<span class=\"btn-icon hidden xs:inline-flex items-center justify-center size-40 rounded-full shrink-0\">\n\t\t\t\t\t\t\t\t\t\t<svg xmlns=\"http:\/\/www.w3.org\/2000\/svg\" width=\"11\" height=\"18\" viewbox=\"0 0 11 18\" fill=\"none\">\n\t<path d=\"M1.5 16L8.5 9L1.5 2\" stroke=\"currentColor\" stroke-width=\"3\"\/>\n<\/svg>\n\n\t\t\t\t\t\t\t\t\t<\/span>\n\t\t\t\t\t\t\t\t<\/span>\n\t\t\t\t\t\t\t<\/span>\n\t\t\t\t\t\t<\/a>\n\t\t\t\t\t<\/span>\n\t\t\t\t\t\t\t\t\t\t\t\n\t\t\t\t\t\t\t\t\t<span class=\"@container\">\n\t\t\t\t\t\t<a  href=\"https:\/\/skhs.eb2b.com.pl\/\" class=\"h-full rounded-8 bg-primary-5 overflow-hidden grid @xl:grid-cols-[1.2fr_2fr]\" aria-label=\"Platforma BZP\">\n\t\t\t\t\t\t\t<span class=\"bg-primary-50 items-center justify-center px-32 hidden @xl:flex\">\n\t\t\t\t\t\t\t\t\t\t\t\t\t\t\t\t\t\n\n\n\t\n\t\n\t\n\t<img decoding=\"async\" width=\"240\" height=\"66\" src=\"https:\/\/www.usk.poznan.pl\/wp-content\/uploads\/2025\/12\/logo-_14_-1.webp\" class=\"attachment-medium_large size-medium_large\" alt=\"\" loading=\"lazy\" srcset=\"https:\/\/www.usk.poznan.pl\/wp-content\/uploads\/2025\/12\/logo-_14_-1.webp 240w, https:\/\/www.usk.poznan.pl\/wp-content\/uploads\/2025\/12\/logo-_14_-1-18x5.webp 18w\" sizes=\"(max-width: 240px) 100vw, 240px\" \/>\n\n\t\t\t\t\t\t\t\t\t\t\t\t\t\t\t<\/span>\n\n\t\t\t\t\t\t\t<span class=\"flex flex-col gap-24 p-24 @md:gap-40 @md:p-40 @xl:py-64\">\n\t\t\t\t\t\t\t\t<span class=\"flex flex-col gap-8\">\n\t\t\t\t\t\t\t\t\t<span class=\"text-primary-100 h3\">Platforma BZP<\/span>\n\t\t\t\t\t\t\t\t\t\t\t\t\t\t\t\t\t\t\t<span class=\"paragraph--l text-primary-50\">Biuletyn Zam\u00f3wie\u0144 Publicznych<\/span>\n\t\t\t\t\t\t\t\t\t\t\t\t\t\t\t\t\t<\/span>\n\t\t\t\t\t\t\t\t<span class=\"btn btn-tertiary ml-auto mt-auto\">\n\t\t\t\t\t\t\t\t\tPrzejd\u017a do strony\n\t\t\t\t\t\t\t\t\t<span class=\"btn-icon hidden xs:inline-flex items-center justify-center size-40 rounded-full shrink-0\">\n\t\t\t\t\t\t\t\t\t\t<svg xmlns=\"http:\/\/www.w3.org\/2000\/svg\" width=\"11\" height=\"18\" viewbox=\"0 0 11 18\" fill=\"none\">\n\t<path d=\"M1.5 16L8.5 9L1.5 2\" stroke=\"currentColor\" stroke-width=\"3\"\/>\n<\/svg>\n\n\t\t\t\t\t\t\t\t\t<\/span>\n\t\t\t\t\t\t\t\t<\/span>\n\t\t\t\t\t\t\t<\/span>\n\t\t\t\t\t\t<\/a>\n\t\t\t\t\t<\/span>\n\t\t\t\t\t\t\t\t\t<\/div>\n\n\t<\/div>\n\n\n\n\n<section\n    class=\"download-files-slider overflow-hidden relative full-width block! bg-primary-5 py-64 md:py-80 xl:py-112 is-style-small-margin\"\n    data-files-slider >\n\n    <div class=\"absolute left-0 top-0 h-full w-1\/5 bg-inherit pointer-events-none hidden lg:block\"><\/div>\n\n    \n    <div class=\"content-grid\">\n        <div class=\"relative grid gap-32 md:items-center md:grid-cols-[1fr_37.7rem]\">\n            <div class=\"flex flex-col gap-32 relative z-10 bg-primary-5 max-w-1088\">\n                <header class=\"space-y-24\">\n                    \n\t<h2 class=\"h3 \">\n\n\t\tZapoznaj si\u0119 z rocznym planem zam\u00f3wie\u0144\n\n\t<\/h2>\n\n\n                                    <\/header>\n\n                            <\/div>\n\n            <div>\n                                                            \n                        <div class=\"@container\">\n                                <a class=\"flex flex-col gap-32 h-full rounded-8 bg-neutral-0 p-24 @xs:p-40\" href=\"https:\/\/www.usk.poznan.pl\/wp-content\/uploads\/2026\/02\/Plan-postepowan-aktualizacja-7-stan-na-dzien-12.04.2023.pdf\"\n       aria-label=\"Plan post\u0119powa\u0144 - 2023\" download>\n        <span class=\"flex flex-col gap-16\">\n            <span\n                class=\"shrink-0 text-primary-30 font-semibold uppercase\">pdf<\/span>\n            <span class=\"tab\">Plan post\u0119powa\u0144 &#8211; 2023<\/span>\n        <\/span>\n        <span\n            class=\"size-40 rounded-full bg-secondary-50 text-white grid place-content-center shrink-0 self-end\"><svg xmlns=\"http:\/\/www.w3.org\/2000\/svg\" width=\"24\" height=\"24\" viewbox=\"0 0 24 24\" fill=\"none\">\n\t<path d=\"M6.39844 10.7996L11.9984 16.3996M11.9984 16.3996L17.5984 10.7996M11.9984 16.3996V0.498048\" stroke=\"currentColor\" stroke-width=\"2.5\"\/>\n\t<path d=\"M2 22L22 22\" stroke=\"currentColor\" stroke-width=\"2.5\"\/>\n<\/svg>\n<\/span>\n    <\/a>\n\n                        <\/div>\n                                    \n                            <\/div>\n        <\/div>\n    <\/div>\n\n<\/section>\n\n\n\n    \n\t<section class=\"contact-tiles  is-style-no-margin\">\n\n        \n                    \n<div>\n        \n\t<h2 class=\"h3  text-center mb-44\">\n\n\t\tKontakt do dzia\u0142u\n\n\t<\/h2>\n\n\n    <div class=\"flex gap-32 flex-wrap\">\n                    \n            <div class=\"flex flex-col items-center text-center gap-20 grow basis-[36rem] rounded-8 border border-neutral-100 px-24 py-32 md:px-40\">\n                <div class=\"text-secondary-50 [&#038;_svg]:size-40\">\n                    <svg xmlns=\"http:\/\/www.w3.org\/2000\/svg\" width=\"32\" height=\"32\" viewBox=\"0 0 32 32\" fill=\"none\">\n    <path d=\"M14.725 18.2902L1.64139 8.7742C1.61607 8.7871 1.62493 8.78259 1.59961 8.79548V23.1955C1.59961 24.7861 2.88903 26.0755 4.47961 26.0755H27.5196C29.1102 26.0755 30.3996 24.7861 30.3996 23.1955V8.76099C30.395 8.75862 30.3966 8.75945 30.3919 8.75708L17.2746 18.2906C16.5144 18.8431 15.4849 18.8429 14.725 18.2902Z\" fill=\"currentColor\"\/>\n    <path d=\"M17.2752 14.7344L28.8949 6.2843C28.4879 6.06158 28.0194 5.92334 27.5202 5.92334H4.48019C3.98099 5.92334 3.52019 6.06158 3.10547 6.2843L14.7252 14.7344C15.4853 15.2872 16.5151 15.2872 17.2752 14.7344Z\" fill=\"currentColor\"\/>\n<\/svg>\n\n                <\/div>\n\n                <div class=\"space-y-12\">\n                    \n                                            \n                                                                                                                            <a class=\"h5\" href=\"mailto:krzysztof.zedlewski@usk.poznan.pl\">krzysztof.zedlewski@usk.poznan.pl<\/a>\n                    \n                                    <\/div>\n            <\/div>\n                    \n            <div class=\"flex flex-col items-center text-center gap-20 grow basis-[36rem] rounded-8 border border-neutral-100 px-24 py-32 md:px-40\">\n                <div class=\"text-secondary-50 [&#038;_svg]:size-40\">\n                    <svg xmlns=\"http:\/\/www.w3.org\/2000\/svg\" width=\"24\" height=\"24\" viewbox=\"0 0 24 24\" fill=\"none\">\n\t<path fill-rule=\"evenodd\" clip-rule=\"evenodd\" d=\"M23.3993 19.707C23.3999 21.8186 21.6314 23.5069 19.5228 23.3943C15.2261 23.1648 10.537 21.0604 6.73979 17.2631C2.93983 13.4654 0.834955 8.77414 0.605889 4.47606C0.493535 2.36788 2.18084 0.599609 4.29201 0.599609H6.68049C7.26053 0.599609 7.60515 1.09045 7.73657 1.65569L8.77503 6.16707C8.90763 6.74315 8.73112 7.34674 8.30902 7.76061L7.2159 8.83241C6.43407 9.59899 6.30936 10.8141 6.91997 11.723C7.60347 12.7404 8.41214 13.7276 9.34051 14.6576C10.2691 15.5862 11.2571 16.3952 12.2753 17.0788C13.1842 17.689 14.399 17.5642 15.1654 16.7825L16.2375 15.6891C16.6514 15.267 17.255 15.0905 17.8311 15.2231L22.3425 16.2616C22.9077 16.393 23.3985 16.7374 23.3985 17.3176L23.3993 19.707Z\" fill=\"#ED6E1E\"\/>\n<\/svg>\n\n                <\/div>\n\n                <div class=\"space-y-12\">\n                    \n                                            \n                                                                                                                            <a class=\"h5\" href=\"tel:618691651\">618691651<\/a>\n                    \n                                    <\/div>\n            <\/div>\n                    \n            <div class=\"flex flex-col items-center text-center gap-20 grow basis-[36rem] rounded-8 border border-neutral-100 px-24 py-32 md:px-40\">\n                <div class=\"text-secondary-50 [&#038;_svg]:size-40\">\n                    <svg width=\"24\" height=\"25\" viewbox=\"0 0 24 25\" fill=\"none\" xmlns=\"http:\/\/www.w3.org\/2000\/svg\">\n\t<path fill-rule=\"evenodd\" clip-rule=\"evenodd\" d=\"M3.38672 9.13477C3.38672 4.44034 7.19229 0.634766 11.8867 0.634766C16.5811 0.634766 20.3867 4.44034 20.3867 9.13477C20.3867 10.663 19.9834 12.097 19.2774 13.3362C18.0934 15.4145 13.9831 21.1815 12.4602 23.3032C12.1777 23.6967 11.5957 23.6967 11.3132 23.3032C9.79031 21.1815 5.68006 15.4145 4.49604 13.3362C3.79003 12.097 3.38672 10.663 3.38672 9.13477ZM11.8862 4.54283C9.35412 4.54283 7.30143 6.59551 7.30143 9.12758C7.30143 11.6596 9.35412 13.7123 11.8862 13.7123C14.4182 13.7123 16.4709 11.6596 16.4709 9.12758C16.4709 6.59551 14.4182 4.54283 11.8862 4.54283Z\" fill=\"#ED6E1E\"\/>\n\t<path d=\"M19.2774 13.3362L18.7257 13.0219L18.7257 13.0219L19.2774 13.3362ZM12.4602 23.3032L12.976 23.6735L12.4602 23.3032ZM11.3132 23.3032L10.7974 23.6735H10.7974L11.3132 23.3032ZM4.49604 13.3362L5.04777 13.0219L5.04776 13.0219L4.49604 13.3362ZM11.8867 0.634766V-0.000213325C6.8416 -0.000213325 2.75174 4.08965 2.75174 9.13477H3.38672H4.0217C4.0217 4.79102 7.54298 1.26974 11.8867 1.26974V0.634766ZM20.3867 9.13477H21.0217C21.0217 4.08965 16.9318 -0.000213325 11.8867 -0.000213325V0.634766V1.26974C16.2305 1.26974 19.7517 4.79102 19.7517 9.13477H20.3867ZM19.2774 13.3362L19.8291 13.6505C20.5883 12.3181 21.0217 10.7761 21.0217 9.13477H20.3867H19.7517C19.7517 10.5499 19.3786 11.876 18.7257 13.0219L19.2774 13.3362ZM12.4602 23.3032L12.976 23.6735C14.4873 21.5681 18.6241 15.7657 19.8291 13.6505L19.2774 13.3362L18.7257 13.0219C17.5626 15.0634 13.479 20.795 11.9443 22.9329L12.4602 23.3032ZM11.3132 23.3032L10.7974 23.6735C11.3332 24.42 12.4402 24.42 12.976 23.6735L12.4602 23.3032L11.9443 22.9329C11.9152 22.9735 11.8582 22.9735 11.8291 22.9329L11.3132 23.3032ZM4.49604 13.3362L3.94431 13.6505C5.14933 15.7657 9.28613 21.5681 10.7974 23.6735L11.3132 23.3032L11.8291 22.9329C10.2945 20.795 6.21079 15.0634 5.04777 13.0219L4.49604 13.3362ZM3.38672 9.13477H2.75174C2.75174 10.7761 3.18519 12.3181 3.94433 13.6505L4.49604 13.3362L5.04776 13.0219C4.39488 11.876 4.0217 10.5499 4.0217 9.13477H3.38672ZM7.30143 9.12758H7.93641C7.93641 6.9462 9.70481 5.1778 11.8862 5.1778V4.54283V3.90785C9.00343 3.90785 6.66645 6.24482 6.66645 9.12758H7.30143ZM11.8862 13.7123V13.0774C9.70481 13.0774 7.93641 11.309 7.93641 9.12758H7.30143H6.66645C6.66645 12.0103 9.00343 14.3473 11.8862 14.3473V13.7123ZM16.4709 9.12758H15.836C15.836 11.309 14.0676 13.0774 11.8862 13.0774V13.7123V14.3473C14.7689 14.3473 17.1059 12.0103 17.1059 9.12758H16.4709ZM11.8862 4.54283V5.1778C14.0676 5.1778 15.836 6.9462 15.836 9.12758H16.4709H17.1059C17.1059 6.24482 14.7689 3.90785 11.8862 3.90785V4.54283Z\" fill=\"#ED6E1E\"\/>\n<\/svg>\n\n                <\/div>\n\n                <div class=\"space-y-12\">\n                    \n                                            <p class=\"h5\">ul. Przybyszewskiego 49<\/p>\n                    \n                                            <p> wej\u015bcie O, pi\u0119tro 1<\/p>\n                                    <\/div>\n            <\/div>\n            <\/div>\n<\/div>\n        \n\t<\/section>\n","protected":false},"excerpt":{"rendered":"Zam\u00f3wienia publiczne USK Pozna\u0144","protected":false},"author":1,"featured_media":0,"parent":0,"menu_order":0,"comment_status":"closed","ping_status":"closed","template":"","meta":{"_acf_changed":false,"footnotes":""},"class_list":["post-2428","page","type-page","status-publish","hentry"],"acf":[],"yoast_head":"<!-- This site is optimized with the Yoast SEO plugin v27.5 - https:\/\/yoast.com\/product\/yoast-seo-wordpress\/ -->\n<title>Zam\u00f3wienia Publiczne - Uniwersytecki Szpital Kliniczny w Poznaniu<\/title>\n<meta name=\"robots\" content=\"index, follow, max-snippet:-1, max-image-preview:large, max-video-preview:-1\" \/>\n<link rel=\"canonical\" href=\"https:\/\/www.usk.poznan.pl\/ua\/zamowienia-publiczne\/\" \/>\n<meta property=\"og:locale\" content=\"uk_UA\" \/>\n<meta property=\"og:type\" content=\"article\" \/>\n<meta property=\"og:title\" content=\"Zam\u00f3wienia Publiczne - Uniwersytecki Szpital Kliniczny w Poznaniu\" \/>\n<meta property=\"og:description\" content=\"Zam\u00f3wienia publiczne USK Pozna\u0144\" \/>\n<meta property=\"og:url\" content=\"https:\/\/www.usk.poznan.pl\/ua\/zamowienia-publiczne\/\" \/>\n<meta property=\"og:site_name\" content=\"Uniwersytecki Szpital Kliniczny w Poznaniu\" \/>\n<meta property=\"article:modified_time\" content=\"2026-02-11T07:16:54+00:00\" \/>\n<meta name=\"twitter:card\" content=\"summary_large_image\" \/>\n<meta name=\"twitter:label1\" content=\"\u041f\u0440\u0438\u0431\u043b. \u0447\u0430\u0441 \u0447\u0438\u0442\u0430\u043d\u043d\u044f\" \/>\n\t<meta name=\"twitter:data1\" content=\"1 \u0445\u0432\u0438\u043b\u0438\u043d\u0430\" \/>\n<script type=\"application\/ld+json\" class=\"yoast-schema-graph\">{\"@context\":\"https:\\\/\\\/schema.org\",\"@graph\":[{\"@type\":\"WebPage\",\"@id\":\"https:\\\/\\\/www.usk.poznan.pl\\\/zamowienia-publiczne\\\/\",\"url\":\"https:\\\/\\\/www.usk.poznan.pl\\\/zamowienia-publiczne\\\/\",\"name\":\"Zam\u00f3wienia Publiczne - Uniwersytecki Szpital Kliniczny w Poznaniu\",\"isPartOf\":{\"@id\":\"https:\\\/\\\/www.usk.poznan.pl\\\/#website\"},\"datePublished\":\"2025-12-17T14:16:05+00:00\",\"dateModified\":\"2026-02-11T07:16:54+00:00\",\"breadcrumb\":{\"@id\":\"https:\\\/\\\/www.usk.poznan.pl\\\/zamowienia-publiczne\\\/#breadcrumb\"},\"inLanguage\":\"uk\",\"potentialAction\":[{\"@type\":\"ReadAction\",\"target\":[\"https:\\\/\\\/www.usk.poznan.pl\\\/zamowienia-publiczne\\\/\"]}]},{\"@type\":\"BreadcrumbList\",\"@id\":\"https:\\\/\\\/www.usk.poznan.pl\\\/zamowienia-publiczne\\\/#breadcrumb\",\"itemListElement\":[{\"@type\":\"ListItem\",\"position\":1,\"name\":\"Strona g\u0142\u00f3wna\",\"item\":\"https:\\\/\\\/www.usk.poznan.pl\\\/\"},{\"@type\":\"ListItem\",\"position\":2,\"name\":\"Zam\u00f3wienia Publiczne\"}]},{\"@type\":\"WebSite\",\"@id\":\"https:\\\/\\\/www.usk.poznan.pl\\\/#website\",\"url\":\"https:\\\/\\\/www.usk.poznan.pl\\\/\",\"name\":\"Uniwersytecki Szpital Kliniczny w Poznaniu\",\"description\":\"\",\"potentialAction\":[{\"@type\":\"SearchAction\",\"target\":{\"@type\":\"EntryPoint\",\"urlTemplate\":\"https:\\\/\\\/www.usk.poznan.pl\\\/?s={search_term_string}\"},\"query-input\":{\"@type\":\"PropertyValueSpecification\",\"valueRequired\":true,\"valueName\":\"search_term_string\"}}],\"inLanguage\":\"uk\"}]}<\/script>\n<!-- \/ Yoast SEO plugin. -->","yoast_head_json":{"title":"Zam\u00f3wienia Publiczne - Uniwersytecki Szpital Kliniczny w Poznaniu","robots":{"index":"index","follow":"follow","max-snippet":"max-snippet:-1","max-image-preview":"max-image-preview:large","max-video-preview":"max-video-preview:-1"},"canonical":"https:\/\/www.usk.poznan.pl\/ua\/zamowienia-publiczne\/","og_locale":"uk_UA","og_type":"article","og_title":"Zam\u00f3wienia Publiczne - Uniwersytecki Szpital Kliniczny w Poznaniu","og_description":"Zam\u00f3wienia publiczne USK Pozna\u0144","og_url":"https:\/\/www.usk.poznan.pl\/ua\/zamowienia-publiczne\/","og_site_name":"Uniwersytecki Szpital Kliniczny w Poznaniu","article_modified_time":"2026-02-11T07:16:54+00:00","twitter_card":"summary_large_image","twitter_misc":{"\u041f\u0440\u0438\u0431\u043b. \u0447\u0430\u0441 \u0447\u0438\u0442\u0430\u043d\u043d\u044f":"1 \u0445\u0432\u0438\u043b\u0438\u043d\u0430"},"schema":{"@context":"https:\/\/schema.org","@graph":[{"@type":"WebPage","@id":"https:\/\/www.usk.poznan.pl\/zamowienia-publiczne\/","url":"https:\/\/www.usk.poznan.pl\/zamowienia-publiczne\/","name":"Zam\u00f3wienia Publiczne - Uniwersytecki Szpital Kliniczny w Poznaniu","isPartOf":{"@id":"https:\/\/www.usk.poznan.pl\/#website"},"datePublished":"2025-12-17T14:16:05+00:00","dateModified":"2026-02-11T07:16:54+00:00","breadcrumb":{"@id":"https:\/\/www.usk.poznan.pl\/zamowienia-publiczne\/#breadcrumb"},"inLanguage":"uk","potentialAction":[{"@type":"ReadAction","target":["https:\/\/www.usk.poznan.pl\/zamowienia-publiczne\/"]}]},{"@type":"BreadcrumbList","@id":"https:\/\/www.usk.poznan.pl\/zamowienia-publiczne\/#breadcrumb","itemListElement":[{"@type":"ListItem","position":1,"name":"Strona g\u0142\u00f3wna","item":"https:\/\/www.usk.poznan.pl\/"},{"@type":"ListItem","position":2,"name":"Zam\u00f3wienia Publiczne"}]},{"@type":"WebSite","@id":"https:\/\/www.usk.poznan.pl\/#website","url":"https:\/\/www.usk.poznan.pl\/","name":"Uniwersytecki Szpital Kliniczny w Poznaniu","description":"","potentialAction":[{"@type":"SearchAction","target":{"@type":"EntryPoint","urlTemplate":"https:\/\/www.usk.poznan.pl\/?s={search_term_string}"},"query-input":{"@type":"PropertyValueSpecification","valueRequired":true,"valueName":"search_term_string"}}],"inLanguage":"uk"}]}},"_links":{"self":[{"href":"https:\/\/www.usk.poznan.pl\/ua\/wp-json\/wp\/v2\/pages\/2428","targetHints":{"allow":["GET"]}}],"collection":[{"href":"https:\/\/www.usk.poznan.pl\/ua\/wp-json\/wp\/v2\/pages"}],"about":[{"href":"https:\/\/www.usk.poznan.pl\/ua\/wp-json\/wp\/v2\/types\/page"}],"author":[{"embeddable":true,"href":"https:\/\/www.usk.poznan.pl\/ua\/wp-json\/wp\/v2\/users\/1"}],"replies":[{"embeddable":true,"href":"https:\/\/www.usk.poznan.pl\/ua\/wp-json\/wp\/v2\/comments?post=2428"}],"version-history":[{"count":16,"href":"https:\/\/www.usk.poznan.pl\/ua\/wp-json\/wp\/v2\/pages\/2428\/revisions"}],"predecessor-version":[{"id":4706,"href":"https:\/\/www.usk.poznan.pl\/ua\/wp-json\/wp\/v2\/pages\/2428\/revisions\/4706"}],"wp:attachment":[{"href":"https:\/\/www.usk.poznan.pl\/ua\/wp-json\/wp\/v2\/media?parent=2428"}],"curies":[{"name":"wp","href":"https:\/\/api.w.org\/{rel}","templated":true}]}}