{"id":2018,"date":"2025-12-10T12:15:05","date_gmt":"2025-12-10T11:15:05","guid":{"rendered":"https:\/\/usk.empressia.dev\/?page_id=2018"},"modified":"2026-05-06T09:29:32","modified_gmt":"2026-05-06T07:29:32","slug":"dla-partnerow-i-sponsorow","status":"publish","type":"page","link":"https:\/\/www.usk.poznan.pl\/ua\/projekty-i-badania\/dla-partnerow-i-sponsorow\/","title":{"rendered":"Dla partner\u00f3w i sponsor\u00f3w"},"content":{"rendered":"<h2 class=\"wp-block-heading\">Kontakt dla partner\u00f3w i sponsor\u00f3w<\/h2>\n\n\n\n<p>Zapraszamy instytucje naukowe, firmy farmaceutyczne, startupy i fundacje do wsp\u00f3\u0142pracy w zakresie bada\u0144 klinicznych, innowacji i projekt\u00f3w rozwojowych.<\/p>\n\n\n\n<p>Dowiedz si\u0119, jak zosta\u0107 naszym partnerem i wsp\u00f3lnie tworzy\u0107 przysz\u0142o\u015b\u0107 medycyny.<\/p>\n\n\n\n<h2 class=\"wp-block-heading\">Og\u0142oszenia<\/h2>\n\n\n\n<p>Zach\u0119camy do zapoznania si\u0119 z aktualnymi og\u0142oszeniami o naborach.<\/p>\n\n\n\n<h2 class=\"wp-block-heading h3\">Otwarty nab\u00f3r na badacza i o\u015brodek do realizacji eksperymentu badawczego POL-MACS<\/h2>\n\n\n\n<p>Uniwersytecki Szpital Kliniczny w Poznaniu og\u0142asza nab\u00f3r na badacza i o\u015brodek do realizacji eksperymentu badawczego pn. \u201eOptimization of management of Mild Autonomous Cortisol Secretion &#8211; a multicenter study (POL-MACS)&#8221; 2024\/ABM\/01\/00056 finansowanego przez Agencj\u0119 Bada\u0144 Medycznych.<\/p>\n\n\n  <section class=\"download-files is-style-small-margin\">\n          \n\t<h3 class=\"\">\n\n\t\tZa\u0142\u0105czniki do pobrania\n\n\t<\/h3>\n\n    \n    <ul class=\"unstyled-list mt-32 space-y-24\">\n              <li class=\"pl-0!\">\n          \n\n\n<a href=\"https:\/\/www.usk.poznan.pl\/wp-content\/uploads\/2026\/05\/Informacja-o-uniewaznieniu.pdf\" class=\"group\/file flex flex-col md:flex-row md:items-center gap-16 md:gap-40 rounded-8 p-24 md:py-32 md:px-40 border border-neutral-100 hover:shadow\" download>\n\t<span class=\"shrink-0 text-primary font-semibold uppercase  md:min-w-50\">pdf<\/span>\n\t<div class=\"grow\">\n\t\t<p class=\"text-primary-100 font-semibold group-hover\/file:text-secondary-50 transition-colors duration-300 ease-in-out\">Informacja o uniewa\u017cnieniu<\/p>\n\t\t\t<\/div>\n\t<span class=\"size-40 rounded-full bg-secondary-50 text-white grid place-content-center shrink-0\"><svg xmlns=\"http:\/\/www.w3.org\/2000\/svg\" width=\"24\" height=\"24\" viewbox=\"0 0 24 24\" fill=\"none\">\n\t<path d=\"M6.39844 10.7996L11.9984 16.3996M11.9984 16.3996L17.5984 10.7996M11.9984 16.3996V0.498048\" stroke=\"currentColor\" stroke-width=\"2.5\"\/>\n\t<path d=\"M2 22L22 22\" stroke=\"currentColor\" stroke-width=\"2.5\"\/>\n<\/svg>\n<\/span>\n<\/a>\n        <\/li>\n              <li class=\"pl-0!\">\n          \n\n\n<a href=\"https:\/\/www.usk.poznan.pl\/wp-content\/uploads\/2026\/04\/Zalacznik-nr-1-Formularz-ofertowy.docx\" class=\"group\/file flex flex-col md:flex-row md:items-center gap-16 md:gap-40 rounded-8 p-24 md:py-32 md:px-40 border border-neutral-100 hover:shadow\" download>\n\t<span class=\"shrink-0 text-primary font-semibold uppercase  md:min-w-50\">docx<\/span>\n\t<div class=\"grow\">\n\t\t<p class=\"text-primary-100 font-semibold group-hover\/file:text-secondary-50 transition-colors duration-300 ease-in-out\">Za\u0142\u0105cznik 1 &#8211; formularz ofertowy<\/p>\n\t\t\t<\/div>\n\t<span class=\"size-40 rounded-full bg-secondary-50 text-white grid place-content-center shrink-0\"><svg xmlns=\"http:\/\/www.w3.org\/2000\/svg\" width=\"24\" height=\"24\" viewbox=\"0 0 24 24\" fill=\"none\">\n\t<path d=\"M6.39844 10.7996L11.9984 16.3996M11.9984 16.3996L17.5984 10.7996M11.9984 16.3996V0.498048\" stroke=\"currentColor\" stroke-width=\"2.5\"\/>\n\t<path d=\"M2 22L22 22\" stroke=\"currentColor\" stroke-width=\"2.5\"\/>\n<\/svg>\n<\/span>\n<\/a>\n        <\/li>\n              <li class=\"pl-0!\">\n          \n\n\n<a href=\"https:\/\/www.usk.poznan.pl\/wp-content\/uploads\/2026\/04\/Zalacznik-nr-3-Umowa-o-zachowaniu-poufnosci-POL.MACS_.doc\" class=\"group\/file flex flex-col md:flex-row md:items-center gap-16 md:gap-40 rounded-8 p-24 md:py-32 md:px-40 border border-neutral-100 hover:shadow\" download>\n\t<span class=\"shrink-0 text-primary font-semibold uppercase  md:min-w-50\">doc<\/span>\n\t<div class=\"grow\">\n\t\t<p class=\"text-primary-100 font-semibold group-hover\/file:text-secondary-50 transition-colors duration-300 ease-in-out\">Za\u0142\u0105cznik nr 3 &#8211; umowa o zachowaniu poufno\u015bci<\/p>\n\t\t\t<\/div>\n\t<span class=\"size-40 rounded-full bg-secondary-50 text-white grid place-content-center shrink-0\"><svg xmlns=\"http:\/\/www.w3.org\/2000\/svg\" width=\"24\" height=\"24\" viewbox=\"0 0 24 24\" fill=\"none\">\n\t<path d=\"M6.39844 10.7996L11.9984 16.3996M11.9984 16.3996L17.5984 10.7996M11.9984 16.3996V0.498048\" stroke=\"currentColor\" stroke-width=\"2.5\"\/>\n\t<path d=\"M2 22L22 22\" stroke=\"currentColor\" stroke-width=\"2.5\"\/>\n<\/svg>\n<\/span>\n<\/a>\n        <\/li>\n              <li class=\"pl-0!\">\n          \n\n\n<a href=\"https:\/\/www.usk.poznan.pl\/wp-content\/uploads\/2026\/04\/Zalacznik-nr-6-Oswiadczenie.docx\" class=\"group\/file flex flex-col md:flex-row md:items-center gap-16 md:gap-40 rounded-8 p-24 md:py-32 md:px-40 border border-neutral-100 hover:shadow\" download>\n\t<span class=\"shrink-0 text-primary font-semibold uppercase  md:min-w-50\">docx<\/span>\n\t<div class=\"grow\">\n\t\t<p class=\"text-primary-100 font-semibold group-hover\/file:text-secondary-50 transition-colors duration-300 ease-in-out\">Za\u0142\u0105cznik nr 6 &#8211; o\u015bwiadczenie<\/p>\n\t\t\t<\/div>\n\t<span class=\"size-40 rounded-full bg-secondary-50 text-white grid place-content-center shrink-0\"><svg xmlns=\"http:\/\/www.w3.org\/2000\/svg\" width=\"24\" height=\"24\" viewbox=\"0 0 24 24\" fill=\"none\">\n\t<path d=\"M6.39844 10.7996L11.9984 16.3996M11.9984 16.3996L17.5984 10.7996M11.9984 16.3996V0.498048\" stroke=\"currentColor\" stroke-width=\"2.5\"\/>\n\t<path d=\"M2 22L22 22\" stroke=\"currentColor\" stroke-width=\"2.5\"\/>\n<\/svg>\n<\/span>\n<\/a>\n        <\/li>\n              <li class=\"pl-0!\">\n          \n\n\n<a href=\"https:\/\/www.usk.poznan.pl\/wp-content\/uploads\/2026\/04\/Otwarty-nabor-na-osrodek-POL-MACS.pdf\" class=\"group\/file flex flex-col md:flex-row md:items-center gap-16 md:gap-40 rounded-8 p-24 md:py-32 md:px-40 border border-neutral-100 hover:shadow\" download>\n\t<span class=\"shrink-0 text-primary font-semibold uppercase  md:min-w-50\">pdf<\/span>\n\t<div class=\"grow\">\n\t\t<p class=\"text-primary-100 font-semibold group-hover\/file:text-secondary-50 transition-colors duration-300 ease-in-out\">Informacja o naborze<\/p>\n\t\t\t<\/div>\n\t<span class=\"size-40 rounded-full bg-secondary-50 text-white grid place-content-center shrink-0\"><svg xmlns=\"http:\/\/www.w3.org\/2000\/svg\" width=\"24\" height=\"24\" viewbox=\"0 0 24 24\" fill=\"none\">\n\t<path d=\"M6.39844 10.7996L11.9984 16.3996M11.9984 16.3996L17.5984 10.7996M11.9984 16.3996V0.498048\" stroke=\"currentColor\" stroke-width=\"2.5\"\/>\n\t<path d=\"M2 22L22 22\" stroke=\"currentColor\" stroke-width=\"2.5\"\/>\n<\/svg>\n<\/span>\n<\/a>\n        <\/li>\n          <\/ul>\n  <\/section>","protected":false},"excerpt":{"rendered":"Kontakt dla partner\u00f3w i sponsor\u00f3w Zapraszamy instytucje naukowe, firmy farmaceutyczne, startupy i fundacje do wsp\u00f3\u0142pracy w zakresie bada\u0144 klinicznych, innowacji i projekt\u00f3w rozwojowych. Dowiedz si\u0119, jak zosta\u0107 naszym partnerem i wsp\u00f3lnie tworzy\u0107 przysz\u0142o\u015b\u0107 medycyny. Og\u0142oszenia Zach\u0119camy do zapoznania si\u0119 z aktualnymi og\u0142oszeniami o naborach. Otwarty nab\u00f3r na badacza i o\u015brodek do realizacji eksperymentu badawczego POL-MACS [&hellip;]","protected":false},"author":1,"featured_media":0,"parent":1957,"menu_order":20,"comment_status":"closed","ping_status":"closed","template":"","meta":{"_acf_changed":false,"footnotes":""},"class_list":["post-2018","page","type-page","status-publish","hentry"],"acf":[],"yoast_head":"<!-- This site is optimized with the Yoast SEO plugin v27.5 - https:\/\/yoast.com\/product\/yoast-seo-wordpress\/ -->\n<title>Dla partner\u00f3w i sponsor\u00f3w - Uniwersytecki Szpital Kliniczny w Poznaniu<\/title>\n<meta name=\"robots\" content=\"index, follow, max-snippet:-1, max-image-preview:large, max-video-preview:-1\" \/>\n<link rel=\"canonical\" href=\"https:\/\/www.usk.poznan.pl\/ua\/projekty-i-badania\/dla-partnerow-i-sponsorow\/\" \/>\n<meta property=\"og:locale\" content=\"uk_UA\" \/>\n<meta property=\"og:type\" content=\"article\" \/>\n<meta property=\"og:title\" content=\"Dla partner\u00f3w i sponsor\u00f3w - Uniwersytecki Szpital Kliniczny w Poznaniu\" \/>\n<meta property=\"og:description\" content=\"Kontakt dla partner\u00f3w i sponsor\u00f3w Zapraszamy instytucje naukowe, firmy farmaceutyczne, startupy i fundacje do wsp\u00f3\u0142pracy w zakresie bada\u0144 klinicznych, innowacji i projekt\u00f3w rozwojowych. Dowiedz si\u0119, jak zosta\u0107 naszym partnerem i wsp\u00f3lnie tworzy\u0107 przysz\u0142o\u015b\u0107 medycyny. Og\u0142oszenia Zach\u0119camy do zapoznania si\u0119 z aktualnymi og\u0142oszeniami o naborach. Otwarty nab\u00f3r na badacza i o\u015brodek do realizacji eksperymentu badawczego POL-MACS [&hellip;]\" \/>\n<meta property=\"og:url\" content=\"https:\/\/www.usk.poznan.pl\/ua\/projekty-i-badania\/dla-partnerow-i-sponsorow\/\" \/>\n<meta property=\"og:site_name\" content=\"Uniwersytecki Szpital Kliniczny w Poznaniu\" \/>\n<meta property=\"article:modified_time\" content=\"2026-05-06T07:29:32+00:00\" \/>\n<meta name=\"twitter:card\" content=\"summary_large_image\" \/>\n<meta name=\"twitter:label1\" content=\"\u041f\u0440\u0438\u0431\u043b. \u0447\u0430\u0441 \u0447\u0438\u0442\u0430\u043d\u043d\u044f\" \/>\n\t<meta name=\"twitter:data1\" content=\"1 \u0445\u0432\u0438\u043b\u0438\u043d\u0430\" \/>\n<script type=\"application\/ld+json\" class=\"yoast-schema-graph\">{\"@context\":\"https:\\\/\\\/schema.org\",\"@graph\":[{\"@type\":\"WebPage\",\"@id\":\"https:\\\/\\\/www.usk.poznan.pl\\\/projekty-i-badania\\\/dla-partnerow-i-sponsorow\\\/\",\"url\":\"https:\\\/\\\/www.usk.poznan.pl\\\/projekty-i-badania\\\/dla-partnerow-i-sponsorow\\\/\",\"name\":\"Dla partner\u00f3w i sponsor\u00f3w - Uniwersytecki Szpital Kliniczny w Poznaniu\",\"isPartOf\":{\"@id\":\"https:\\\/\\\/www.usk.poznan.pl\\\/#website\"},\"datePublished\":\"2025-12-10T11:15:05+00:00\",\"dateModified\":\"2026-05-06T07:29:32+00:00\",\"breadcrumb\":{\"@id\":\"https:\\\/\\\/www.usk.poznan.pl\\\/projekty-i-badania\\\/dla-partnerow-i-sponsorow\\\/#breadcrumb\"},\"inLanguage\":\"uk\",\"potentialAction\":[{\"@type\":\"ReadAction\",\"target\":[\"https:\\\/\\\/www.usk.poznan.pl\\\/projekty-i-badania\\\/dla-partnerow-i-sponsorow\\\/\"]}]},{\"@type\":\"BreadcrumbList\",\"@id\":\"https:\\\/\\\/www.usk.poznan.pl\\\/projekty-i-badania\\\/dla-partnerow-i-sponsorow\\\/#breadcrumb\",\"itemListElement\":[{\"@type\":\"ListItem\",\"position\":1,\"name\":\"Strona g\u0142\u00f3wna\",\"item\":\"https:\\\/\\\/www.usk.poznan.pl\\\/\"},{\"@type\":\"ListItem\",\"position\":2,\"name\":\"Projekty i&nbsp;badania\",\"item\":\"https:\\\/\\\/www.usk.poznan.pl\\\/projekty-i-badania\\\/\"},{\"@type\":\"ListItem\",\"position\":3,\"name\":\"Dla partner\u00f3w i sponsor\u00f3w\"}]},{\"@type\":\"WebSite\",\"@id\":\"https:\\\/\\\/www.usk.poznan.pl\\\/#website\",\"url\":\"https:\\\/\\\/www.usk.poznan.pl\\\/\",\"name\":\"Uniwersytecki Szpital Kliniczny w Poznaniu\",\"description\":\"\",\"potentialAction\":[{\"@type\":\"SearchAction\",\"target\":{\"@type\":\"EntryPoint\",\"urlTemplate\":\"https:\\\/\\\/www.usk.poznan.pl\\\/?s={search_term_string}\"},\"query-input\":{\"@type\":\"PropertyValueSpecification\",\"valueRequired\":true,\"valueName\":\"search_term_string\"}}],\"inLanguage\":\"uk\"}]}<\/script>\n<!-- \/ Yoast SEO plugin. -->","yoast_head_json":{"title":"Dla partner\u00f3w i sponsor\u00f3w - Uniwersytecki Szpital Kliniczny w Poznaniu","robots":{"index":"index","follow":"follow","max-snippet":"max-snippet:-1","max-image-preview":"max-image-preview:large","max-video-preview":"max-video-preview:-1"},"canonical":"https:\/\/www.usk.poznan.pl\/ua\/projekty-i-badania\/dla-partnerow-i-sponsorow\/","og_locale":"uk_UA","og_type":"article","og_title":"Dla partner\u00f3w i sponsor\u00f3w - Uniwersytecki Szpital Kliniczny w Poznaniu","og_description":"Kontakt dla partner\u00f3w i sponsor\u00f3w Zapraszamy instytucje naukowe, firmy farmaceutyczne, startupy i fundacje do wsp\u00f3\u0142pracy w zakresie bada\u0144 klinicznych, innowacji i projekt\u00f3w rozwojowych. Dowiedz si\u0119, jak zosta\u0107 naszym partnerem i wsp\u00f3lnie tworzy\u0107 przysz\u0142o\u015b\u0107 medycyny. Og\u0142oszenia Zach\u0119camy do zapoznania si\u0119 z aktualnymi og\u0142oszeniami o naborach. Otwarty nab\u00f3r na badacza i o\u015brodek do realizacji eksperymentu badawczego POL-MACS [&hellip;]","og_url":"https:\/\/www.usk.poznan.pl\/ua\/projekty-i-badania\/dla-partnerow-i-sponsorow\/","og_site_name":"Uniwersytecki Szpital Kliniczny w Poznaniu","article_modified_time":"2026-05-06T07:29:32+00:00","twitter_card":"summary_large_image","twitter_misc":{"\u041f\u0440\u0438\u0431\u043b. \u0447\u0430\u0441 \u0447\u0438\u0442\u0430\u043d\u043d\u044f":"1 \u0445\u0432\u0438\u043b\u0438\u043d\u0430"},"schema":{"@context":"https:\/\/schema.org","@graph":[{"@type":"WebPage","@id":"https:\/\/www.usk.poznan.pl\/projekty-i-badania\/dla-partnerow-i-sponsorow\/","url":"https:\/\/www.usk.poznan.pl\/projekty-i-badania\/dla-partnerow-i-sponsorow\/","name":"Dla partner\u00f3w i sponsor\u00f3w - Uniwersytecki Szpital Kliniczny w Poznaniu","isPartOf":{"@id":"https:\/\/www.usk.poznan.pl\/#website"},"datePublished":"2025-12-10T11:15:05+00:00","dateModified":"2026-05-06T07:29:32+00:00","breadcrumb":{"@id":"https:\/\/www.usk.poznan.pl\/projekty-i-badania\/dla-partnerow-i-sponsorow\/#breadcrumb"},"inLanguage":"uk","potentialAction":[{"@type":"ReadAction","target":["https:\/\/www.usk.poznan.pl\/projekty-i-badania\/dla-partnerow-i-sponsorow\/"]}]},{"@type":"BreadcrumbList","@id":"https:\/\/www.usk.poznan.pl\/projekty-i-badania\/dla-partnerow-i-sponsorow\/#breadcrumb","itemListElement":[{"@type":"ListItem","position":1,"name":"Strona g\u0142\u00f3wna","item":"https:\/\/www.usk.poznan.pl\/"},{"@type":"ListItem","position":2,"name":"Projekty i&nbsp;badania","item":"https:\/\/www.usk.poznan.pl\/projekty-i-badania\/"},{"@type":"ListItem","position":3,"name":"Dla partner\u00f3w i sponsor\u00f3w"}]},{"@type":"WebSite","@id":"https:\/\/www.usk.poznan.pl\/#website","url":"https:\/\/www.usk.poznan.pl\/","name":"Uniwersytecki Szpital Kliniczny w Poznaniu","description":"","potentialAction":[{"@type":"SearchAction","target":{"@type":"EntryPoint","urlTemplate":"https:\/\/www.usk.poznan.pl\/?s={search_term_string}"},"query-input":{"@type":"PropertyValueSpecification","valueRequired":true,"valueName":"search_term_string"}}],"inLanguage":"uk"}]}},"_links":{"self":[{"href":"https:\/\/www.usk.poznan.pl\/ua\/wp-json\/wp\/v2\/pages\/2018","targetHints":{"allow":["GET"]}}],"collection":[{"href":"https:\/\/www.usk.poznan.pl\/ua\/wp-json\/wp\/v2\/pages"}],"about":[{"href":"https:\/\/www.usk.poznan.pl\/ua\/wp-json\/wp\/v2\/types\/page"}],"author":[{"embeddable":true,"href":"https:\/\/www.usk.poznan.pl\/ua\/wp-json\/wp\/v2\/users\/1"}],"replies":[{"embeddable":true,"href":"https:\/\/www.usk.poznan.pl\/ua\/wp-json\/wp\/v2\/comments?post=2018"}],"version-history":[{"count":7,"href":"https:\/\/www.usk.poznan.pl\/ua\/wp-json\/wp\/v2\/pages\/2018\/revisions"}],"predecessor-version":[{"id":6095,"href":"https:\/\/www.usk.poznan.pl\/ua\/wp-json\/wp\/v2\/pages\/2018\/revisions\/6095"}],"up":[{"embeddable":true,"href":"https:\/\/www.usk.poznan.pl\/ua\/wp-json\/wp\/v2\/pages\/1957"}],"wp:attachment":[{"href":"https:\/\/www.usk.poznan.pl\/ua\/wp-json\/wp\/v2\/media?parent=2018"}],"curies":[{"name":"wp","href":"https:\/\/api.w.org\/{rel}","templated":true}]}}