{"id":2012,"date":"2025-12-10T12:13:18","date_gmt":"2025-12-10T11:13:18","guid":{"rendered":"https:\/\/usk.empressia.dev\/?page_id=2012"},"modified":"2026-04-17T11:31:58","modified_gmt":"2026-04-17T09:31:58","slug":"badania-kliniczne","status":"publish","type":"page","link":"https:\/\/www.usk.poznan.pl\/ua\/projekty-i-badania\/badania-kliniczne\/","title":{"rendered":"Badania kliniczne"},"content":{"rendered":"\t\t\n\t<section class=\"texts-in-columns is-style-medium-margin\" >\n\t\t<div class=\"space-y-32\">\n\t\t\t<div class=\"space-y-24\">\n\t\t\t\t\t\t\t\t\t\n\t<h2 class=\"  mt-0!\">\n\n\t\tUniwersytecki Szpital Kliniczny w Poznaniu jest jednym z wiod\u0105cych o\u015brodk\u00f3w bada\u0144 klinicznych w Polsce.\n\n\t<\/h2>\n\n\t\t\t\t\n\t\t\t\t\n\t\t\t\t\t\t\t<\/div>\n\n\t\t\t<div class=\"space-y-24\">\n\t\t\t\t\n\t\t\t\t\t\t\t\t\t<div class=\"space-y-24\"><p>Dzi\u0119ki zapleczu naukowemu, wysoko wykwalifikowanej kadrze i nowoczesnej infrastrukturze, szpital realizuje projekty obejmuj\u0105ce wszystkie fazy bada\u0144 klinicznych \u2013 od wczesnych etap\u00f3w oceny bezpiecze\u0144stwa i skuteczno\u015bci nowych terapii po badania porejestracyjne.<\/p>\n<p>Naszym celem jest rozw\u00f3j nowoczesnych metod leczenia i diagnostyki, kt\u00f3re realnie poprawiaj\u0105 jako\u015b\u0107 \u017cycia pacjent\u00f3w. Badania prowadzone w USK pozwalaj\u0105 chorym uzyska\u0107 dost\u0119p do innowacyjnych terapii, a naukowcom i lekarzom \u2013 wsp\u00f3\u0142tworzy\u0107 post\u0119p medycyny opartej na faktach.<\/p>\n<\/div>\n\t\t\t\t\n\t\t\t\t\t\t\t<\/div>\n\t\t<\/div>\n\t<\/section>\n\n\n\t\t\t\n\t<section class=\"mixed-content-in-columns is-style-medium-margin\" >\n\t\t<div class=\"flex flex-col lg:items-stretch lg:flex-row gap-y-32 gap-x-135\">\n\t\t\t\t\t\t\t\t\t\t\t<div class=\"shrink-0 lg:w-[42.5%] relative\">\n\t\t\t\t\t<figure class=\"overflow-hidden rounded-8 h-full\">\n\t\t\t\t\t\t\n\n\n\t\n\t\t\t\t\n\t\n\t<img decoding=\"async\" width=\"768\" height=\"512\" src=\"https:\/\/www.usk.poznan.pl\/wp-content\/uploads\/2025\/12\/budynek-ucwbk-768x512.avif\" class=\"size-full object-cover\" alt=\"\" loading=\"lazy\" srcset=\"https:\/\/www.usk.poznan.pl\/wp-content\/uploads\/2025\/12\/budynek-ucwbk-768x512.avif 768w, https:\/\/www.usk.poznan.pl\/wp-content\/uploads\/2025\/12\/budynek-ucwbk-300x200.avif 300w, https:\/\/www.usk.poznan.pl\/wp-content\/uploads\/2025\/12\/budynek-ucwbk-1024x683.avif 1024w, https:\/\/www.usk.poznan.pl\/wp-content\/uploads\/2025\/12\/budynek-ucwbk-18x12.avif 18w, https:\/\/www.usk.poznan.pl\/wp-content\/uploads\/2025\/12\/budynek-ucwbk-500x333.avif 500w, https:\/\/www.usk.poznan.pl\/wp-content\/uploads\/2025\/12\/budynek-ucwbk.avif 1536w\" sizes=\"(max-width: 768px) 100vw, 768px\" \/>\n\n\t\t\t\t\t<\/figure>\n\n\t\t\t\t\t\t\t\t\t<\/div>\n\t\t\t\n\t\t\t<div class=\"space-y-24 flex flex-col justify-center\">\n\t\t\t\t\t\t\t\t\t\n\t<h3 class=\"  m-0!\">\n\n\t\tUniwersyteckie Centrum Wsparcia Bada\u0144 Klinicznych (UCWBK)\n\n\t<\/h3>\n\n\t\t\t\t\n\t\t\t\t\t\t\t\t\t<div class=\"mt-24! lg:mt-48! space-y-24\"><p>USK w Poznaniu jest cz\u0119\u015bci\u0105 Uniwersyteckiego Centrum Wsparcia Bada\u0144 Klinicznych (UCWBK). Centrum to wyspecjalisowany o\u015brodek prowadz\u0105cy badania I i II fazy, dotycz\u0105ce nowych lek\u00f3w, terapii biologicznych i wyrob\u00f3w medycznych. Centrum dysponuje nowoczesn\u0105 infrastruktur\u0105, w tym zapleczem diagnostycznym, laboratoriami i stref\u0105 pobytow\u0105 dla uczestnik\u00f3w bada\u0144. UCWBK dzia\u0142a zgodnie z najwy\u017cszymi standardami jako\u015bci, zapewniaj\u0105c kompleksow\u0105 obs\u0142ug\u0119 procesu badawczego<\/p>\n<\/div>\n\t\t\t\t\n\t\t\t\t\t\t\t\t\t\n\n\t\n\t\t<a href=\"https:\/\/badaniakliniczne.ump.edu.pl\/\" target=\"_self\"  class=\"btn btn-secondary  lg:mt-64 \">\n\t\t\t<span>\n\t\t\t\tOdwied\u017a stron\u0119 UCWBK\n\t\t\t<\/span>\n\t\t\t<span class=\"btn-icon hidden xs:inline-flex items-center justify-center size-40 rounded-full shrink-0 \">\n\t\t\t\t<svg xmlns=\"http:\/\/www.w3.org\/2000\/svg\" width=\"11\" height=\"18\" viewbox=\"0 0 11 18\" fill=\"none\">\n\t<path d=\"M1.5 16L8.5 9L1.5 2\" stroke=\"currentColor\" stroke-width=\"3\"\/>\n<\/svg>\n\n\t\t\t<\/span>\n\t\t<\/a>\n\n\t\n\t\t\t\t\t\t\t<\/div>\n\t\t<\/div>\n\t<\/section>\n\n\n\t\t\n\t<section class=\"texts-in-columns is-style-extra-small-margin\" >\n\t\t<div class=\"space-y-32\">\n\t\t\t<div class=\"space-y-24\">\n\t\t\t\t\t\t\t\t\t\n\t<h3 class=\"  mt-0!\">\n\n\t\tAktualne badania\n\n\t<\/h3>\n\n\t\t\t\t\n\t\t\t\t\t\t\t\t\t<div class=\"space-y-24\"><p>W Uniwersyteckim Szpitalu Klinicznym prowadzonych jest wiele bada\u0144 klinicznych w r\u00f3\u017cnych dziedzinach medycyny, m.in. onkologii, kardiologii, endokrynologii, neurologii.<\/p>\n<p>Chcesz zobaczy\u0107 list\u0119 aktualnych bada\u0144?<\/p>\n<\/div>\n\t\t\t\t\n\t\t\t\t\t\t\t\t\t\n\n\t\n\t\t<a href=\"https:\/\/badaniakliniczne.ump.edu.pl\/badania\/\" target=\"_self\"  class=\"btn btn-tertiary  lg:mt-48 \">\n\t\t\t<span>\n\t\t\t\tZobacz list\u0119 aktualnych bada\u0144\n\t\t\t<\/span>\n\t\t\t<span class=\"btn-icon hidden xs:inline-flex items-center justify-center size-40 rounded-full shrink-0 \">\n\t\t\t\t<svg xmlns=\"http:\/\/www.w3.org\/2000\/svg\" width=\"11\" height=\"18\" viewbox=\"0 0 11 18\" fill=\"none\">\n\t<path d=\"M1.5 16L8.5 9L1.5 2\" stroke=\"currentColor\" stroke-width=\"3\"\/>\n<\/svg>\n\n\t\t\t<\/span>\n\t\t<\/a>\n\n\t\n\t\t\t\t\t\t\t<\/div>\n\n\t\t\t<div class=\"space-y-24\">\n\t\t\t\t\t\t\t\t\t\n\t<h3 class=\"  mt-0!\">\n\n\t\tJak do\u0142\u0105czy\u0107 jako pacjent\n\n\t<\/h3>\n\n\t\t\t\t\n\t\t\t\t\t\t\t\t\t<div class=\"space-y-24\"><p>Udzia\u0142 w badaniu klinicznym daje pacjentom mo\u017cliwo\u015b\u0107 skorzystania z najnowszych metod leczenia pod opiek\u0105 do\u015bwiadczonego zespo\u0142u specjalist\u00f3w. Ka\u017cde badanie prowadzone w USK spe\u0142nia rygorystyczne wymagania etyczne i prawne, a bezpiecze\u0144stwo uczestnik\u00f3w jest zawsze najwy\u017cszym priorytetem.<\/p>\n<p>Aby uzyska\u0107 informacje o aktualnych rekrutacjach lub zg\u0142osi\u0107 ch\u0119\u0107 udzia\u0142u, zapraszamy do kontaktu z zespo\u0142em Uniwersyteckiego Centrum Wparcia Bada\u0144 Klinicznych<\/p>\n<\/div>\n\t\t\t\t\n\t\t\t\t\t\t\t\t\t\n\n\t\n\t\t<a href=\"https:\/\/badaniakliniczne.ump.edu.pl\/dla-pacjentow\/\" target=\"_self\"  class=\"btn btn-tertiary  lg:mt-48 \">\n\t\t\t<span>\n\t\t\t\tDowiedz si\u0119&nbsp;wi\u0119cej\n\t\t\t<\/span>\n\t\t\t<span class=\"btn-icon hidden xs:inline-flex items-center justify-center size-40 rounded-full shrink-0 \">\n\t\t\t\t<svg xmlns=\"http:\/\/www.w3.org\/2000\/svg\" width=\"11\" height=\"18\" viewbox=\"0 0 11 18\" fill=\"none\">\n\t<path d=\"M1.5 16L8.5 9L1.5 2\" stroke=\"currentColor\" stroke-width=\"3\"\/>\n<\/svg>\n\n\t\t\t<\/span>\n\t\t<\/a>\n\n\t\n\t\t\t\t\t\t\t<\/div>\n\t\t<\/div>\n\t<\/section>\n\n\n","protected":false},"excerpt":{"rendered":"","protected":false},"author":1,"featured_media":0,"parent":1957,"menu_order":23,"comment_status":"closed","ping_status":"closed","template":"","meta":{"_acf_changed":false,"footnotes":""},"class_list":["post-2012","page","type-page","status-publish","hentry"],"acf":[],"yoast_head":"<!-- This site is optimized with the Yoast SEO plugin v27.5 - https:\/\/yoast.com\/product\/yoast-seo-wordpress\/ -->\n<title>Badania kliniczne - Uniwersytecki Szpital Kliniczny w Poznaniu<\/title>\n<meta name=\"robots\" content=\"index, follow, max-snippet:-1, max-image-preview:large, max-video-preview:-1\" \/>\n<link rel=\"canonical\" href=\"https:\/\/www.usk.poznan.pl\/ua\/projekty-i-badania\/badania-kliniczne\/\" \/>\n<meta property=\"og:locale\" content=\"uk_UA\" \/>\n<meta property=\"og:type\" content=\"article\" \/>\n<meta property=\"og:title\" content=\"Badania kliniczne - Uniwersytecki Szpital Kliniczny w Poznaniu\" \/>\n<meta property=\"og:url\" content=\"https:\/\/www.usk.poznan.pl\/ua\/projekty-i-badania\/badania-kliniczne\/\" \/>\n<meta property=\"og:site_name\" content=\"Uniwersytecki Szpital Kliniczny w Poznaniu\" \/>\n<meta property=\"article:modified_time\" content=\"2026-04-17T09:31:58+00:00\" \/>\n<meta name=\"twitter:card\" content=\"summary_large_image\" \/>\n<script type=\"application\/ld+json\" class=\"yoast-schema-graph\">{\"@context\":\"https:\\\/\\\/schema.org\",\"@graph\":[{\"@type\":\"WebPage\",\"@id\":\"https:\\\/\\\/www.usk.poznan.pl\\\/ua\\\/projekty-i-badania\\\/badania-kliniczne\\\/\",\"url\":\"https:\\\/\\\/www.usk.poznan.pl\\\/ua\\\/projekty-i-badania\\\/badania-kliniczne\\\/\",\"name\":\"Badania kliniczne - Uniwersytecki Szpital Kliniczny w Poznaniu\",\"isPartOf\":{\"@id\":\"https:\\\/\\\/www.usk.poznan.pl\\\/#website\"},\"datePublished\":\"2025-12-10T11:13:18+00:00\",\"dateModified\":\"2026-04-17T09:31:58+00:00\",\"breadcrumb\":{\"@id\":\"https:\\\/\\\/www.usk.poznan.pl\\\/ua\\\/projekty-i-badania\\\/badania-kliniczne\\\/#breadcrumb\"},\"inLanguage\":\"uk\",\"potentialAction\":[{\"@type\":\"ReadAction\",\"target\":[\"https:\\\/\\\/www.usk.poznan.pl\\\/ua\\\/projekty-i-badania\\\/badania-kliniczne\\\/\"]}]},{\"@type\":\"BreadcrumbList\",\"@id\":\"https:\\\/\\\/www.usk.poznan.pl\\\/ua\\\/projekty-i-badania\\\/badania-kliniczne\\\/#breadcrumb\",\"itemListElement\":[{\"@type\":\"ListItem\",\"position\":1,\"name\":\"Strona g\u0142\u00f3wna\",\"item\":\"https:\\\/\\\/www.usk.poznan.pl\\\/\"},{\"@type\":\"ListItem\",\"position\":2,\"name\":\"Projekty i&nbsp;badania\",\"item\":\"https:\\\/\\\/www.usk.poznan.pl\\\/projekty-i-badania\\\/\"},{\"@type\":\"ListItem\",\"position\":3,\"name\":\"Badania kliniczne\"}]},{\"@type\":\"WebSite\",\"@id\":\"https:\\\/\\\/www.usk.poznan.pl\\\/#website\",\"url\":\"https:\\\/\\\/www.usk.poznan.pl\\\/\",\"name\":\"Uniwersytecki Szpital Kliniczny w Poznaniu\",\"description\":\"\",\"potentialAction\":[{\"@type\":\"SearchAction\",\"target\":{\"@type\":\"EntryPoint\",\"urlTemplate\":\"https:\\\/\\\/www.usk.poznan.pl\\\/?s={search_term_string}\"},\"query-input\":{\"@type\":\"PropertyValueSpecification\",\"valueRequired\":true,\"valueName\":\"search_term_string\"}}],\"inLanguage\":\"uk\"}]}<\/script>\n<!-- \/ Yoast SEO plugin. -->","yoast_head_json":{"title":"Badania kliniczne - Uniwersytecki Szpital Kliniczny w Poznaniu","robots":{"index":"index","follow":"follow","max-snippet":"max-snippet:-1","max-image-preview":"max-image-preview:large","max-video-preview":"max-video-preview:-1"},"canonical":"https:\/\/www.usk.poznan.pl\/ua\/projekty-i-badania\/badania-kliniczne\/","og_locale":"uk_UA","og_type":"article","og_title":"Badania kliniczne - Uniwersytecki Szpital Kliniczny w Poznaniu","og_url":"https:\/\/www.usk.poznan.pl\/ua\/projekty-i-badania\/badania-kliniczne\/","og_site_name":"Uniwersytecki Szpital Kliniczny w Poznaniu","article_modified_time":"2026-04-17T09:31:58+00:00","twitter_card":"summary_large_image","schema":{"@context":"https:\/\/schema.org","@graph":[{"@type":"WebPage","@id":"https:\/\/www.usk.poznan.pl\/ua\/projekty-i-badania\/badania-kliniczne\/","url":"https:\/\/www.usk.poznan.pl\/ua\/projekty-i-badania\/badania-kliniczne\/","name":"Badania kliniczne - Uniwersytecki Szpital Kliniczny w Poznaniu","isPartOf":{"@id":"https:\/\/www.usk.poznan.pl\/#website"},"datePublished":"2025-12-10T11:13:18+00:00","dateModified":"2026-04-17T09:31:58+00:00","breadcrumb":{"@id":"https:\/\/www.usk.poznan.pl\/ua\/projekty-i-badania\/badania-kliniczne\/#breadcrumb"},"inLanguage":"uk","potentialAction":[{"@type":"ReadAction","target":["https:\/\/www.usk.poznan.pl\/ua\/projekty-i-badania\/badania-kliniczne\/"]}]},{"@type":"BreadcrumbList","@id":"https:\/\/www.usk.poznan.pl\/ua\/projekty-i-badania\/badania-kliniczne\/#breadcrumb","itemListElement":[{"@type":"ListItem","position":1,"name":"Strona g\u0142\u00f3wna","item":"https:\/\/www.usk.poznan.pl\/"},{"@type":"ListItem","position":2,"name":"Projekty i&nbsp;badania","item":"https:\/\/www.usk.poznan.pl\/projekty-i-badania\/"},{"@type":"ListItem","position":3,"name":"Badania kliniczne"}]},{"@type":"WebSite","@id":"https:\/\/www.usk.poznan.pl\/#website","url":"https:\/\/www.usk.poznan.pl\/","name":"Uniwersytecki Szpital Kliniczny w Poznaniu","description":"","potentialAction":[{"@type":"SearchAction","target":{"@type":"EntryPoint","urlTemplate":"https:\/\/www.usk.poznan.pl\/?s={search_term_string}"},"query-input":{"@type":"PropertyValueSpecification","valueRequired":true,"valueName":"search_term_string"}}],"inLanguage":"uk"}]}},"_links":{"self":[{"href":"https:\/\/www.usk.poznan.pl\/ua\/wp-json\/wp\/v2\/pages\/2012","targetHints":{"allow":["GET"]}}],"collection":[{"href":"https:\/\/www.usk.poznan.pl\/ua\/wp-json\/wp\/v2\/pages"}],"about":[{"href":"https:\/\/www.usk.poznan.pl\/ua\/wp-json\/wp\/v2\/types\/page"}],"author":[{"embeddable":true,"href":"https:\/\/www.usk.poznan.pl\/ua\/wp-json\/wp\/v2\/users\/1"}],"replies":[{"embeddable":true,"href":"https:\/\/www.usk.poznan.pl\/ua\/wp-json\/wp\/v2\/comments?post=2012"}],"version-history":[{"count":17,"href":"https:\/\/www.usk.poznan.pl\/ua\/wp-json\/wp\/v2\/pages\/2012\/revisions"}],"predecessor-version":[{"id":5870,"href":"https:\/\/www.usk.poznan.pl\/ua\/wp-json\/wp\/v2\/pages\/2012\/revisions\/5870"}],"up":[{"embeddable":true,"href":"https:\/\/www.usk.poznan.pl\/ua\/wp-json\/wp\/v2\/pages\/1957"}],"wp:attachment":[{"href":"https:\/\/www.usk.poznan.pl\/ua\/wp-json\/wp\/v2\/media?parent=2012"}],"curies":[{"name":"wp","href":"https:\/\/api.w.org\/{rel}","templated":true}]}}