{"id":1957,"date":"2025-12-10T09:05:44","date_gmt":"2025-12-10T08:05:44","guid":{"rendered":"https:\/\/usk.empressia.dev\/?page_id=1957"},"modified":"2026-02-13T15:29:05","modified_gmt":"2026-02-13T14:29:05","slug":"projekty-i-badania","status":"publish","type":"page","link":"https:\/\/www.usk.poznan.pl\/ua\/projekty-i-badania\/","title":{"rendered":"Projekty i badania"},"content":{"rendered":"\t\t\n\t<section class=\"texts-in-columns is-style-large-margin\" >\n\t\t<div class=\"space-y-32\">\n\t\t\t<div class=\"space-y-24\">\n\t\t\t\t\t\t\t\t\t\n\t<h3 class=\"  mt-0!\">\n\n\t\tUniwersytecki Szpital Kliniczny w Poznaniu jest jednym z najwa\u017cniejszych o\u015brodk\u00f3w medycznych i badawczych w Polsce oraz najwi\u0119ksz\u0105 plac\u00f3wk\u0105 ochrony zdrowia w regionie wielkopolskim.\n\n\t<\/h3>\n\n\t\t\t\t\n\t\t\t\t\n\t\t\t\t\t\t\t<\/div>\n\n\t\t\t<div class=\"space-y-24\">\n\t\t\t\t\n\t\t\t\t\t\t\t\t\t<div class=\"space-y-24\"><p>Jako jednostka Uniwersytetu Medycznego im. Karola Marcinkowskiego \u0142\u0105czy dzia\u0142alno\u015b\u0107 kliniczn\u0105, naukow\u0105 i dydaktyczn\u0105, tworz\u0105c \u015brodowisko, w kt\u00f3rym wiedza i technologia wspieraj\u0105 codzienn\u0105 praktyk\u0119 medyczn\u0105.<\/p>\n<p><strong>Szpital realizuje szeroki zakres projekt\u00f3w badawczych, klinicznych i rozwojowych<\/strong>, kt\u00f3rych celem jest doskonalenie diagnostyki, zwi\u0119kszenie skuteczno\u015bci leczenia oraz poprawa bezpiecze\u0144stwa pacjent\u00f3w. Prowadzone inicjatywy obejmuj\u0105 badania kliniczne, rozw\u00f3j wyrob\u00f3w medycznych, wdra\u017canie narz\u0119dzi sztucznej inteligencji, telemedycyny oraz innowacyjnych metod terapii.<\/p>\n<\/div>\n\t\t\t\t\n\t\t\t\t\t\t\t<\/div>\n\t\t<\/div>\n\t<\/section>\n\n\n\t\t\t\n\t<section class=\"mixed-content-in-columns is-style-medium-margin\" >\n\t\t<div class=\"flex flex-col lg:items-stretch lg:flex-row gap-y-32 gap-x-135\">\n\t\t\t\t\t\t\t\t\t\t\t<div class=\"shrink-0 lg:w-[42.5%] relative\">\n\t\t\t\t\t<figure class=\"overflow-hidden rounded-8 h-full\">\n\t\t\t\t\t\t\n\n\n\t\n\t\t\t\t\n\t\n\t<img decoding=\"async\" width=\"768\" height=\"432\" src=\"https:\/\/www.usk.poznan.pl\/wp-content\/uploads\/2025\/12\/hospital-768x432.avif\" class=\"size-full object-cover\" alt=\"\" loading=\"lazy\" srcset=\"https:\/\/www.usk.poznan.pl\/wp-content\/uploads\/2025\/12\/hospital-768x432.avif 768w, https:\/\/www.usk.poznan.pl\/wp-content\/uploads\/2025\/12\/hospital-300x169.avif 300w, https:\/\/www.usk.poznan.pl\/wp-content\/uploads\/2025\/12\/hospital-1024x576.avif 1024w, https:\/\/www.usk.poznan.pl\/wp-content\/uploads\/2025\/12\/hospital-1536x864.avif 1536w, https:\/\/www.usk.poznan.pl\/wp-content\/uploads\/2025\/12\/hospital-2048x1152.avif 2048w, https:\/\/www.usk.poznan.pl\/wp-content\/uploads\/2025\/12\/hospital-18x10.avif 18w, https:\/\/www.usk.poznan.pl\/wp-content\/uploads\/2025\/12\/hospital-500x281.avif 500w\" sizes=\"(max-width: 768px) 100vw, 768px\" \/>\n\n\t\t\t\t\t<\/figure>\n\n\t\t\t\t\t\t\t\t\t\t\t<div class=\"hidden lg:block absolute -bottom-[15.1rem] -left-[15.1rem] -z-1\">\n\t\t\t\t\t\t\t<svg xmlns=\"http:\/\/www.w3.org\/2000\/svg\" width=\"302\" height=\"302\" viewbox=\"0 0 302 302\" fill=\"none\">\n\t<path fill-rule=\"evenodd\" clip-rule=\"evenodd\" d=\"M1 120.141H120.236V0.904297H181.764V120.141H301V181.699H181.764V300.904H120.236V181.699H1V120.141Z\" stroke=\"#ED6E1E\"\/>\n<\/svg>\n\n\t\t\t\t\t\t<\/div>\n\t\t\t\t\t\t\t\t\t<\/div>\n\t\t\t\n\t\t\t<div class=\"space-y-24 flex flex-col justify-center\">\n\t\t\t\t\t\t\t\t\t\n\t<h6 class=\"  m-0!\">\n\n\t\tUSK dzia\u0142a na du\u017c\u0105 skal\u0119\n\n\t<\/h6>\n\n\t\t\t\t\n\t\t\t\t\t\t\t\t\t<div class=\"mt-24! lg:mt-48! space-y-24\"><p>To o\u015brodek, w kt\u00f3rym ka\u017cdego roku hospitalizowane s\u0105 dziesi\u0105tki tysi\u0119cy pacjent\u00f3w, a liczba udzielanych \u015bwiadcze\u0144 ambulatoryjnych si\u0119ga setek tysi\u0119cy. Zatrudnia ponad trzy tysi\u0105ce wysoko wykwalifikowanych pracownik\u00f3w: lekarzy, piel\u0119gniarek, diagnost\u00f3w, fizjoterapeut\u00f3w i personelu technicznego, w tym liczn\u0105 kadr\u0119 akademick\u0105 zaanga\u017cowan\u0105 w dzia\u0142alno\u015b\u0107 naukowo-dydaktyczn\u0105.<\/p>\n<p>Szpital posiada stabiln\u0105 sytuacj\u0119 finansow\u0105 i mocn\u0105 pozycj\u0119 organizacyjn\u0105, co umo\u017cliwia niezale\u017cne finansowanie rozwoju, inwestycji oraz skuteczne prowadzenie projekt\u00f3w naukowych i klinicznych. USK ma bogate do\u015bwiadczenie w realizacji projekt\u00f3w finansowanych ze \u015brodk\u00f3w publicznych \u2013 krajowych i mi\u0119dzynarodowych. Prowadzi projekty jako <strong>beneficjent i partner konsorcj\u00f3w<\/strong> w ramach program\u00f3w <strong>Agencji Bada\u0144 Medycznych, Ministerstwa Zdrowia, Funduszy Europejskich oraz EOG\/Norway Grants<\/strong>.<\/p>\n<\/div>\n\t\t\t\t\n\t\t\t\t\t\t\t<\/div>\n\t\t<\/div>\n\t<\/section>\n\n\n\t\n\t\t\t\n\t<h2 class=\" \">\n\n\t\tJaki obszar Ci\u0119 interesuje?\n\n\t<\/h2>\n\n\t\n\t<nav class=\"navigation-grid grid lg:grid-cols-2 gap-32 mt-48  is-style-no-margin\">\n\t\t\t\t\t<a href=\"https:\/\/usk.poznan.pl\/projekty-i-badania\/badania-kliniczne\/\" target=\"\" class=\"group\/link flex flex-col md:flex-row md:items-center md:justify-between gap-24 bg-primary-10 hover:bg-primary-50 rounded-8 p-24 md:px-48 md:py-32\">\n\t\t\t\t<p class=\"flex flex-col space-y-4\">\n\t\t\t\t\t<span class=\"h4 group-hover\/link:text-white transition-colors duration-300 ease-in-out\">Badania kliniczne<\/span>\n\t\t\t\t\t<span class=\"group-hover\/link:text-white transition-colors duration-300 ease-in-out\">Szpital realizuje projekty obejmuj\u0105ce wszystkie fazy bada\u0144 klinicznych<\/span>\n\t\t\t\t<\/p>\n\t\t\t\t<span class=\"size-40 rounded-full border border-secondary-50 grid place-content-center text-secondary-50 shrink-0\"><svg xmlns=\"http:\/\/www.w3.org\/2000\/svg\" width=\"11\" height=\"18\" viewbox=\"0 0 11 18\" fill=\"none\">\n\t<path d=\"M1.5 16L8.5 9L1.5 2\" stroke=\"currentColor\" stroke-width=\"3\"\/>\n<\/svg>\n<\/span>\n\t\t\t<\/a>\n\t\t\t\t\t<a href=\"https:\/\/usk.poznan.pl\/projekty-i-badania\/projekty-naukowe-i-innowacyjne\/\" target=\"\" class=\"group\/link flex flex-col md:flex-row md:items-center md:justify-between gap-24 bg-primary-10 hover:bg-primary-50 rounded-8 p-24 md:px-48 md:py-32\">\n\t\t\t\t<p class=\"flex flex-col space-y-4\">\n\t\t\t\t\t<span class=\"h4 group-hover\/link:text-white transition-colors duration-300 ease-in-out\">Projekty naukowe i innowacyjne<\/span>\n\t\t\t\t\t<span class=\"group-hover\/link:text-white transition-colors duration-300 ease-in-out\">Zapoznaj si\u0119 z realizowanymi przez Szpital projektami<\/span>\n\t\t\t\t<\/p>\n\t\t\t\t<span class=\"size-40 rounded-full border border-secondary-50 grid place-content-center text-secondary-50 shrink-0\"><svg xmlns=\"http:\/\/www.w3.org\/2000\/svg\" width=\"11\" height=\"18\" viewbox=\"0 0 11 18\" fill=\"none\">\n\t<path d=\"M1.5 16L8.5 9L1.5 2\" stroke=\"currentColor\" stroke-width=\"3\"\/>\n<\/svg>\n<\/span>\n\t\t\t<\/a>\n\t\t\t\t\t<a href=\"https:\/\/usk.poznan.pl\/projekty-i-badania\/projekty-infrastrukturalne\/\" target=\"\" class=\"group\/link flex flex-col md:flex-row md:items-center md:justify-between gap-24 bg-primary-10 hover:bg-primary-50 rounded-8 p-24 md:px-48 md:py-32\">\n\t\t\t\t<p class=\"flex flex-col space-y-4\">\n\t\t\t\t\t<span class=\"h4 group-hover\/link:text-white transition-colors duration-300 ease-in-out\">Projekty infrastrukturalne<\/span>\n\t\t\t\t\t<span class=\"group-hover\/link:text-white transition-colors duration-300 ease-in-out\">Poznaj nasze inwestycje w nowoczesn\u0105 infrastruktur\u0119 szpitaln\u0105<\/span>\n\t\t\t\t<\/p>\n\t\t\t\t<span class=\"size-40 rounded-full border border-secondary-50 grid place-content-center text-secondary-50 shrink-0\"><svg xmlns=\"http:\/\/www.w3.org\/2000\/svg\" width=\"11\" height=\"18\" viewbox=\"0 0 11 18\" fill=\"none\">\n\t<path d=\"M1.5 16L8.5 9L1.5 2\" stroke=\"currentColor\" stroke-width=\"3\"\/>\n<\/svg>\n<\/span>\n\t\t\t<\/a>\n\t\t\t\t\t<a href=\"https:\/\/usk.poznan.pl\/projekty-i-badania\/dla-partnerow-i-sponsorow\/\" target=\"\" class=\"group\/link flex flex-col md:flex-row md:items-center md:justify-between gap-24 bg-primary-10 hover:bg-primary-50 rounded-8 p-24 md:px-48 md:py-32\">\n\t\t\t\t<p class=\"flex flex-col space-y-4\">\n\t\t\t\t\t<span class=\"h4 group-hover\/link:text-white transition-colors duration-300 ease-in-out\">Dla partner\u00f3w i sponsor\u00f3w<\/span>\n\t\t\t\t\t<span class=\"group-hover\/link:text-white transition-colors duration-300 ease-in-out\">Kontakt dla partner\u00f3w i sponsor\u00f3w<\/span>\n\t\t\t\t<\/p>\n\t\t\t\t<span class=\"size-40 rounded-full border border-secondary-50 grid place-content-center text-secondary-50 shrink-0\"><svg xmlns=\"http:\/\/www.w3.org\/2000\/svg\" width=\"11\" height=\"18\" viewbox=\"0 0 11 18\" fill=\"none\">\n\t<path d=\"M1.5 16L8.5 9L1.5 2\" stroke=\"currentColor\" stroke-width=\"3\"\/>\n<\/svg>\n<\/span>\n\t\t\t<\/a>\n\t\t\t<\/nav>\n","protected":false},"excerpt":{"rendered":"","protected":false},"author":1,"featured_media":0,"parent":0,"menu_order":9,"comment_status":"closed","ping_status":"closed","template":"","meta":{"_acf_changed":false,"footnotes":""},"class_list":["post-1957","page","type-page","status-publish","hentry"],"acf":[],"yoast_head":"<!-- This site is optimized with the Yoast SEO plugin v27.5 - https:\/\/yoast.com\/product\/yoast-seo-wordpress\/ -->\n<title>Projekty i badania - Uniwersytecki Szpital Kliniczny w Poznaniu<\/title>\n<meta name=\"robots\" content=\"index, follow, max-snippet:-1, max-image-preview:large, max-video-preview:-1\" \/>\n<link rel=\"canonical\" href=\"https:\/\/www.usk.poznan.pl\/ua\/projekty-i-badania\/\" \/>\n<meta property=\"og:locale\" content=\"uk_UA\" \/>\n<meta property=\"og:type\" content=\"article\" \/>\n<meta property=\"og:title\" content=\"Projekty i badania - Uniwersytecki Szpital Kliniczny w Poznaniu\" \/>\n<meta property=\"og:url\" content=\"https:\/\/www.usk.poznan.pl\/ua\/projekty-i-badania\/\" \/>\n<meta property=\"og:site_name\" content=\"Uniwersytecki Szpital Kliniczny w Poznaniu\" \/>\n<meta property=\"article:modified_time\" content=\"2026-02-13T14:29:05+00:00\" \/>\n<meta name=\"twitter:card\" content=\"summary_large_image\" \/>\n<script type=\"application\/ld+json\" class=\"yoast-schema-graph\">{\"@context\":\"https:\\\/\\\/schema.org\",\"@graph\":[{\"@type\":\"WebPage\",\"@id\":\"https:\\\/\\\/www.usk.poznan.pl\\\/projekty-i-badania\\\/\",\"url\":\"https:\\\/\\\/www.usk.poznan.pl\\\/projekty-i-badania\\\/\",\"name\":\"Projekty i badania - Uniwersytecki Szpital Kliniczny w Poznaniu\",\"isPartOf\":{\"@id\":\"https:\\\/\\\/www.usk.poznan.pl\\\/#website\"},\"datePublished\":\"2025-12-10T08:05:44+00:00\",\"dateModified\":\"2026-02-13T14:29:05+00:00\",\"breadcrumb\":{\"@id\":\"https:\\\/\\\/www.usk.poznan.pl\\\/projekty-i-badania\\\/#breadcrumb\"},\"inLanguage\":\"uk\",\"potentialAction\":[{\"@type\":\"ReadAction\",\"target\":[\"https:\\\/\\\/www.usk.poznan.pl\\\/projekty-i-badania\\\/\"]}]},{\"@type\":\"BreadcrumbList\",\"@id\":\"https:\\\/\\\/www.usk.poznan.pl\\\/projekty-i-badania\\\/#breadcrumb\",\"itemListElement\":[{\"@type\":\"ListItem\",\"position\":1,\"name\":\"Strona g\u0142\u00f3wna\",\"item\":\"https:\\\/\\\/www.usk.poznan.pl\\\/\"},{\"@type\":\"ListItem\",\"position\":2,\"name\":\"Projekty i&nbsp;badania\"}]},{\"@type\":\"WebSite\",\"@id\":\"https:\\\/\\\/www.usk.poznan.pl\\\/#website\",\"url\":\"https:\\\/\\\/www.usk.poznan.pl\\\/\",\"name\":\"Uniwersytecki Szpital Kliniczny w Poznaniu\",\"description\":\"\",\"potentialAction\":[{\"@type\":\"SearchAction\",\"target\":{\"@type\":\"EntryPoint\",\"urlTemplate\":\"https:\\\/\\\/www.usk.poznan.pl\\\/?s={search_term_string}\"},\"query-input\":{\"@type\":\"PropertyValueSpecification\",\"valueRequired\":true,\"valueName\":\"search_term_string\"}}],\"inLanguage\":\"uk\"}]}<\/script>\n<!-- \/ Yoast SEO plugin. -->","yoast_head_json":{"title":"Projekty i badania - Uniwersytecki Szpital Kliniczny w Poznaniu","robots":{"index":"index","follow":"follow","max-snippet":"max-snippet:-1","max-image-preview":"max-image-preview:large","max-video-preview":"max-video-preview:-1"},"canonical":"https:\/\/www.usk.poznan.pl\/ua\/projekty-i-badania\/","og_locale":"uk_UA","og_type":"article","og_title":"Projekty i badania - Uniwersytecki Szpital Kliniczny w Poznaniu","og_url":"https:\/\/www.usk.poznan.pl\/ua\/projekty-i-badania\/","og_site_name":"Uniwersytecki Szpital Kliniczny w Poznaniu","article_modified_time":"2026-02-13T14:29:05+00:00","twitter_card":"summary_large_image","schema":{"@context":"https:\/\/schema.org","@graph":[{"@type":"WebPage","@id":"https:\/\/www.usk.poznan.pl\/projekty-i-badania\/","url":"https:\/\/www.usk.poznan.pl\/projekty-i-badania\/","name":"Projekty i badania - Uniwersytecki Szpital Kliniczny w Poznaniu","isPartOf":{"@id":"https:\/\/www.usk.poznan.pl\/#website"},"datePublished":"2025-12-10T08:05:44+00:00","dateModified":"2026-02-13T14:29:05+00:00","breadcrumb":{"@id":"https:\/\/www.usk.poznan.pl\/projekty-i-badania\/#breadcrumb"},"inLanguage":"uk","potentialAction":[{"@type":"ReadAction","target":["https:\/\/www.usk.poznan.pl\/projekty-i-badania\/"]}]},{"@type":"BreadcrumbList","@id":"https:\/\/www.usk.poznan.pl\/projekty-i-badania\/#breadcrumb","itemListElement":[{"@type":"ListItem","position":1,"name":"Strona g\u0142\u00f3wna","item":"https:\/\/www.usk.poznan.pl\/"},{"@type":"ListItem","position":2,"name":"Projekty i&nbsp;badania"}]},{"@type":"WebSite","@id":"https:\/\/www.usk.poznan.pl\/#website","url":"https:\/\/www.usk.poznan.pl\/","name":"Uniwersytecki Szpital Kliniczny w Poznaniu","description":"","potentialAction":[{"@type":"SearchAction","target":{"@type":"EntryPoint","urlTemplate":"https:\/\/www.usk.poznan.pl\/?s={search_term_string}"},"query-input":{"@type":"PropertyValueSpecification","valueRequired":true,"valueName":"search_term_string"}}],"inLanguage":"uk"}]}},"_links":{"self":[{"href":"https:\/\/www.usk.poznan.pl\/ua\/wp-json\/wp\/v2\/pages\/1957","targetHints":{"allow":["GET"]}}],"collection":[{"href":"https:\/\/www.usk.poznan.pl\/ua\/wp-json\/wp\/v2\/pages"}],"about":[{"href":"https:\/\/www.usk.poznan.pl\/ua\/wp-json\/wp\/v2\/types\/page"}],"author":[{"embeddable":true,"href":"https:\/\/www.usk.poznan.pl\/ua\/wp-json\/wp\/v2\/users\/1"}],"replies":[{"embeddable":true,"href":"https:\/\/www.usk.poznan.pl\/ua\/wp-json\/wp\/v2\/comments?post=1957"}],"version-history":[{"count":25,"href":"https:\/\/www.usk.poznan.pl\/ua\/wp-json\/wp\/v2\/pages\/1957\/revisions"}],"predecessor-version":[{"id":4860,"href":"https:\/\/www.usk.poznan.pl\/ua\/wp-json\/wp\/v2\/pages\/1957\/revisions\/4860"}],"wp:attachment":[{"href":"https:\/\/www.usk.poznan.pl\/ua\/wp-json\/wp\/v2\/media?parent=1957"}],"curies":[{"name":"wp","href":"https:\/\/api.w.org\/{rel}","templated":true}]}}