{"id":1772,"date":"2025-12-08T10:13:33","date_gmt":"2025-12-08T09:13:33","guid":{"rendered":"https:\/\/usk.empressia.dev\/?page_id=1772"},"modified":"2026-02-11T08:14:33","modified_gmt":"2026-02-11T07:14:33","slug":"konkursy-ofert","status":"publish","type":"page","link":"https:\/\/www.usk.poznan.pl\/ua\/konkursy-ofert\/","title":{"rendered":"Konkursy ofert"},"content":{"rendered":"<section class=\"offer-contest-listing is-style-small-margin\" >\n            <div>\n            <ul class=\"space-y-32 unstyled-list\">\n            <li class=\"@container\">\n            <a class=\"flex flex-col gap-24 border border-primary-20 p-24 rounded-8 @4xl:p-40\" href=\"https:\/\/www.usk.poznan.pl\/ua\/konkursy-ofert\/13-01-2026-konkurs-ofert-na-udzielanie-swiadczen-zdrowotnych-uslugi-lekarskie-pielegniarskie\/\">\n                <span class=\"paragraph--l strong\">13\/01\/2026<\/span>\n                <span class=\"h5\">\n                    13.01.2026 \u2013 Konkurs ofert na udzielanie \u015bwiadcze\u0144 zdrowotnych \u2013 us\u0142ugi lekarskie \/ piel\u0119gniarskie\n                <\/span>\n            <\/a>\n        <\/li>\n            <li class=\"@container\">\n            <a class=\"flex flex-col gap-24 border border-primary-20 p-24 rounded-8 @4xl:p-40\" href=\"https:\/\/www.usk.poznan.pl\/ua\/konkursy-ofert\/22-04-2026-konkurs-ofert-na-udzielanie-swiadczen-zdrowotnych-uslugi-lekarskie-pielegniarskie-technikow-elektroradiologow\/\">\n                <span class=\"paragraph--l strong\">22\/04\/2026<\/span>\n                <span class=\"h5\">\n                    22.04.2026 &#8211; Konkurs ofert na udzielanie \u015bwiadcze\u0144 zdrowotnych \u2013 us\u0142ugi lekarskie \/ piel\u0119gniarskie \/ technik\u00f3w elektroradiolog\u00f3w\n                <\/span>\n            <\/a>\n        <\/li>\n            <li class=\"@container\">\n            <a class=\"flex flex-col gap-24 border border-primary-20 p-24 rounded-8 @4xl:p-40\" href=\"https:\/\/www.usk.poznan.pl\/ua\/konkursy-ofert\/01-04-2026-konkurs-ofert-na-udzielenie-swiadczen-zdrowotnych-uslugi-perfuzjonisty\/\">\n                <span class=\"paragraph--l strong\">03\/04\/2026<\/span>\n                <span class=\"h5\">\n                    01.04.2026 -Konkurs ofert na udzielenie \u015bwiadcze\u0144 zdrowotnych &#8211; us\u0142ugi perfuzjonisty\n                <\/span>\n            <\/a>\n        <\/li>\n            <li class=\"@container\">\n            <a class=\"flex flex-col gap-24 border border-primary-20 p-24 rounded-8 @4xl:p-40\" href=\"https:\/\/www.usk.poznan.pl\/ua\/konkursy-ofert\/08-05-2026-konkurs-ofert-w-zakresie-badan-mikrobiologicznych-w-diagnostyce-chorob-pluc-i-gruzlicy\/\">\n                <span class=\"paragraph--l strong\">08\/05\/2026<\/span>\n                <span class=\"h5\">\n                    Konkurs ofert w zakresie bada\u0144 mikrobiologicznych w diagnostyce chor\u00f3b p\u0142uc i gru\u017alicy\n                <\/span>\n            <\/a>\n        <\/li>\n            <li class=\"@container\">\n            <a class=\"flex flex-col gap-24 border border-primary-20 p-24 rounded-8 @4xl:p-40\" href=\"https:\/\/www.usk.poznan.pl\/ua\/konkursy-ofert\/25-03-2026-konkurs-ofert-na-udzielanie-swiadczen-zdrowotnych-uslugi-lekarskie-pielegniarskie\/\">\n                <span class=\"paragraph--l strong\">25\/03\/2026<\/span>\n                <span class=\"h5\">\n                    25.03.2026 &#8211; Konkurs ofert na udzielanie \u015bwiadcze\u0144 zdrowotnych &#8211; us\u0142ugi lekarskie \/piel\u0119gniarskie\n                <\/span>\n            <\/a>\n        <\/li>\n    <\/ul>\n\n                    <\/div>\n    <\/section>","protected":false},"excerpt":{"rendered":"","protected":false},"author":1,"featured_media":0,"parent":0,"menu_order":32,"comment_status":"closed","ping_status":"closed","template":"","meta":{"_acf_changed":false,"footnotes":""},"class_list":["post-1772","page","type-page","status-publish","hentry"],"acf":[],"yoast_head":"<!-- This site is optimized with the Yoast SEO plugin v27.5 - https:\/\/yoast.com\/product\/yoast-seo-wordpress\/ -->\n<title>Konkursy ofert - Uniwersytecki Szpital Kliniczny w Poznaniu<\/title>\n<meta name=\"robots\" content=\"index, follow, max-snippet:-1, max-image-preview:large, max-video-preview:-1\" \/>\n<link rel=\"canonical\" href=\"https:\/\/www.usk.poznan.pl\/ua\/konkursy-ofert\/\" \/>\n<meta property=\"og:locale\" content=\"uk_UA\" \/>\n<meta property=\"og:type\" content=\"article\" \/>\n<meta property=\"og:title\" content=\"Konkursy ofert - Uniwersytecki Szpital Kliniczny w Poznaniu\" \/>\n<meta property=\"og:url\" content=\"https:\/\/www.usk.poznan.pl\/ua\/konkursy-ofert\/\" \/>\n<meta property=\"og:site_name\" content=\"Uniwersytecki Szpital Kliniczny w Poznaniu\" \/>\n<meta property=\"article:modified_time\" content=\"2026-02-11T07:14:33+00:00\" \/>\n<meta name=\"twitter:card\" content=\"summary_large_image\" \/>\n<script type=\"application\/ld+json\" class=\"yoast-schema-graph\">{\"@context\":\"https:\\\/\\\/schema.org\",\"@graph\":[{\"@type\":\"WebPage\",\"@id\":\"https:\\\/\\\/www.usk.poznan.pl\\\/konkursy-ofert\\\/\",\"url\":\"https:\\\/\\\/www.usk.poznan.pl\\\/konkursy-ofert\\\/\",\"name\":\"Konkursy ofert - Uniwersytecki Szpital Kliniczny w Poznaniu\",\"isPartOf\":{\"@id\":\"https:\\\/\\\/www.usk.poznan.pl\\\/#website\"},\"datePublished\":\"2025-12-08T09:13:33+00:00\",\"dateModified\":\"2026-02-11T07:14:33+00:00\",\"breadcrumb\":{\"@id\":\"https:\\\/\\\/www.usk.poznan.pl\\\/konkursy-ofert\\\/#breadcrumb\"},\"inLanguage\":\"uk\",\"potentialAction\":[{\"@type\":\"ReadAction\",\"target\":[\"https:\\\/\\\/www.usk.poznan.pl\\\/konkursy-ofert\\\/\"]}]},{\"@type\":\"BreadcrumbList\",\"@id\":\"https:\\\/\\\/www.usk.poznan.pl\\\/konkursy-ofert\\\/#breadcrumb\",\"itemListElement\":[{\"@type\":\"ListItem\",\"position\":1,\"name\":\"Strona g\u0142\u00f3wna\",\"item\":\"https:\\\/\\\/www.usk.poznan.pl\\\/\"},{\"@type\":\"ListItem\",\"position\":2,\"name\":\"Konkursy ofert\"}]},{\"@type\":\"WebSite\",\"@id\":\"https:\\\/\\\/www.usk.poznan.pl\\\/#website\",\"url\":\"https:\\\/\\\/www.usk.poznan.pl\\\/\",\"name\":\"Uniwersytecki Szpital Kliniczny w Poznaniu\",\"description\":\"\",\"potentialAction\":[{\"@type\":\"SearchAction\",\"target\":{\"@type\":\"EntryPoint\",\"urlTemplate\":\"https:\\\/\\\/www.usk.poznan.pl\\\/?s={search_term_string}\"},\"query-input\":{\"@type\":\"PropertyValueSpecification\",\"valueRequired\":true,\"valueName\":\"search_term_string\"}}],\"inLanguage\":\"uk\"}]}<\/script>\n<!-- \/ Yoast SEO plugin. -->","yoast_head_json":{"title":"Konkursy ofert - Uniwersytecki Szpital Kliniczny w Poznaniu","robots":{"index":"index","follow":"follow","max-snippet":"max-snippet:-1","max-image-preview":"max-image-preview:large","max-video-preview":"max-video-preview:-1"},"canonical":"https:\/\/www.usk.poznan.pl\/ua\/konkursy-ofert\/","og_locale":"uk_UA","og_type":"article","og_title":"Konkursy ofert - Uniwersytecki Szpital Kliniczny w Poznaniu","og_url":"https:\/\/www.usk.poznan.pl\/ua\/konkursy-ofert\/","og_site_name":"Uniwersytecki Szpital Kliniczny w Poznaniu","article_modified_time":"2026-02-11T07:14:33+00:00","twitter_card":"summary_large_image","schema":{"@context":"https:\/\/schema.org","@graph":[{"@type":"WebPage","@id":"https:\/\/www.usk.poznan.pl\/konkursy-ofert\/","url":"https:\/\/www.usk.poznan.pl\/konkursy-ofert\/","name":"Konkursy ofert - Uniwersytecki Szpital Kliniczny w Poznaniu","isPartOf":{"@id":"https:\/\/www.usk.poznan.pl\/#website"},"datePublished":"2025-12-08T09:13:33+00:00","dateModified":"2026-02-11T07:14:33+00:00","breadcrumb":{"@id":"https:\/\/www.usk.poznan.pl\/konkursy-ofert\/#breadcrumb"},"inLanguage":"uk","potentialAction":[{"@type":"ReadAction","target":["https:\/\/www.usk.poznan.pl\/konkursy-ofert\/"]}]},{"@type":"BreadcrumbList","@id":"https:\/\/www.usk.poznan.pl\/konkursy-ofert\/#breadcrumb","itemListElement":[{"@type":"ListItem","position":1,"name":"Strona g\u0142\u00f3wna","item":"https:\/\/www.usk.poznan.pl\/"},{"@type":"ListItem","position":2,"name":"Konkursy ofert"}]},{"@type":"WebSite","@id":"https:\/\/www.usk.poznan.pl\/#website","url":"https:\/\/www.usk.poznan.pl\/","name":"Uniwersytecki Szpital Kliniczny w Poznaniu","description":"","potentialAction":[{"@type":"SearchAction","target":{"@type":"EntryPoint","urlTemplate":"https:\/\/www.usk.poznan.pl\/?s={search_term_string}"},"query-input":{"@type":"PropertyValueSpecification","valueRequired":true,"valueName":"search_term_string"}}],"inLanguage":"uk"}]}},"_links":{"self":[{"href":"https:\/\/www.usk.poznan.pl\/ua\/wp-json\/wp\/v2\/pages\/1772","targetHints":{"allow":["GET"]}}],"collection":[{"href":"https:\/\/www.usk.poznan.pl\/ua\/wp-json\/wp\/v2\/pages"}],"about":[{"href":"https:\/\/www.usk.poznan.pl\/ua\/wp-json\/wp\/v2\/types\/page"}],"author":[{"embeddable":true,"href":"https:\/\/www.usk.poznan.pl\/ua\/wp-json\/wp\/v2\/users\/1"}],"replies":[{"embeddable":true,"href":"https:\/\/www.usk.poznan.pl\/ua\/wp-json\/wp\/v2\/comments?post=1772"}],"version-history":[{"count":5,"href":"https:\/\/www.usk.poznan.pl\/ua\/wp-json\/wp\/v2\/pages\/1772\/revisions"}],"predecessor-version":[{"id":5455,"href":"https:\/\/www.usk.poznan.pl\/ua\/wp-json\/wp\/v2\/pages\/1772\/revisions\/5455"}],"wp:attachment":[{"href":"https:\/\/www.usk.poznan.pl\/ua\/wp-json\/wp\/v2\/media?parent=1772"}],"curies":[{"name":"wp","href":"https:\/\/api.w.org\/{rel}","templated":true}]}}