{"id":1767,"date":"2025-12-08T10:11:12","date_gmt":"2025-12-08T09:11:12","guid":{"rendered":"https:\/\/usk.empressia.dev\/?page_id=1767"},"modified":"2026-02-11T08:12:01","modified_gmt":"2026-02-11T07:12:01","slug":"kariera","status":"publish","type":"page","link":"https:\/\/www.usk.poznan.pl\/ua\/kariera\/","title":{"rendered":"Kariera"},"content":{"rendered":"<h2 class=\"\">\n\n\t\tJaki obszar Ci\u0119 interesuje?\n\n\t<\/h2>\n\n\t\n\t<nav class=\"navigation-grid grid lg:grid-cols-2 gap-32 mt-48 is-style-small-margin\">\n\t\t\t\t\t<a href=\"\/ua\/kariera\/oferty-pracy\/\" target=\"\" class=\"group\/link flex flex-col md:flex-row md:items-center md:justify-between gap-24 bg-primary-10 hover:bg-primary-50 rounded-8 p-24 md:px-48 md:py-32\">\n\t\t\t\t<p class=\"flex flex-col space-y-4\">\n\t\t\t\t\t<span class=\"h4 group-hover\/link:text-white transition-colors duration-300 ease-in-out\">Oferty pracy<\/span>\n\t\t\t\t\t<span class=\"group-hover\/link:text-white transition-colors duration-300 ease-in-out\">Sprawd\u017a aktualne og\u0142oszenia i do\u0142\u0105cz do zespo\u0142u specjalist\u00f3w USK w Poznaniu.<\/span>\n\t\t\t\t<\/p>\n\t\t\t\t<span class=\"size-40 rounded-full border border-secondary-50 grid place-content-center text-secondary-50 shrink-0\"><svg xmlns=\"http:\/\/www.w3.org\/2000\/svg\" width=\"11\" height=\"18\" viewbox=\"0 0 11 18\" fill=\"none\">\n\t<path d=\"M1.5 16L8.5 9L1.5 2\" stroke=\"currentColor\" stroke-width=\"3\"\/>\n<\/svg>\n<\/span>\n\t\t\t<\/a>\n\t\t\t\t\t<a href=\"\/ua\/konkursy-ofert\/\" target=\"\" class=\"group\/link flex flex-col md:flex-row md:items-center md:justify-between gap-24 bg-primary-10 hover:bg-primary-50 rounded-8 p-24 md:px-48 md:py-32\">\n\t\t\t\t<p class=\"flex flex-col space-y-4\">\n\t\t\t\t\t<span class=\"h4 group-hover\/link:text-white transition-colors duration-300 ease-in-out\">Konkursy ofert<\/span>\n\t\t\t\t\t<span class=\"group-hover\/link:text-white transition-colors duration-300 ease-in-out\">Zapoznaj si\u0119 z trwaj\u0105cymi post\u0119powaniami konkursowymi i z\u0142\u00f3\u017c swoj\u0105 ofert\u0119.<\/span>\n\t\t\t\t<\/p>\n\t\t\t\t<span class=\"size-40 rounded-full border border-secondary-50 grid place-content-center text-secondary-50 shrink-0\"><svg xmlns=\"http:\/\/www.w3.org\/2000\/svg\" width=\"11\" height=\"18\" viewbox=\"0 0 11 18\" fill=\"none\">\n\t<path d=\"M1.5 16L8.5 9L1.5 2\" stroke=\"currentColor\" stroke-width=\"3\"\/>\n<\/svg>\n<\/span>\n\t\t\t<\/a>\n\t\t\t\t\t<a href=\"\/ua\/proces-rekrutacji\/\" target=\"\" class=\"group\/link flex flex-col md:flex-row md:items-center md:justify-between gap-24 bg-primary-10 hover:bg-primary-50 rounded-8 p-24 md:px-48 md:py-32\">\n\t\t\t\t<p class=\"flex flex-col space-y-4\">\n\t\t\t\t\t<span class=\"h4 group-hover\/link:text-white transition-colors duration-300 ease-in-out\">Proces rekrutacji<\/span>\n\t\t\t\t\t<span class=\"group-hover\/link:text-white transition-colors duration-300 ease-in-out\">Dowiedz si\u0119, jak krok po kroku wygl\u0105da rekrutacja w naszym szpitalu.<\/span>\n\t\t\t\t<\/p>\n\t\t\t\t<span class=\"size-40 rounded-full border border-secondary-50 grid place-content-center text-secondary-50 shrink-0\"><svg xmlns=\"http:\/\/www.w3.org\/2000\/svg\" width=\"11\" height=\"18\" viewbox=\"0 0 11 18\" fill=\"none\">\n\t<path d=\"M1.5 16L8.5 9L1.5 2\" stroke=\"currentColor\" stroke-width=\"3\"\/>\n<\/svg>\n<\/span>\n\t\t\t<\/a>\n\t\t\t\t\t<a href=\"\/ua\/wolontariat\/\" target=\"\" class=\"group\/link flex flex-col md:flex-row md:items-center md:justify-between gap-24 bg-primary-10 hover:bg-primary-50 rounded-8 p-24 md:px-48 md:py-32\">\n\t\t\t\t<p class=\"flex flex-col space-y-4\">\n\t\t\t\t\t<span class=\"h4 group-hover\/link:text-white transition-colors duration-300 ease-in-out\">Wolontariat<\/span>\n\t\t\t\t\t<span class=\"group-hover\/link:text-white transition-colors duration-300 ease-in-out\">Zdob\u0105d\u017a cenne do\u015bwiadczenie i wesprzyj pacjent\u00f3w jako wolontariusz.<\/span>\n\t\t\t\t<\/p>\n\t\t\t\t<span class=\"size-40 rounded-full border border-secondary-50 grid place-content-center text-secondary-50 shrink-0\"><svg xmlns=\"http:\/\/www.w3.org\/2000\/svg\" width=\"11\" height=\"18\" viewbox=\"0 0 11 18\" fill=\"none\">\n\t<path d=\"M1.5 16L8.5 9L1.5 2\" stroke=\"currentColor\" stroke-width=\"3\"\/>\n<\/svg>\n<\/span>\n\t\t\t<\/a>\n\t\t\t<\/nav>","protected":false},"excerpt":{"rendered":"","protected":false},"author":1,"featured_media":0,"parent":0,"menu_order":34,"comment_status":"closed","ping_status":"closed","template":"","meta":{"_acf_changed":false,"footnotes":""},"class_list":["post-1767","page","type-page","status-publish","hentry"],"acf":[],"yoast_head":"<!-- This site is optimized with the Yoast SEO plugin v27.5 - https:\/\/yoast.com\/product\/yoast-seo-wordpress\/ -->\n<title>Kariera - Uniwersytecki Szpital Kliniczny w Poznaniu<\/title>\n<meta name=\"robots\" content=\"index, follow, max-snippet:-1, max-image-preview:large, max-video-preview:-1\" \/>\n<link rel=\"canonical\" href=\"https:\/\/www.usk.poznan.pl\/ua\/kariera\/\" \/>\n<meta property=\"og:locale\" content=\"uk_UA\" \/>\n<meta property=\"og:type\" content=\"article\" \/>\n<meta property=\"og:title\" content=\"Kariera - Uniwersytecki Szpital Kliniczny w Poznaniu\" \/>\n<meta property=\"og:url\" content=\"https:\/\/www.usk.poznan.pl\/ua\/kariera\/\" \/>\n<meta property=\"og:site_name\" content=\"Uniwersytecki Szpital Kliniczny w Poznaniu\" \/>\n<meta property=\"article:modified_time\" content=\"2026-02-11T07:12:01+00:00\" \/>\n<meta name=\"twitter:card\" content=\"summary_large_image\" \/>\n<script type=\"application\/ld+json\" class=\"yoast-schema-graph\">{\"@context\":\"https:\\\/\\\/schema.org\",\"@graph\":[{\"@type\":\"WebPage\",\"@id\":\"https:\\\/\\\/www.usk.poznan.pl\\\/kariera\\\/\",\"url\":\"https:\\\/\\\/www.usk.poznan.pl\\\/kariera\\\/\",\"name\":\"Kariera - Uniwersytecki Szpital Kliniczny w Poznaniu\",\"isPartOf\":{\"@id\":\"https:\\\/\\\/www.usk.poznan.pl\\\/#website\"},\"datePublished\":\"2025-12-08T09:11:12+00:00\",\"dateModified\":\"2026-02-11T07:12:01+00:00\",\"breadcrumb\":{\"@id\":\"https:\\\/\\\/www.usk.poznan.pl\\\/kariera\\\/#breadcrumb\"},\"inLanguage\":\"uk\",\"potentialAction\":[{\"@type\":\"ReadAction\",\"target\":[\"https:\\\/\\\/www.usk.poznan.pl\\\/kariera\\\/\"]}]},{\"@type\":\"BreadcrumbList\",\"@id\":\"https:\\\/\\\/www.usk.poznan.pl\\\/kariera\\\/#breadcrumb\",\"itemListElement\":[{\"@type\":\"ListItem\",\"position\":1,\"name\":\"Strona g\u0142\u00f3wna\",\"item\":\"https:\\\/\\\/www.usk.poznan.pl\\\/\"},{\"@type\":\"ListItem\",\"position\":2,\"name\":\"Kariera\"}]},{\"@type\":\"WebSite\",\"@id\":\"https:\\\/\\\/www.usk.poznan.pl\\\/#website\",\"url\":\"https:\\\/\\\/www.usk.poznan.pl\\\/\",\"name\":\"Uniwersytecki Szpital Kliniczny w Poznaniu\",\"description\":\"\",\"potentialAction\":[{\"@type\":\"SearchAction\",\"target\":{\"@type\":\"EntryPoint\",\"urlTemplate\":\"https:\\\/\\\/www.usk.poznan.pl\\\/?s={search_term_string}\"},\"query-input\":{\"@type\":\"PropertyValueSpecification\",\"valueRequired\":true,\"valueName\":\"search_term_string\"}}],\"inLanguage\":\"uk\"}]}<\/script>\n<!-- \/ Yoast SEO plugin. -->","yoast_head_json":{"title":"Kariera - Uniwersytecki Szpital Kliniczny w Poznaniu","robots":{"index":"index","follow":"follow","max-snippet":"max-snippet:-1","max-image-preview":"max-image-preview:large","max-video-preview":"max-video-preview:-1"},"canonical":"https:\/\/www.usk.poznan.pl\/ua\/kariera\/","og_locale":"uk_UA","og_type":"article","og_title":"Kariera - Uniwersytecki Szpital Kliniczny w Poznaniu","og_url":"https:\/\/www.usk.poznan.pl\/ua\/kariera\/","og_site_name":"Uniwersytecki Szpital Kliniczny w Poznaniu","article_modified_time":"2026-02-11T07:12:01+00:00","twitter_card":"summary_large_image","schema":{"@context":"https:\/\/schema.org","@graph":[{"@type":"WebPage","@id":"https:\/\/www.usk.poznan.pl\/kariera\/","url":"https:\/\/www.usk.poznan.pl\/kariera\/","name":"Kariera - Uniwersytecki Szpital Kliniczny w Poznaniu","isPartOf":{"@id":"https:\/\/www.usk.poznan.pl\/#website"},"datePublished":"2025-12-08T09:11:12+00:00","dateModified":"2026-02-11T07:12:01+00:00","breadcrumb":{"@id":"https:\/\/www.usk.poznan.pl\/kariera\/#breadcrumb"},"inLanguage":"uk","potentialAction":[{"@type":"ReadAction","target":["https:\/\/www.usk.poznan.pl\/kariera\/"]}]},{"@type":"BreadcrumbList","@id":"https:\/\/www.usk.poznan.pl\/kariera\/#breadcrumb","itemListElement":[{"@type":"ListItem","position":1,"name":"Strona g\u0142\u00f3wna","item":"https:\/\/www.usk.poznan.pl\/"},{"@type":"ListItem","position":2,"name":"Kariera"}]},{"@type":"WebSite","@id":"https:\/\/www.usk.poznan.pl\/#website","url":"https:\/\/www.usk.poznan.pl\/","name":"Uniwersytecki Szpital Kliniczny w Poznaniu","description":"","potentialAction":[{"@type":"SearchAction","target":{"@type":"EntryPoint","urlTemplate":"https:\/\/www.usk.poznan.pl\/?s={search_term_string}"},"query-input":{"@type":"PropertyValueSpecification","valueRequired":true,"valueName":"search_term_string"}}],"inLanguage":"uk"}]}},"_links":{"self":[{"href":"https:\/\/www.usk.poznan.pl\/ua\/wp-json\/wp\/v2\/pages\/1767","targetHints":{"allow":["GET"]}}],"collection":[{"href":"https:\/\/www.usk.poznan.pl\/ua\/wp-json\/wp\/v2\/pages"}],"about":[{"href":"https:\/\/www.usk.poznan.pl\/ua\/wp-json\/wp\/v2\/types\/page"}],"author":[{"embeddable":true,"href":"https:\/\/www.usk.poznan.pl\/ua\/wp-json\/wp\/v2\/users\/1"}],"replies":[{"embeddable":true,"href":"https:\/\/www.usk.poznan.pl\/ua\/wp-json\/wp\/v2\/comments?post=1767"}],"version-history":[{"count":4,"href":"https:\/\/www.usk.poznan.pl\/ua\/wp-json\/wp\/v2\/pages\/1767\/revisions"}],"predecessor-version":[{"id":4696,"href":"https:\/\/www.usk.poznan.pl\/ua\/wp-json\/wp\/v2\/pages\/1767\/revisions\/4696"}],"wp:attachment":[{"href":"https:\/\/www.usk.poznan.pl\/ua\/wp-json\/wp\/v2\/media?parent=1767"}],"curies":[{"name":"wp","href":"https:\/\/api.w.org\/{rel}","templated":true}]}}