{"id":1661,"date":"2025-12-04T15:29:57","date_gmt":"2025-12-04T14:29:57","guid":{"rendered":"https:\/\/usk.empressia.dev\/?page_id=1661"},"modified":"2026-02-18T08:31:07","modified_gmt":"2026-02-18T07:31:07","slug":"szkolenia-i-konferencje","status":"publish","type":"page","link":"https:\/\/www.usk.poznan.pl\/ua\/szkolenia-i-konferencje\/","title":{"rendered":"Szkolenia i konferencje"},"content":{"rendered":"\n<section class=\"events-with-filters @container is-style-small-margin\" >\n\n    <header class=\"flex flex-wrap items-center justify-between gap-16 mb-48 lg:mb-80\">\n        <h2 class=\"mt-0!\">Zbli\u017caj\u0105ce si\u0119 wydarzenia<\/h2>\n        <a class=\"tab border-b border-primary-50\" href=\"?is-past-events\">Archiwum<\/a>\n    <\/header>\n\n    <header class=\"flex items-center flex-wrap gap-32\">\n\t<p class=\"h6\">Kategorie:<\/p>\n\n\t<nav class=\"flex items-center flex-wrap gap-16\">\n\t\t            \n<a href=\"\/szkolenia-i-konferencje\/\" class=\"group\/term flex items-center gap-8 bg-[#edf1f6]\/60 hover:bg-secondary-50 py-12 px-16 rounded-8\">\n\t\n\t<span class=\"text-[1.6rem] uppercase font-semibold group-hover\/term:text-white group-hover\/term:text-secondary-50 transition-colors duration-300 ease-in-out\">Wszystkie<\/span>\n<\/a>\n\n\t\t\t\t\t            \n<a href=\"https:\/\/www.usk.poznan.pl\/ua\/kategorie-wydarzenia\/konferencje\/\" class=\"group\/term flex items-center gap-8 bg-[#edf1f6]\/60 hover:bg-secondary-50 py-12 px-16 rounded-8\">\n\t\t\t<span class=\"text-secondary-50 size-24 group-hover\/term:text-white transition-colors duration-300 ease-in-out\">\n\t\t\t\n\n\n\t\n\t\t\t<?xml version=\"1.0\"?>\n<svg xmlns=\"http:\/\/www.w3.org\/2000\/svg\" width=\"24\" height=\"25\" viewBox=\"0 0 24 25\" fill=\"none\">\n<path d=\"M21.75 6.5957V8.0957H2.25V6.5957C2.25 6.19788 2.40804 5.81635 2.68934 5.53504C2.97064 5.25374 3.35218 5.0957 3.75 5.0957H6V2.8457C6 2.64679 6.07902 2.45603 6.21967 2.31537C6.36032 2.17472 6.55109 2.0957 6.75 2.0957C6.94891 2.0957 7.13968 2.17472 7.28033 2.31537C7.42098 2.45603 7.5 2.64679 7.5 2.8457V5.0957H16.5V2.8457C16.5 2.64679 16.579 2.45603 16.7197 2.31537C16.8603 2.17472 17.0511 2.0957 17.25 2.0957C17.4489 2.0957 17.6397 2.17472 17.7803 2.31537C17.921 2.45603 18 2.64679 18 2.8457V5.0957H20.25C20.6478 5.0957 21.0294 5.25374 21.3107 5.53504C21.592 5.81635 21.75 6.19788 21.75 6.5957ZM2.25 9.5957H21.75V20.8457C21.75 21.2435 21.592 21.6251 21.3107 21.9064C21.0294 22.1877 20.6478 22.3457 20.25 22.3457H3.75C3.35218 22.3457 2.97064 22.1877 2.68934 21.9064C2.40804 21.6251 2.25 21.2435 2.25 20.8457V9.5957ZM7.7625 14.9582L9.2625 16.3982C9.33341 16.4639 9.38645 16.5466 9.41663 16.6384C9.4468 16.7302 9.45313 16.8282 9.435 16.9232L9.09 18.9632C9.07171 19.0733 9.08448 19.1863 9.12687 19.2895C9.16926 19.3927 9.2396 19.4821 9.32998 19.5475C9.42036 19.613 9.5272 19.6519 9.63849 19.66C9.74979 19.6681 9.86112 19.6449 9.96 19.5932L11.7825 18.6332C11.8697 18.5891 11.966 18.566 12.0637 18.566C12.1615 18.566 12.2578 18.5891 12.345 18.6332L14.1675 19.5932C14.265 19.6353 14.3718 19.6507 14.4772 19.638C14.5826 19.6253 14.6827 19.5848 14.7673 19.5208C14.8519 19.4567 14.9181 19.3714 14.9589 19.2734C14.9998 19.1755 15.014 19.0684 15 18.9632L14.655 16.9232C14.6369 16.8282 14.6432 16.7302 14.6734 16.6384C14.7035 16.5466 14.7566 16.4639 14.8275 16.3982L16.3275 14.9582C16.4061 14.8792 16.4614 14.7801 16.4874 14.6718C16.5135 14.5635 16.5092 14.4501 16.4752 14.344C16.4411 14.238 16.3785 14.1433 16.2943 14.0704C16.21 13.9975 16.1074 13.9492 15.9975 13.9307L13.95 13.6382C13.8574 13.6277 13.7686 13.5958 13.6905 13.5451C13.6124 13.4943 13.5472 13.426 13.5 13.3457L12.585 11.4932C12.5351 11.3938 12.4585 11.3101 12.3638 11.2517C12.2691 11.1933 12.16 11.1623 12.0487 11.1623C11.9375 11.1623 11.8284 11.1933 11.7337 11.2517C11.639 11.3101 11.5624 11.3938 11.5125 11.4932L10.59 13.3457C10.5473 13.433 10.4841 13.5087 10.4057 13.5662C10.3273 13.6237 10.2361 13.6613 10.14 13.6757L8.1 13.9682C7.99663 13.9897 7.90066 14.0378 7.82154 14.1077C7.74243 14.1777 7.6829 14.267 7.64883 14.3669C7.61476 14.4669 7.60733 14.574 7.62726 14.6776C7.64719 14.7813 7.6938 14.878 7.7625 14.9582Z\" fill=\"currentColor\"\/>\n<\/svg>\n\n\t\n\t\t<\/span>\n\t\n\t<span class=\"text-[1.6rem] uppercase font-semibold group-hover\/term:text-white group-hover\/term:text-secondary-50 transition-colors duration-300 ease-in-out\">Konferencje<\/span>\n<\/a>\n\t\t\t\t\t            \n<a href=\"https:\/\/www.usk.poznan.pl\/ua\/kategorie-wydarzenia\/szkolenia\/\" class=\"group\/term flex items-center gap-8 bg-[#edf1f6]\/60 hover:bg-secondary-50 py-12 px-16 rounded-8\">\n\t\t\t<span class=\"text-secondary-50 size-24 group-hover\/term:text-white transition-colors duration-300 ease-in-out\">\n\t\t\t\n\n\n\t\n\t\t\t<?xml version=\"1.0\"?>\n<svg xmlns=\"http:\/\/www.w3.org\/2000\/svg\" width=\"24\" height=\"24\" viewBox=\"0 0 24 24\" fill=\"none\">\n<path fill-rule=\"evenodd\" clip-rule=\"evenodd\" d=\"M16.3488 19.666V20.9533C16.3488 21.3769 16.005 21.7207 15.5814 21.7207C15.1578 21.7207 14.814 21.3769 14.814 20.9533V19.6742H16.093C16.179 19.6742 16.2639 19.6711 16.3488 19.666Z\" fill=\"currentColor\"\/>\n<path fill-rule=\"evenodd\" clip-rule=\"evenodd\" d=\"M14.8139 19.6745H7.90697C5.78781 19.6745 4.06976 17.9564 4.06976 15.8373V12.6836L9.91665 15.914C11.1834 16.6139 12.8166 16.6139 14.0833 15.914L14.8139 15.5108V19.6745ZM16.3488 14.6626L19.9302 12.6836V15.8373C19.9302 17.8705 18.3493 19.5343 16.3488 19.6663V14.6626Z\" fill=\"currentColor\"\/>\n<path fill-rule=\"evenodd\" clip-rule=\"evenodd\" d=\"M14.814 14.3411L13.5881 15.0185C12.6221 15.5526 11.3779 15.5526 10.4119 15.0185L1.90456 10.3176C1.3254 9.99737 1 9.43662 1 8.8503C1 8.26295 1.3254 7.7022 1.90456 7.38295L10.4119 2.68109C11.3779 2.14797 12.6221 2.14797 13.5881 2.68109L22.0954 7.38295C22.6746 7.7022 23 8.26295 23 8.8503C23 9.43662 22.6746 9.99737 22.0954 10.3176L16.3488 13.4928V12.7673C16.3488 12.5637 16.268 12.3683 16.1237 12.225L12.5423 8.6436C12.2435 8.34379 11.7565 8.34379 11.4577 8.6436C11.1579 8.94239 11.1579 9.42946 11.4577 9.72825L14.814 13.0856V14.3411Z\" fill=\"currentColor\"\/>\n<\/svg>\n\n\t\n\t\t<\/span>\n\t\n\t<span class=\"text-[1.6rem] uppercase font-semibold group-hover\/term:text-white group-hover\/term:text-secondary-50 transition-colors duration-300 ease-in-out\">Szkolenia<\/span>\n<\/a>\n\t\t\t<\/nav>\n<\/header>\n\n            <div>\n            <h3 class=\"text-center mt-64! lg:mt-80!\">Brak wydarze\u0144 o podanych kryteriach<\/h3>\n        <\/div>\n    \n    \n<\/section>\n","protected":false},"excerpt":{"rendered":"","protected":false},"author":1,"featured_media":0,"parent":0,"menu_order":38,"comment_status":"closed","ping_status":"closed","template":"","meta":{"_acf_changed":false,"footnotes":""},"class_list":["post-1661","page","type-page","status-publish","hentry"],"acf":[],"yoast_head":"<!-- This site is optimized with the Yoast SEO plugin v27.2 - https:\/\/yoast.com\/product\/yoast-seo-wordpress\/ -->\n<title>Szkolenia i konferencje - Uniwersytecki Szpital Kliniczny w Poznaniu<\/title>\n<meta name=\"robots\" content=\"index, follow, max-snippet:-1, max-image-preview:large, max-video-preview:-1\" \/>\n<link rel=\"canonical\" href=\"https:\/\/usk.poznan.pl\/szkolenia-i-konferencje\/\" \/>\n<meta property=\"og:locale\" content=\"uk_UA\" \/>\n<meta property=\"og:type\" content=\"article\" \/>\n<meta property=\"og:title\" content=\"Szkolenia i konferencje - Uniwersytecki Szpital Kliniczny w Poznaniu\" \/>\n<meta property=\"og:url\" content=\"https:\/\/usk.poznan.pl\/szkolenia-i-konferencje\/\" \/>\n<meta property=\"og:site_name\" content=\"Uniwersytecki Szpital Kliniczny w Poznaniu\" \/>\n<meta property=\"article:modified_time\" content=\"2026-02-18T07:31:07+00:00\" \/>\n<meta name=\"twitter:card\" content=\"summary_large_image\" \/>\n<script type=\"application\/ld+json\" class=\"yoast-schema-graph\">{\"@context\":\"https:\/\/schema.org\",\"@graph\":[{\"@type\":\"WebPage\",\"@id\":\"https:\/\/usk.poznan.pl\/szkolenia-i-konferencje\/\",\"url\":\"https:\/\/usk.poznan.pl\/szkolenia-i-konferencje\/\",\"name\":\"Szkolenia i konferencje - Uniwersytecki Szpital Kliniczny w Poznaniu\",\"isPartOf\":{\"@id\":\"https:\/\/usk.poznan.pl\/#website\"},\"datePublished\":\"2025-12-04T14:29:57+00:00\",\"dateModified\":\"2026-02-18T07:31:07+00:00\",\"breadcrumb\":{\"@id\":\"https:\/\/usk.poznan.pl\/szkolenia-i-konferencje\/#breadcrumb\"},\"inLanguage\":\"uk\",\"potentialAction\":[{\"@type\":\"ReadAction\",\"target\":[\"https:\/\/usk.poznan.pl\/szkolenia-i-konferencje\/\"]}]},{\"@type\":\"BreadcrumbList\",\"@id\":\"https:\/\/usk.poznan.pl\/szkolenia-i-konferencje\/#breadcrumb\",\"itemListElement\":[{\"@type\":\"ListItem\",\"position\":1,\"name\":\"Strona g\u0142\u00f3wna\",\"item\":\"https:\/\/usk.poznan.pl\/\"},{\"@type\":\"ListItem\",\"position\":2,\"name\":\"Szkolenia i konferencje\"}]},{\"@type\":\"WebSite\",\"@id\":\"https:\/\/usk.poznan.pl\/#website\",\"url\":\"https:\/\/usk.poznan.pl\/\",\"name\":\"Uniwersytecki Szpital Kliniczny w Poznaniu\",\"description\":\"\",\"potentialAction\":[{\"@type\":\"SearchAction\",\"target\":{\"@type\":\"EntryPoint\",\"urlTemplate\":\"https:\/\/usk.poznan.pl\/?s={search_term_string}\"},\"query-input\":{\"@type\":\"PropertyValueSpecification\",\"valueRequired\":true,\"valueName\":\"search_term_string\"}}],\"inLanguage\":\"uk\"}]}<\/script>\n<!-- \/ Yoast SEO plugin. -->","yoast_head_json":{"title":"Szkolenia i konferencje - Uniwersytecki Szpital Kliniczny w Poznaniu","robots":{"index":"index","follow":"follow","max-snippet":"max-snippet:-1","max-image-preview":"max-image-preview:large","max-video-preview":"max-video-preview:-1"},"canonical":"https:\/\/usk.poznan.pl\/szkolenia-i-konferencje\/","og_locale":"uk_UA","og_type":"article","og_title":"Szkolenia i konferencje - Uniwersytecki Szpital Kliniczny w Poznaniu","og_url":"https:\/\/usk.poznan.pl\/szkolenia-i-konferencje\/","og_site_name":"Uniwersytecki Szpital Kliniczny w Poznaniu","article_modified_time":"2026-02-18T07:31:07+00:00","twitter_card":"summary_large_image","schema":{"@context":"https:\/\/schema.org","@graph":[{"@type":"WebPage","@id":"https:\/\/usk.poznan.pl\/szkolenia-i-konferencje\/","url":"https:\/\/usk.poznan.pl\/szkolenia-i-konferencje\/","name":"Szkolenia i konferencje - Uniwersytecki Szpital Kliniczny w Poznaniu","isPartOf":{"@id":"https:\/\/usk.poznan.pl\/#website"},"datePublished":"2025-12-04T14:29:57+00:00","dateModified":"2026-02-18T07:31:07+00:00","breadcrumb":{"@id":"https:\/\/usk.poznan.pl\/szkolenia-i-konferencje\/#breadcrumb"},"inLanguage":"uk","potentialAction":[{"@type":"ReadAction","target":["https:\/\/usk.poznan.pl\/szkolenia-i-konferencje\/"]}]},{"@type":"BreadcrumbList","@id":"https:\/\/usk.poznan.pl\/szkolenia-i-konferencje\/#breadcrumb","itemListElement":[{"@type":"ListItem","position":1,"name":"Strona g\u0142\u00f3wna","item":"https:\/\/usk.poznan.pl\/"},{"@type":"ListItem","position":2,"name":"Szkolenia i konferencje"}]},{"@type":"WebSite","@id":"https:\/\/usk.poznan.pl\/#website","url":"https:\/\/usk.poznan.pl\/","name":"Uniwersytecki Szpital Kliniczny w Poznaniu","description":"","potentialAction":[{"@type":"SearchAction","target":{"@type":"EntryPoint","urlTemplate":"https:\/\/usk.poznan.pl\/?s={search_term_string}"},"query-input":{"@type":"PropertyValueSpecification","valueRequired":true,"valueName":"search_term_string"}}],"inLanguage":"uk"}]}},"_links":{"self":[{"href":"https:\/\/www.usk.poznan.pl\/ua\/wp-json\/wp\/v2\/pages\/1661","targetHints":{"allow":["GET"]}}],"collection":[{"href":"https:\/\/www.usk.poznan.pl\/ua\/wp-json\/wp\/v2\/pages"}],"about":[{"href":"https:\/\/www.usk.poznan.pl\/ua\/wp-json\/wp\/v2\/types\/page"}],"author":[{"embeddable":true,"href":"https:\/\/www.usk.poznan.pl\/ua\/wp-json\/wp\/v2\/users\/1"}],"replies":[{"embeddable":true,"href":"https:\/\/www.usk.poznan.pl\/ua\/wp-json\/wp\/v2\/comments?post=1661"}],"version-history":[{"count":7,"href":"https:\/\/www.usk.poznan.pl\/ua\/wp-json\/wp\/v2\/pages\/1661\/revisions"}],"predecessor-version":[{"id":5039,"href":"https:\/\/www.usk.poznan.pl\/ua\/wp-json\/wp\/v2\/pages\/1661\/revisions\/5039"}],"wp:attachment":[{"href":"https:\/\/www.usk.poznan.pl\/ua\/wp-json\/wp\/v2\/media?parent=1661"}],"curies":[{"name":"wp","href":"https:\/\/api.w.org\/{rel}","templated":true}]}}