{"id":1217,"date":"2025-11-27T12:51:56","date_gmt":"2025-11-27T11:51:56","guid":{"rendered":"https:\/\/usk.empressia.dev\/?page_id=1217"},"modified":"2026-02-11T07:57:29","modified_gmt":"2026-02-11T06:57:29","slug":"vademecum-praw-pacjenta","status":"publish","type":"page","link":"https:\/\/www.usk.poznan.pl\/ua\/prawa-i-obowiazki-pacjenta\/vademecum-praw-pacjenta\/","title":{"rendered":"Vademecum praw pacjenta"},"content":{"rendered":"\n<h2 class=\"wp-block-heading\">Prawa Pacjenta w USK w Poznaniu<\/h2>\n\n\n  <section class=\"download-files is-style-small-margin\">\n    \n    <ul class=\"unstyled-list mt-32 space-y-24\">\n              <li class=\"pl-0!\">\n          \n\n\n<a href=\"https:\/\/www.usk.poznan.pl\/wp-content\/uploads\/2026\/01\/0-78VADEMECUMPRAWPACJENTA.wyd8_.pdf\" class=\"group\/file flex flex-col md:flex-row md:items-center gap-16 md:gap-40 rounded-8 p-24 md:py-32 md:px-40 border border-neutral-100 hover:shadow\" download>\n\t<span class=\"shrink-0 text-primary font-semibold uppercase  md:min-w-50\">pdf<\/span>\n\t<div class=\"grow \">\n\t\t<p class=\"text-primary-100 font-semibold group-hover\/file:text-secondary-50 transition-colors duration-300 ease-in-out\">Vademecum praw pacjenta wyd 8<\/p>\n\t\t\t<\/div>\n\t<span class=\"size-40 rounded-full bg-secondary-50 text-white grid place-content-center shrink-0\"><svg xmlns=\"http:\/\/www.w3.org\/2000\/svg\" width=\"24\" height=\"24\" viewbox=\"0 0 24 24\" fill=\"none\">\n\t<path d=\"M6.39844 10.7996L11.9984 16.3996M11.9984 16.3996L17.5984 10.7996M11.9984 16.3996V0.498048\" stroke=\"currentColor\" stroke-width=\"2.5\"\/>\n\t<path d=\"M2 22L22 22\" stroke=\"currentColor\" stroke-width=\"2.5\"\/>\n<\/svg>\n<\/span>\n<\/a>\n        <\/li>\n              <li class=\"pl-0!\">\n          \n\n\n<a href=\"https:\/\/www.usk.poznan.pl\/wp-content\/uploads\/2026\/01\/PRAWA-PACJENTAulotkawew2023-RPP.pdf\" class=\"group\/file flex flex-col md:flex-row md:items-center gap-16 md:gap-40 rounded-8 p-24 md:py-32 md:px-40 border border-neutral-100 hover:shadow\" download>\n\t<span class=\"shrink-0 text-primary font-semibold uppercase  md:min-w-50\">pdf<\/span>\n\t<div class=\"grow \">\n\t\t<p class=\"text-primary-100 font-semibold group-hover\/file:text-secondary-50 transition-colors duration-300 ease-in-out\">Prawa Pacjenta ulotka wew. 2023<\/p>\n\t\t\t<\/div>\n\t<span class=\"size-40 rounded-full bg-secondary-50 text-white grid place-content-center shrink-0\"><svg xmlns=\"http:\/\/www.w3.org\/2000\/svg\" width=\"24\" height=\"24\" viewbox=\"0 0 24 24\" fill=\"none\">\n\t<path d=\"M6.39844 10.7996L11.9984 16.3996M11.9984 16.3996L17.5984 10.7996M11.9984 16.3996V0.498048\" stroke=\"currentColor\" stroke-width=\"2.5\"\/>\n\t<path d=\"M2 22L22 22\" stroke=\"currentColor\" stroke-width=\"2.5\"\/>\n<\/svg>\n<\/span>\n<\/a>\n        <\/li>\n              <li class=\"pl-0!\">\n          \n\n\n<a href=\"https:\/\/www.usk.poznan.pl\/wp-content\/uploads\/2026\/01\/karta_praw_dziecka-pacjenta.jpg\" class=\"group\/file flex flex-col md:flex-row md:items-center gap-16 md:gap-40 rounded-8 p-24 md:py-32 md:px-40 border border-neutral-100 hover:shadow\" download>\n\t<span class=\"shrink-0 text-primary font-semibold uppercase  md:min-w-50\">jpg<\/span>\n\t<div class=\"grow \">\n\t\t<p class=\"text-primary-100 font-semibold group-hover\/file:text-secondary-50 transition-colors duration-300 ease-in-out\">Karta Praw Pacjenta &#8211; Dziecka<\/p>\n\t\t\t<\/div>\n\t<span class=\"size-40 rounded-full bg-secondary-50 text-white grid place-content-center shrink-0\"><svg xmlns=\"http:\/\/www.w3.org\/2000\/svg\" width=\"24\" height=\"24\" viewbox=\"0 0 24 24\" fill=\"none\">\n\t<path d=\"M6.39844 10.7996L11.9984 16.3996M11.9984 16.3996L17.5984 10.7996M11.9984 16.3996V0.498048\" stroke=\"currentColor\" stroke-width=\"2.5\"\/>\n\t<path d=\"M2 22L22 22\" stroke=\"currentColor\" stroke-width=\"2.5\"\/>\n<\/svg>\n<\/span>\n<\/a>\n        <\/li>\n              <li class=\"pl-0!\">\n          \n\n\n<a href=\"https:\/\/www.usk.poznan.pl\/wp-content\/uploads\/2026\/01\/dlaczego-leczy-si-w-szpitalach-akredytowanych.pdf\" class=\"group\/file flex flex-col md:flex-row md:items-center gap-16 md:gap-40 rounded-8 p-24 md:py-32 md:px-40 border border-neutral-100 hover:shadow\" download>\n\t<span class=\"shrink-0 text-primary font-semibold uppercase  md:min-w-50\">pdf<\/span>\n\t<div class=\"grow \">\n\t\t<p class=\"text-primary-100 font-semibold group-hover\/file:text-secondary-50 transition-colors duration-300 ease-in-out\">Tw\u00f3j szpital to szpital akredytowany \u2013 dlaczego warto leczy\u0107 si\u0119 w szpitalu akredytowanym?<\/p>\n\t\t\t<\/div>\n\t<span class=\"size-40 rounded-full bg-secondary-50 text-white grid place-content-center shrink-0\"><svg xmlns=\"http:\/\/www.w3.org\/2000\/svg\" width=\"24\" height=\"24\" viewbox=\"0 0 24 24\" fill=\"none\">\n\t<path d=\"M6.39844 10.7996L11.9984 16.3996M11.9984 16.3996L17.5984 10.7996M11.9984 16.3996V0.498048\" stroke=\"currentColor\" stroke-width=\"2.5\"\/>\n\t<path d=\"M2 22L22 22\" stroke=\"currentColor\" stroke-width=\"2.5\"\/>\n<\/svg>\n<\/span>\n<\/a>\n        <\/li>\n          <\/ul>\n  <\/section>\n\n\n\n<h3 class=\"wp-block-heading\">Nawigator Praw Pacjenta<\/h3>\n\n\n\n<p>Szanowni Pa\u0144stwo, w zwi\u0105zku z publikacj\u0105 przez Rzecznika Praw Pacjenta wraz z Polskim Towarzystwem Medycyny Rodzinnej przewodnika dla pacjent\u00f3w pn. \u201eNawigator Pacjenta\u201d w za\u0142\u0105czeniu przekazujemy:<\/p>\n\n\n\n<p>1. Za\u0142\u0105cznik nr 1 \u2013\u00a0<a href=\"https:\/\/usk.poznan.pl\/wp-content\/uploads\/2026\/01\/Zal_1_Nawigator_Pacjenta_poradnik-1.pdf\" target=\"_blank\" rel=\"noreferrer noopener\">Za\u0142_1_Nawigator_Pacjenta_poradnik<\/a><br>2. Za\u0142\u0105cznik nr 2 \u2013\u00a0<a href=\"https:\/\/usk.poznan.pl\/wp-content\/uploads\/2026\/01\/Zal_2_Nawigator_Pacjenta_plakat.pdf\" target=\"_blank\" rel=\"noreferrer noopener\">Plakat<\/a><br>3. Za\u0142\u0105cznik nr 3 \u2013\u00a0<a href=\"https:\/\/usk.poznan.pl\/wp-content\/uploads\/2026\/01\/Zal_3_Nawigator_Pacjenta_ulotka-1.pdf\" target=\"_blank\" rel=\"noreferrer noopener\">Za\u0142_3_Nawigator_Pacjenta_ulotka<\/a><\/p>\n\n\n\n<p>Poradnik jest dost\u0119pny r\u00f3wnie\u017c na stronie Rzecznika Praw Pacjenta pod adresem: <a href=\"https:\/\/www.gov.pl\/web\/rpp\/nawigator-pacjenta-praktyczny-poradnik-jak-poruszac-sie-po-systemie-ochrony-zdrowia\">https:\/\/www.gov.pl\/web\/rpp\/nawigator-pacjenta-praktyczny-poradnik-jak-poruszac-sie-po-systemie-ochrony-zdrowia<\/a><\/p>\n\n\n\n<h3 class=\"wp-block-heading\">Biuro Rzecznika Praw Pacjenta<\/h3>\n\n\n\n<p>Wydzia\u0142 Dialogu Spo\u0142ecznego i Komunikacji<br><\/p>\n\n\n\n<p>Biuro Rzecznika Praw Pacjenta<br><\/p>\n\n\n\n<p>ul. M\u0142ynarska 46; 01-171 Warszawa<br><\/p>\n\n\n\n<p>tel. <a href=\"tel:(22) 53 28&nbsp;217\">(22) 53 28&nbsp;217<\/a><br><\/p>\n\n\n\n<p>faks: (22) 833 08 86<br><\/p>\n\n\n\n<p><a href=\"http:\/\/www.rpp.gov.pl\">www.rpp.gov.pl<\/a><\/p>\n\n\n\n<h3 class=\"wp-block-heading\">Prawa Pacjenta<\/h3>\n\n\n    \n\t<section class=\"contact-tiles  is-style-no-margin\">\n\n                    <div class=\"space-y-24\">\n      <div class=\"space-y-24\">\n      <p class=\"paragraph--m font-semibold text-primary-100\">\n        \n      <\/p>\n      <div class=\"flex flex-wrap gap-24\">\n                            \n          <div\n            class=\"flex flex-col p-16 md:p-32 rounded-8 gap-24 grow border border-neutral-100 basis-[33.3rem]\"\n          >\n                          <p class=\"tab mb-auto\">\n                Og\u00f3lnopolska bezp\u0142atna infolinia Rzecznika Praw Pacjenta:\n              <\/p>\n            \n                          <div class=\"flex flex-col gap-24 mt-auto\">\n                \n                                  \n                  <div class=\"flex items-center\">\n                    <span class=\"text-secondary-50 [&#038;_svg]:size-24 translate-y-2 shrink-0\"><svg xmlns=\"http:\/\/www.w3.org\/2000\/svg\" width=\"24\" height=\"24\" viewbox=\"0 0 24 24\" fill=\"none\">\n\t<path fill-rule=\"evenodd\" clip-rule=\"evenodd\" d=\"M23.3993 19.707C23.3999 21.8186 21.6314 23.5069 19.5228 23.3943C15.2261 23.1648 10.537 21.0604 6.73979 17.2631C2.93983 13.4654 0.834955 8.77414 0.605889 4.47606C0.493535 2.36788 2.18084 0.599609 4.29201 0.599609H6.68049C7.26053 0.599609 7.60515 1.09045 7.73657 1.65569L8.77503 6.16707C8.90763 6.74315 8.73112 7.34674 8.30902 7.76061L7.2159 8.83241C6.43407 9.59899 6.30936 10.8141 6.91997 11.723C7.60347 12.7404 8.41214 13.7276 9.34051 14.6576C10.2691 15.5862 11.2571 16.3952 12.2753 17.0788C13.1842 17.689 14.399 17.5642 15.1654 16.7825L16.2375 15.6891C16.6514 15.267 17.255 15.0905 17.8311 15.2231L22.3425 16.2616C22.9077 16.393 23.3985 16.7374 23.3985 17.3176L23.3993 19.707Z\" fill=\"#ED6E1E\"\/>\n<\/svg>\n<\/span>\n\n                                          <a href=\"tel:800 190 590\" class=\"flex gap-20 ml-20 paragraph--l\">800 190 590<\/a>\n                    \n                                          <span class=\"ml-8\">&#8211; \u00a0czynna od pn. do pt. w godz. 8:00\u201318:00<\/span>\n                                      <\/div>\n                \n                              <\/div>\n                      <\/div>\n              <\/div>\n    <\/div>\n  <\/div>\n        \n        \n\t<\/section>\n","protected":false},"excerpt":{"rendered":"Prawa Pacjenta w USK w Poznaniu Nawigator Praw Pacjenta Szanowni Pa\u0144stwo, w zwi\u0105zku z publikacj\u0105 przez Rzecznika Praw Pacjenta wraz z Polskim Towarzystwem Medycyny Rodzinnej przewodnika dla pacjent\u00f3w pn. \u201eNawigator Pacjenta\u201d w za\u0142\u0105czeniu przekazujemy: 1. Za\u0142\u0105cznik nr 1 \u2013\u00a0Za\u0142_1_Nawigator_Pacjenta_poradnik2. Za\u0142\u0105cznik nr 2 \u2013\u00a0Plakat3. Za\u0142\u0105cznik nr 3 \u2013\u00a0Za\u0142_3_Nawigator_Pacjenta_ulotka Poradnik jest dost\u0119pny r\u00f3wnie\u017c na stronie Rzecznika Praw [&hellip;]","protected":false},"author":1,"featured_media":0,"parent":1210,"menu_order":50,"comment_status":"closed","ping_status":"closed","template":"","meta":{"_acf_changed":false,"footnotes":""},"class_list":["post-1217","page","type-page","status-publish","hentry"],"acf":[],"yoast_head":"<!-- This site is optimized with the Yoast SEO plugin v27.5 - https:\/\/yoast.com\/product\/yoast-seo-wordpress\/ -->\n<title>Vademecum praw pacjenta - Uniwersytecki Szpital Kliniczny w Poznaniu<\/title>\n<meta name=\"robots\" content=\"index, follow, max-snippet:-1, max-image-preview:large, max-video-preview:-1\" \/>\n<link rel=\"canonical\" href=\"https:\/\/www.usk.poznan.pl\/ua\/prawa-i-obowiazki-pacjenta\/vademecum-praw-pacjenta\/\" \/>\n<meta property=\"og:locale\" content=\"uk_UA\" \/>\n<meta property=\"og:type\" content=\"article\" \/>\n<meta property=\"og:title\" content=\"Vademecum praw pacjenta - Uniwersytecki Szpital Kliniczny w Poznaniu\" \/>\n<meta property=\"og:description\" content=\"Prawa Pacjenta w USK w Poznaniu Nawigator Praw Pacjenta Szanowni Pa\u0144stwo, w zwi\u0105zku z publikacj\u0105 przez Rzecznika Praw Pacjenta wraz z Polskim Towarzystwem Medycyny Rodzinnej przewodnika dla pacjent\u00f3w pn. \u201eNawigator Pacjenta\u201d w za\u0142\u0105czeniu przekazujemy: 1. Za\u0142\u0105cznik nr 1 \u2013\u00a0Za\u0142_1_Nawigator_Pacjenta_poradnik2. Za\u0142\u0105cznik nr 2 \u2013\u00a0Plakat3. Za\u0142\u0105cznik nr 3 \u2013\u00a0Za\u0142_3_Nawigator_Pacjenta_ulotka Poradnik jest dost\u0119pny r\u00f3wnie\u017c na stronie Rzecznika Praw [&hellip;]\" \/>\n<meta property=\"og:url\" content=\"https:\/\/www.usk.poznan.pl\/ua\/prawa-i-obowiazki-pacjenta\/vademecum-praw-pacjenta\/\" \/>\n<meta property=\"og:site_name\" content=\"Uniwersytecki Szpital Kliniczny w Poznaniu\" \/>\n<meta property=\"article:modified_time\" content=\"2026-02-11T06:57:29+00:00\" \/>\n<meta name=\"twitter:card\" content=\"summary_large_image\" \/>\n<meta name=\"twitter:label1\" content=\"\u041f\u0440\u0438\u0431\u043b. \u0447\u0430\u0441 \u0447\u0438\u0442\u0430\u043d\u043d\u044f\" \/>\n\t<meta name=\"twitter:data1\" content=\"1 \u0445\u0432\u0438\u043b\u0438\u043d\u0430\" \/>\n<script type=\"application\/ld+json\" class=\"yoast-schema-graph\">{\"@context\":\"https:\\\/\\\/schema.org\",\"@graph\":[{\"@type\":\"WebPage\",\"@id\":\"https:\\\/\\\/www.usk.poznan.pl\\\/prawa-i-obowiazki-pacjenta\\\/vademecum-praw-pacjenta\\\/\",\"url\":\"https:\\\/\\\/www.usk.poznan.pl\\\/prawa-i-obowiazki-pacjenta\\\/vademecum-praw-pacjenta\\\/\",\"name\":\"Vademecum praw pacjenta - Uniwersytecki Szpital Kliniczny w Poznaniu\",\"isPartOf\":{\"@id\":\"https:\\\/\\\/www.usk.poznan.pl\\\/#website\"},\"datePublished\":\"2025-11-27T11:51:56+00:00\",\"dateModified\":\"2026-02-11T06:57:29+00:00\",\"breadcrumb\":{\"@id\":\"https:\\\/\\\/www.usk.poznan.pl\\\/prawa-i-obowiazki-pacjenta\\\/vademecum-praw-pacjenta\\\/#breadcrumb\"},\"inLanguage\":\"uk\",\"potentialAction\":[{\"@type\":\"ReadAction\",\"target\":[\"https:\\\/\\\/www.usk.poznan.pl\\\/prawa-i-obowiazki-pacjenta\\\/vademecum-praw-pacjenta\\\/\"]}]},{\"@type\":\"BreadcrumbList\",\"@id\":\"https:\\\/\\\/www.usk.poznan.pl\\\/prawa-i-obowiazki-pacjenta\\\/vademecum-praw-pacjenta\\\/#breadcrumb\",\"itemListElement\":[{\"@type\":\"ListItem\",\"position\":1,\"name\":\"Strona g\u0142\u00f3wna\",\"item\":\"https:\\\/\\\/www.usk.poznan.pl\\\/\"},{\"@type\":\"ListItem\",\"position\":2,\"name\":\"Prawa i&nbsp;obowi\u0105zki pacjenta\",\"item\":\"https:\\\/\\\/www.usk.poznan.pl\\\/prawa-i-obowiazki-pacjenta\\\/\"},{\"@type\":\"ListItem\",\"position\":3,\"name\":\"Vademecum praw pacjenta\"}]},{\"@type\":\"WebSite\",\"@id\":\"https:\\\/\\\/www.usk.poznan.pl\\\/#website\",\"url\":\"https:\\\/\\\/www.usk.poznan.pl\\\/\",\"name\":\"Uniwersytecki Szpital Kliniczny w Poznaniu\",\"description\":\"\",\"potentialAction\":[{\"@type\":\"SearchAction\",\"target\":{\"@type\":\"EntryPoint\",\"urlTemplate\":\"https:\\\/\\\/www.usk.poznan.pl\\\/?s={search_term_string}\"},\"query-input\":{\"@type\":\"PropertyValueSpecification\",\"valueRequired\":true,\"valueName\":\"search_term_string\"}}],\"inLanguage\":\"uk\"}]}<\/script>\n<!-- \/ Yoast SEO plugin. -->","yoast_head_json":{"title":"Vademecum praw pacjenta - Uniwersytecki Szpital Kliniczny w Poznaniu","robots":{"index":"index","follow":"follow","max-snippet":"max-snippet:-1","max-image-preview":"max-image-preview:large","max-video-preview":"max-video-preview:-1"},"canonical":"https:\/\/www.usk.poznan.pl\/ua\/prawa-i-obowiazki-pacjenta\/vademecum-praw-pacjenta\/","og_locale":"uk_UA","og_type":"article","og_title":"Vademecum praw pacjenta - Uniwersytecki Szpital Kliniczny w Poznaniu","og_description":"Prawa Pacjenta w USK w Poznaniu Nawigator Praw Pacjenta Szanowni Pa\u0144stwo, w zwi\u0105zku z publikacj\u0105 przez Rzecznika Praw Pacjenta wraz z Polskim Towarzystwem Medycyny Rodzinnej przewodnika dla pacjent\u00f3w pn. \u201eNawigator Pacjenta\u201d w za\u0142\u0105czeniu przekazujemy: 1. Za\u0142\u0105cznik nr 1 \u2013\u00a0Za\u0142_1_Nawigator_Pacjenta_poradnik2. Za\u0142\u0105cznik nr 2 \u2013\u00a0Plakat3. Za\u0142\u0105cznik nr 3 \u2013\u00a0Za\u0142_3_Nawigator_Pacjenta_ulotka Poradnik jest dost\u0119pny r\u00f3wnie\u017c na stronie Rzecznika Praw [&hellip;]","og_url":"https:\/\/www.usk.poznan.pl\/ua\/prawa-i-obowiazki-pacjenta\/vademecum-praw-pacjenta\/","og_site_name":"Uniwersytecki Szpital Kliniczny w Poznaniu","article_modified_time":"2026-02-11T06:57:29+00:00","twitter_card":"summary_large_image","twitter_misc":{"\u041f\u0440\u0438\u0431\u043b. \u0447\u0430\u0441 \u0447\u0438\u0442\u0430\u043d\u043d\u044f":"1 \u0445\u0432\u0438\u043b\u0438\u043d\u0430"},"schema":{"@context":"https:\/\/schema.org","@graph":[{"@type":"WebPage","@id":"https:\/\/www.usk.poznan.pl\/prawa-i-obowiazki-pacjenta\/vademecum-praw-pacjenta\/","url":"https:\/\/www.usk.poznan.pl\/prawa-i-obowiazki-pacjenta\/vademecum-praw-pacjenta\/","name":"Vademecum praw pacjenta - Uniwersytecki Szpital Kliniczny w Poznaniu","isPartOf":{"@id":"https:\/\/www.usk.poznan.pl\/#website"},"datePublished":"2025-11-27T11:51:56+00:00","dateModified":"2026-02-11T06:57:29+00:00","breadcrumb":{"@id":"https:\/\/www.usk.poznan.pl\/prawa-i-obowiazki-pacjenta\/vademecum-praw-pacjenta\/#breadcrumb"},"inLanguage":"uk","potentialAction":[{"@type":"ReadAction","target":["https:\/\/www.usk.poznan.pl\/prawa-i-obowiazki-pacjenta\/vademecum-praw-pacjenta\/"]}]},{"@type":"BreadcrumbList","@id":"https:\/\/www.usk.poznan.pl\/prawa-i-obowiazki-pacjenta\/vademecum-praw-pacjenta\/#breadcrumb","itemListElement":[{"@type":"ListItem","position":1,"name":"Strona g\u0142\u00f3wna","item":"https:\/\/www.usk.poznan.pl\/"},{"@type":"ListItem","position":2,"name":"Prawa i&nbsp;obowi\u0105zki pacjenta","item":"https:\/\/www.usk.poznan.pl\/prawa-i-obowiazki-pacjenta\/"},{"@type":"ListItem","position":3,"name":"Vademecum praw pacjenta"}]},{"@type":"WebSite","@id":"https:\/\/www.usk.poznan.pl\/#website","url":"https:\/\/www.usk.poznan.pl\/","name":"Uniwersytecki Szpital Kliniczny w Poznaniu","description":"","potentialAction":[{"@type":"SearchAction","target":{"@type":"EntryPoint","urlTemplate":"https:\/\/www.usk.poznan.pl\/?s={search_term_string}"},"query-input":{"@type":"PropertyValueSpecification","valueRequired":true,"valueName":"search_term_string"}}],"inLanguage":"uk"}]}},"_links":{"self":[{"href":"https:\/\/www.usk.poznan.pl\/ua\/wp-json\/wp\/v2\/pages\/1217","targetHints":{"allow":["GET"]}}],"collection":[{"href":"https:\/\/www.usk.poznan.pl\/ua\/wp-json\/wp\/v2\/pages"}],"about":[{"href":"https:\/\/www.usk.poznan.pl\/ua\/wp-json\/wp\/v2\/types\/page"}],"author":[{"embeddable":true,"href":"https:\/\/www.usk.poznan.pl\/ua\/wp-json\/wp\/v2\/users\/1"}],"replies":[{"embeddable":true,"href":"https:\/\/www.usk.poznan.pl\/ua\/wp-json\/wp\/v2\/comments?post=1217"}],"version-history":[{"count":36,"href":"https:\/\/www.usk.poznan.pl\/ua\/wp-json\/wp\/v2\/pages\/1217\/revisions"}],"predecessor-version":[{"id":4671,"href":"https:\/\/www.usk.poznan.pl\/ua\/wp-json\/wp\/v2\/pages\/1217\/revisions\/4671"}],"up":[{"embeddable":true,"href":"https:\/\/www.usk.poznan.pl\/ua\/wp-json\/wp\/v2\/pages\/1210"}],"wp:attachment":[{"href":"https:\/\/www.usk.poznan.pl\/ua\/wp-json\/wp\/v2\/media?parent=1217"}],"curies":[{"name":"wp","href":"https:\/\/api.w.org\/{rel}","templated":true}]}}