{"id":1168,"date":"2025-11-27T09:21:02","date_gmt":"2025-11-27T08:21:02","guid":{"rendered":"https:\/\/usk.empressia.dev\/?page_id=1168"},"modified":"2026-02-13T11:48:02","modified_gmt":"2026-02-13T10:48:02","slug":"oplaty-zwiazane-z-pobytem-w-szpitalu","status":"publish","type":"page","link":"https:\/\/www.usk.poznan.pl\/ua\/informacje-praktyczne\/oplaty-zwiazane-z-pobytem-w-szpitalu\/","title":{"rendered":"Op\u0142aty zwi\u0105zane z pobytem w szpitalu"},"content":{"rendered":"<h3 class=\"wp-block-heading\">Przyj\u0119cie pacjenta nieubezpieczonego<\/h3>\n\n\n\n<h6 class=\"wp-block-heading\">1. Przyj\u0119cie w trybie nag\u0142ym<\/h6>\n\n\n\n<p>W przypadku stanu zagro\u017cenia \u017cycia lub zdrowia, Szpital ma obowi\u0105zek udzieli\u0107 \u015bwiadcze\u0144 zdrowotnych r\u00f3wnie\u017c osobom nieposiadaj\u0105cym ubezpieczenia zdrowotnego.<\/p>\n\n\n\n<p>Pacjent nieubezpieczony, przyj\u0119ty do Szpitala w trybie nag\u0142ym, zostaje poinformowany, \u017ce:<\/p>\n\n\n\n<ul class=\"wp-block-list\">\n<li>nie posiada uprawnie\u0144 do korzystania ze \u015bwiadcze\u0144 opieki zdrowotnej finansowanych ze \u015brodk\u00f3w publicznych,<\/li>\n\n\n\n<li>koszty udzielonych \u015bwiadcze\u0144 medycznych ponosi we w\u0142asnym zakresie.<\/li>\n<\/ul>\n\n\n\n<p>Szacunkowa warto\u015b\u0107 koszt\u00f3w leczenia zostaje przedstawiona przez pracownika Dzia\u0142u Rozlicze\u0144 i Sprzeda\u017cy Us\u0142ug Medycznych na podstawie informacji przekazanych przez lekarza prowadz\u0105cego. Po zako\u0144czeniu hospitalizacji Szpital dokonuje szczeg\u00f3\u0142owej wyceny poniesionych koszt\u00f3w leczenia. Na tej podstawie wystawiana jest faktura VAT, kt\u00f3r\u0105 pacjent otrzymuje w dniu wypisu ze Szpitala. W uzasadnionych przypadkach faktura mo\u017ce zosta\u0107 przekazana pacjentowi listem poleconym.<\/p>\n\n\n\n<h6 class=\"wp-block-heading\">2. Przyj\u0119cie w trybie planowym<\/h6>\n\n\n\n<p>Osoby nieposiadaj\u0105ce ubezpieczenia zdrowotnego, kt\u00f3re ubiegaj\u0105 si\u0119 o przyj\u0119cie do Szpitala w trybie planowym, mog\u0105 skorzysta\u0107 z leczenia odp\u0142atnego po spe\u0142nieniu nast\u0119puj\u0105cych warunk\u00f3w:<\/p>\n\n\n\n<ol class=\"wp-block-list\">\n<li><strong>Z\u0142o\u017cenie wniosku o odp\u0142atn\u0105 hospitalizacj\u0119<\/strong><br>Pacjent sk\u0142ada pisemny wniosek o wyra\u017cenie zgody na planow\u0105 hospitalizacj\u0119 odp\u0142atn\u0105 (formularz F-SZ.ORG 03-4). Wniosek mo\u017cna przes\u0142a\u0107 na adres e-mail: szpital@usk.poznan.pl. Do wniosku, w miar\u0119 mo\u017cliwo\u015bci, nale\u017cy do\u0142\u0105czy\u0107 dokumentacj\u0119 medyczn\u0105. Wniosek powinien zawiera\u0107: imi\u0119 i nazwisko, numer PESEL lub numer paszportu, adres zamieszkania, numer telefonu oraz adres e-mail.<\/li>\n\n\n\n<li><strong>Wycena koszt\u00f3w leczenia<\/strong><br>Dzia\u0142 Rozlicze\u0144 i Sprzeda\u017cy Us\u0142ug Medycznych, w porozumieniu z lekarzem kieruj\u0105cym oddzia\u0142em, dokonuje oceny zasadno\u015bci hospitalizacji i przygotowuje <strong>szacunkow\u0105 kalkulacj\u0119 koszt\u00f3w leczenia<\/strong>.<\/li>\n\n\n\n<li><strong>Zawarcie umowy o odp\u0142atne \u015bwiadczenie medyczne<\/strong><br>Na podstawie wyceny przygotowywana jest <strong>umowa o odp\u0142atne leczenie<\/strong>, kt\u00f3r\u0105 pacjent podpisuje <strong>przed rozpocz\u0119ciem hospitalizacji<\/strong><\/li>\n\n\n\n<li><strong>Dokonanie wp\u0142aty<\/strong><br>Pacjent jest zobowi\u0105zany do uregulowania nale\u017cno\u015bci za pobyt i leczenie przed przyj\u0119ciem do Szpitala.<br>Wp\u0142aty mo\u017cna dokona\u0107:\n<ul class=\"wp-block-list\">\n<li>w kasie Szpitala przy ul. Przybyszewskiego 49 w godz. 10:00\u201314:00,<\/li>\n\n\n\n<li>lub przelewem na rachunek bankowy Szpitala wskazany w umowie.<\/li>\n<\/ul>\n<\/li>\n\n\n\n<li><strong>Potwierdzenie dokonania p\u0142atno\u015bci nale\u017cy przedstawi\u0107 w dniu przyj\u0119cia<\/strong>.<\/li>\n\n\n\n<li><strong>Przyj\u0119cie do Szpitala<\/strong><br>W terminie wskazanym w umowie pacjent zg\u0142asza si\u0119 do&nbsp;<strong>Sekcji Obs\u0142ugi Pacjenta Hospitalizowanego<\/strong>.<\/li>\n\n\n\n<li><strong>Rozliczenie ko\u0144cowe<\/strong><br>Po zako\u0144czeniu hospitalizacji pacjent otrzymuje <strong>faktur\u0119 VAT<\/strong> dokumentuj\u0105c\u0105 poniesione koszty leczenia. W przypadku wykonania dodatkowych procedur medycznych, nieuj\u0119tych w umowie (np. konieczno\u015b\u0107 przed\u0142u\u017cenia pobytu lub leczenia w Oddziale Intensywnej Terapii), pacjent zobowi\u0105zany jest do pokrycia koszt\u00f3w tych \u015bwiadcze\u0144. W takiej sytuacji Szpital wystawia <strong>korekt\u0119 faktury<\/strong>.<\/li>\n<\/ol>\n\n\n\n<h6 class=\"wp-block-heading\">3. Kontakt w sprawie hospitalizacji odp\u0142atnej<\/h6>\n\n\n\n<p>W przypadku przyj\u0119cia na oddzia\u0142 szpitalny pacjenta nieuprawnionego do korzystania ze \u015bwiadcze\u0144 opieki zdrowotnej finansowanych ze \u015brodk\u00f3w publicznych <strong>w trybie nag\u0142ym<\/strong> &#8211;&nbsp; 61 584 90 95;<\/p>\n\n\n\n<p>W przypadku przyj\u0119cia na <strong>ratunkowy oddzia\u0142 szpitalny<\/strong> pacjenta nieuprawnionego do korzystania ze \u015bwiadcze\u0144 opieki zdrowotnej finansowanych ze \u015brodk\u00f3w publicznych w trybie nag\u0142ym &#8211; 61 854 91 50;<\/p>\n\n\n\n<p>W przypadku planowanej hospitalizacji&nbsp; pacjenta nieubezpieczonego &#8211; 61 854 92 94.<\/p>","protected":false},"excerpt":{"rendered":"Przyj\u0119cie pacjenta nieubezpieczonego 1. Przyj\u0119cie w trybie nag\u0142ym W przypadku stanu zagro\u017cenia \u017cycia lub zdrowia, Szpital ma obowi\u0105zek udzieli\u0107 \u015bwiadcze\u0144 zdrowotnych r\u00f3wnie\u017c osobom nieposiadaj\u0105cym ubezpieczenia zdrowotnego. Pacjent nieubezpieczony, przyj\u0119ty do Szpitala w trybie nag\u0142ym, zostaje poinformowany, \u017ce: Szacunkowa warto\u015b\u0107 koszt\u00f3w leczenia zostaje przedstawiona przez pracownika Dzia\u0142u Rozlicze\u0144 i Sprzeda\u017cy Us\u0142ug Medycznych na podstawie informacji przekazanych [&hellip;]","protected":false},"author":1,"featured_media":0,"parent":510,"menu_order":55,"comment_status":"closed","ping_status":"closed","template":"","meta":{"_acf_changed":false,"footnotes":""},"class_list":["post-1168","page","type-page","status-publish","hentry"],"acf":[],"yoast_head":"<!-- This site is optimized with the Yoast SEO plugin v27.5 - https:\/\/yoast.com\/product\/yoast-seo-wordpress\/ -->\n<title>Op\u0142aty zwi\u0105zane z pobytem w szpitalu - Uniwersytecki Szpital Kliniczny w Poznaniu<\/title>\n<meta name=\"robots\" content=\"index, follow, max-snippet:-1, max-image-preview:large, max-video-preview:-1\" \/>\n<link rel=\"canonical\" href=\"https:\/\/www.usk.poznan.pl\/ua\/informacje-praktyczne\/oplaty-zwiazane-z-pobytem-w-szpitalu\/\" \/>\n<meta property=\"og:locale\" content=\"uk_UA\" \/>\n<meta property=\"og:type\" content=\"article\" \/>\n<meta property=\"og:title\" content=\"Op\u0142aty zwi\u0105zane z pobytem w szpitalu - Uniwersytecki Szpital Kliniczny w Poznaniu\" \/>\n<meta property=\"og:description\" content=\"Przyj\u0119cie pacjenta nieubezpieczonego 1. Przyj\u0119cie w trybie nag\u0142ym W przypadku stanu zagro\u017cenia \u017cycia lub zdrowia, Szpital ma obowi\u0105zek udzieli\u0107 \u015bwiadcze\u0144 zdrowotnych r\u00f3wnie\u017c osobom nieposiadaj\u0105cym ubezpieczenia zdrowotnego. Pacjent nieubezpieczony, przyj\u0119ty do Szpitala w trybie nag\u0142ym, zostaje poinformowany, \u017ce: Szacunkowa warto\u015b\u0107 koszt\u00f3w leczenia zostaje przedstawiona przez pracownika Dzia\u0142u Rozlicze\u0144 i Sprzeda\u017cy Us\u0142ug Medycznych na podstawie informacji przekazanych [&hellip;]\" \/>\n<meta property=\"og:url\" content=\"https:\/\/www.usk.poznan.pl\/ua\/informacje-praktyczne\/oplaty-zwiazane-z-pobytem-w-szpitalu\/\" \/>\n<meta property=\"og:site_name\" content=\"Uniwersytecki Szpital Kliniczny w Poznaniu\" \/>\n<meta property=\"article:modified_time\" content=\"2026-02-13T10:48:02+00:00\" \/>\n<meta name=\"twitter:card\" content=\"summary_large_image\" \/>\n<meta name=\"twitter:label1\" content=\"\u041f\u0440\u0438\u0431\u043b. \u0447\u0430\u0441 \u0447\u0438\u0442\u0430\u043d\u043d\u044f\" \/>\n\t<meta name=\"twitter:data1\" content=\"3 \u0445\u0432\u0438\u043b\u0438\u043d\u0438\" \/>\n<script type=\"application\/ld+json\" class=\"yoast-schema-graph\">{\"@context\":\"https:\\\/\\\/schema.org\",\"@graph\":[{\"@type\":\"WebPage\",\"@id\":\"https:\\\/\\\/www.usk.poznan.pl\\\/informacje-praktyczne\\\/oplaty-zwiazane-z-pobytem-w-szpitalu\\\/\",\"url\":\"https:\\\/\\\/www.usk.poznan.pl\\\/informacje-praktyczne\\\/oplaty-zwiazane-z-pobytem-w-szpitalu\\\/\",\"name\":\"Op\u0142aty zwi\u0105zane z pobytem w szpitalu - Uniwersytecki Szpital Kliniczny w Poznaniu\",\"isPartOf\":{\"@id\":\"https:\\\/\\\/www.usk.poznan.pl\\\/#website\"},\"datePublished\":\"2025-11-27T08:21:02+00:00\",\"dateModified\":\"2026-02-13T10:48:02+00:00\",\"breadcrumb\":{\"@id\":\"https:\\\/\\\/www.usk.poznan.pl\\\/informacje-praktyczne\\\/oplaty-zwiazane-z-pobytem-w-szpitalu\\\/#breadcrumb\"},\"inLanguage\":\"uk\",\"potentialAction\":[{\"@type\":\"ReadAction\",\"target\":[\"https:\\\/\\\/www.usk.poznan.pl\\\/informacje-praktyczne\\\/oplaty-zwiazane-z-pobytem-w-szpitalu\\\/\"]}]},{\"@type\":\"BreadcrumbList\",\"@id\":\"https:\\\/\\\/www.usk.poznan.pl\\\/informacje-praktyczne\\\/oplaty-zwiazane-z-pobytem-w-szpitalu\\\/#breadcrumb\",\"itemListElement\":[{\"@type\":\"ListItem\",\"position\":1,\"name\":\"Strona g\u0142\u00f3wna\",\"item\":\"https:\\\/\\\/www.usk.poznan.pl\\\/\"},{\"@type\":\"ListItem\",\"position\":2,\"name\":\"Informacje praktyczne\",\"item\":\"https:\\\/\\\/www.usk.poznan.pl\\\/informacje-praktyczne\\\/\"},{\"@type\":\"ListItem\",\"position\":3,\"name\":\"Op\u0142aty zwi\u0105zane z&nbsp;pobytem w&nbsp;szpitalu\"}]},{\"@type\":\"WebSite\",\"@id\":\"https:\\\/\\\/www.usk.poznan.pl\\\/#website\",\"url\":\"https:\\\/\\\/www.usk.poznan.pl\\\/\",\"name\":\"Uniwersytecki Szpital Kliniczny w Poznaniu\",\"description\":\"\",\"potentialAction\":[{\"@type\":\"SearchAction\",\"target\":{\"@type\":\"EntryPoint\",\"urlTemplate\":\"https:\\\/\\\/www.usk.poznan.pl\\\/?s={search_term_string}\"},\"query-input\":{\"@type\":\"PropertyValueSpecification\",\"valueRequired\":true,\"valueName\":\"search_term_string\"}}],\"inLanguage\":\"uk\"}]}<\/script>\n<!-- \/ Yoast SEO plugin. -->","yoast_head_json":{"title":"Op\u0142aty zwi\u0105zane z pobytem w szpitalu - Uniwersytecki Szpital Kliniczny w Poznaniu","robots":{"index":"index","follow":"follow","max-snippet":"max-snippet:-1","max-image-preview":"max-image-preview:large","max-video-preview":"max-video-preview:-1"},"canonical":"https:\/\/www.usk.poznan.pl\/ua\/informacje-praktyczne\/oplaty-zwiazane-z-pobytem-w-szpitalu\/","og_locale":"uk_UA","og_type":"article","og_title":"Op\u0142aty zwi\u0105zane z pobytem w szpitalu - Uniwersytecki Szpital Kliniczny w Poznaniu","og_description":"Przyj\u0119cie pacjenta nieubezpieczonego 1. Przyj\u0119cie w trybie nag\u0142ym W przypadku stanu zagro\u017cenia \u017cycia lub zdrowia, Szpital ma obowi\u0105zek udzieli\u0107 \u015bwiadcze\u0144 zdrowotnych r\u00f3wnie\u017c osobom nieposiadaj\u0105cym ubezpieczenia zdrowotnego. Pacjent nieubezpieczony, przyj\u0119ty do Szpitala w trybie nag\u0142ym, zostaje poinformowany, \u017ce: Szacunkowa warto\u015b\u0107 koszt\u00f3w leczenia zostaje przedstawiona przez pracownika Dzia\u0142u Rozlicze\u0144 i Sprzeda\u017cy Us\u0142ug Medycznych na podstawie informacji przekazanych [&hellip;]","og_url":"https:\/\/www.usk.poznan.pl\/ua\/informacje-praktyczne\/oplaty-zwiazane-z-pobytem-w-szpitalu\/","og_site_name":"Uniwersytecki Szpital Kliniczny w Poznaniu","article_modified_time":"2026-02-13T10:48:02+00:00","twitter_card":"summary_large_image","twitter_misc":{"\u041f\u0440\u0438\u0431\u043b. \u0447\u0430\u0441 \u0447\u0438\u0442\u0430\u043d\u043d\u044f":"3 \u0445\u0432\u0438\u043b\u0438\u043d\u0438"},"schema":{"@context":"https:\/\/schema.org","@graph":[{"@type":"WebPage","@id":"https:\/\/www.usk.poznan.pl\/informacje-praktyczne\/oplaty-zwiazane-z-pobytem-w-szpitalu\/","url":"https:\/\/www.usk.poznan.pl\/informacje-praktyczne\/oplaty-zwiazane-z-pobytem-w-szpitalu\/","name":"Op\u0142aty zwi\u0105zane z pobytem w szpitalu - Uniwersytecki Szpital Kliniczny w Poznaniu","isPartOf":{"@id":"https:\/\/www.usk.poznan.pl\/#website"},"datePublished":"2025-11-27T08:21:02+00:00","dateModified":"2026-02-13T10:48:02+00:00","breadcrumb":{"@id":"https:\/\/www.usk.poznan.pl\/informacje-praktyczne\/oplaty-zwiazane-z-pobytem-w-szpitalu\/#breadcrumb"},"inLanguage":"uk","potentialAction":[{"@type":"ReadAction","target":["https:\/\/www.usk.poznan.pl\/informacje-praktyczne\/oplaty-zwiazane-z-pobytem-w-szpitalu\/"]}]},{"@type":"BreadcrumbList","@id":"https:\/\/www.usk.poznan.pl\/informacje-praktyczne\/oplaty-zwiazane-z-pobytem-w-szpitalu\/#breadcrumb","itemListElement":[{"@type":"ListItem","position":1,"name":"Strona g\u0142\u00f3wna","item":"https:\/\/www.usk.poznan.pl\/"},{"@type":"ListItem","position":2,"name":"Informacje praktyczne","item":"https:\/\/www.usk.poznan.pl\/informacje-praktyczne\/"},{"@type":"ListItem","position":3,"name":"Op\u0142aty zwi\u0105zane z&nbsp;pobytem w&nbsp;szpitalu"}]},{"@type":"WebSite","@id":"https:\/\/www.usk.poznan.pl\/#website","url":"https:\/\/www.usk.poznan.pl\/","name":"Uniwersytecki Szpital Kliniczny w Poznaniu","description":"","potentialAction":[{"@type":"SearchAction","target":{"@type":"EntryPoint","urlTemplate":"https:\/\/www.usk.poznan.pl\/?s={search_term_string}"},"query-input":{"@type":"PropertyValueSpecification","valueRequired":true,"valueName":"search_term_string"}}],"inLanguage":"uk"}]}},"_links":{"self":[{"href":"https:\/\/www.usk.poznan.pl\/ua\/wp-json\/wp\/v2\/pages\/1168","targetHints":{"allow":["GET"]}}],"collection":[{"href":"https:\/\/www.usk.poznan.pl\/ua\/wp-json\/wp\/v2\/pages"}],"about":[{"href":"https:\/\/www.usk.poznan.pl\/ua\/wp-json\/wp\/v2\/types\/page"}],"author":[{"embeddable":true,"href":"https:\/\/www.usk.poznan.pl\/ua\/wp-json\/wp\/v2\/users\/1"}],"replies":[{"embeddable":true,"href":"https:\/\/www.usk.poznan.pl\/ua\/wp-json\/wp\/v2\/comments?post=1168"}],"version-history":[{"count":12,"href":"https:\/\/www.usk.poznan.pl\/ua\/wp-json\/wp\/v2\/pages\/1168\/revisions"}],"predecessor-version":[{"id":4831,"href":"https:\/\/www.usk.poznan.pl\/ua\/wp-json\/wp\/v2\/pages\/1168\/revisions\/4831"}],"up":[{"embeddable":true,"href":"https:\/\/www.usk.poznan.pl\/ua\/wp-json\/wp\/v2\/pages\/510"}],"wp:attachment":[{"href":"https:\/\/www.usk.poznan.pl\/ua\/wp-json\/wp\/v2\/media?parent=1168"}],"curies":[{"name":"wp","href":"https:\/\/api.w.org\/{rel}","templated":true}]}}