{"id":1105,"date":"2025-11-25T16:12:55","date_gmt":"2025-11-25T15:12:55","guid":{"rendered":"https:\/\/usk.empressia.dev\/?page_id=1105"},"modified":"2026-03-23T11:53:31","modified_gmt":"2026-03-23T10:53:31","slug":"e-wyniki","status":"publish","type":"page","link":"https:\/\/www.usk.poznan.pl\/ua\/e-wyniki\/","title":{"rendered":"e-Wyniki"},"content":{"rendered":"\n<section class=\"cta-simple is-style-no-margin\" >\n\n        \n\t<h2 class=\"  mb-40 lg:mb-56\">\n\n\t\tWyniki bada\u0144\n\n\t<\/h2>\n\n\n    <div class=\"grid gap-32 lg:grid-cols-2\">\n\n                                            \n                                                        \n            \n            <div class=\"p-24 text-neutral-0 rounded-8 flex flex-col gap-40 md:p-32 xl:px-64 xl:py-48 bg-primary-50\">\n                <div class=\"flex items-start flex-col gap-16\">\n                                            <p class=\"paragraph--m uppercase font-semibold px-16 py-12 border border-neutral-0\/40 rounded-8 inline-flex items-center gap-8 [&#038;_svg]:size-24\">\n                            <svg xmlns=\"http:\/\/www.w3.org\/2000\/svg\" width=\"24\" height=\"24\" viewBox=\"0 0 24 24\" fill=\"none\">\n    <path d=\"M15.2344 5.38998C15.2344 5.51922 15.3395 5.62436 15.4688 5.62436H20.8272C20.6986 5.38689 20.5331 5.16878 20.3343 4.98067L15.8145 0.704641C15.639 0.538703 15.4437 0.400281 15.2344 0.291016V5.38998Z\" fill=\"currentColor\"\/>\n    <path d=\"M15.4688 7.03125C14.5641 7.03125 13.8281 6.29527 13.8281 5.39062V0H5.4375C4.01592 0 2.85938 1.15655 2.85938 2.57812V21.4219C2.85938 22.8435 4.01592 24 5.4375 24H18.5625C19.9841 24 21.1406 22.8435 21.1406 21.4219V7.03125H15.4688ZM10.5938 4.92188C10.9821 4.92188 11.2969 5.23669 11.2969 5.625C11.2969 6.01331 10.9821 6.32812 10.5938 6.32812H9.1875V7.73438C9.1875 8.12269 8.87269 8.4375 8.48438 8.4375C8.09606 8.4375 7.78125 8.12269 7.78125 7.73438V6.32812H6.375C5.98669 6.32812 5.67188 6.01331 5.67188 5.625C5.67188 5.23669 5.98669 4.92188 6.375 4.92188H7.78125V3.51562C7.78125 3.12731 8.09606 2.8125 8.48438 2.8125C8.87269 2.8125 9.1875 3.12731 9.1875 3.51562V4.92188H10.5938ZM6.70312 15.9375C6.31481 15.9375 6 15.6227 6 15.2344C6 14.8461 6.31481 14.5312 6.70312 14.5312H17.0156C17.4039 14.5312 17.7188 14.8461 17.7188 15.2344C17.7188 15.6227 17.4039 15.9375 17.0156 15.9375H6.70312ZM10.815 18.9844C10.815 19.3727 10.5002 19.6875 10.1119 19.6875H6.70312C6.31481 19.6875 6 19.3727 6 18.9844C6 18.5961 6.31481 18.2812 6.70312 18.2812H10.1119C10.5002 18.2812 10.815 18.5961 10.815 18.9844ZM17.0156 10.7812C17.4039 10.7812 17.7188 11.0961 17.7188 11.4844C17.7188 11.8727 17.4039 12.1875 17.0156 12.1875H6.70312C6.31481 12.1875 6 11.8727 6 11.4844C6 11.0961 6.31481 10.7812 6.70312 10.7812H17.0156Z\" fill=\"currentColor\"\/>\n<\/svg>\nE-wyniki\n                        <\/p>\n                    \n                                        \n\t<h3 class=\"  text-neutral-0\">\n\n\t\tDla pacjent\u00f3w indywidualnych\n\n\t<\/h3>\n\n\n                                            <p class=\"paragraph--l\">Wszystkie wyniki bada\u0144 w jednym miejscu &#8211; dost\u0119p online dla pacjent\u00f3w.<\/p>\n                                    <\/div>\n\n                                    <a class=\"btn tab text-neutral-0 inline-flex gap-20 items-center self-end p-0! border-none! \" href=\"https:\/\/erejestracja.skpp.edu.pl\/Rejestracja\/Home\">\n                        Przejd\u017a do strony\n                        <span class=\"btn-icon hidden xs:inline-flex items-center justify-center size-40 rounded-full shrink-0 bg-secondary-50\">\n                            <svg xmlns=\"http:\/\/www.w3.org\/2000\/svg\" width=\"11\" height=\"18\" viewbox=\"0 0 11 18\" fill=\"none\">\n\t<path d=\"M1.5 16L8.5 9L1.5 2\" stroke=\"currentColor\" stroke-width=\"3\"\/>\n<\/svg>\n\n                        <\/span>\n                    <\/a>\n                \n            <\/div>\n                                            \n            \n                                                                        \n            <div class=\"p-24 text-neutral-0 rounded-8 flex flex-col gap-40 md:p-32 xl:px-64 xl:py-48 bg-secondary-50\">\n                <div class=\"flex items-start flex-col gap-16\">\n                                            <p class=\"paragraph--m uppercase font-semibold px-16 py-12 border border-neutral-0\/40 rounded-8 inline-flex items-center gap-8 [&#038;_svg]:size-24\">\n                            <svg xmlns=\"http:\/\/www.w3.org\/2000\/svg\" width=\"24\" height=\"24\" viewBox=\"0 0 24 24\" fill=\"none\">\n    <path d=\"M15.2344 5.38998C15.2344 5.51922 15.3395 5.62436 15.4688 5.62436H20.8272C20.6986 5.38689 20.5331 5.16878 20.3343 4.98067L15.8145 0.704641C15.639 0.538703 15.4437 0.400281 15.2344 0.291016V5.38998Z\" fill=\"currentColor\"\/>\n    <path d=\"M15.4688 7.03125C14.5641 7.03125 13.8281 6.29527 13.8281 5.39062V0H5.4375C4.01592 0 2.85938 1.15655 2.85938 2.57812V21.4219C2.85938 22.8435 4.01592 24 5.4375 24H18.5625C19.9841 24 21.1406 22.8435 21.1406 21.4219V7.03125H15.4688ZM10.5938 4.92188C10.9821 4.92188 11.2969 5.23669 11.2969 5.625C11.2969 6.01331 10.9821 6.32812 10.5938 6.32812H9.1875V7.73438C9.1875 8.12269 8.87269 8.4375 8.48438 8.4375C8.09606 8.4375 7.78125 8.12269 7.78125 7.73438V6.32812H6.375C5.98669 6.32812 5.67188 6.01331 5.67188 5.625C5.67188 5.23669 5.98669 4.92188 6.375 4.92188H7.78125V3.51562C7.78125 3.12731 8.09606 2.8125 8.48438 2.8125C8.87269 2.8125 9.1875 3.12731 9.1875 3.51562V4.92188H10.5938ZM6.70312 15.9375C6.31481 15.9375 6 15.6227 6 15.2344C6 14.8461 6.31481 14.5312 6.70312 14.5312H17.0156C17.4039 14.5312 17.7188 14.8461 17.7188 15.2344C17.7188 15.6227 17.4039 15.9375 17.0156 15.9375H6.70312ZM10.815 18.9844C10.815 19.3727 10.5002 19.6875 10.1119 19.6875H6.70312C6.31481 19.6875 6 19.3727 6 18.9844C6 18.5961 6.31481 18.2812 6.70312 18.2812H10.1119C10.5002 18.2812 10.815 18.5961 10.815 18.9844ZM17.0156 10.7812C17.4039 10.7812 17.7188 11.0961 17.7188 11.4844C17.7188 11.8727 17.4039 12.1875 17.0156 12.1875H6.70312C6.31481 12.1875 6 11.8727 6 11.4844C6 11.0961 6.31481 10.7812 6.70312 10.7812H17.0156Z\" fill=\"currentColor\"\/>\n<\/svg>\nE-wyniki\n                        <\/p>\n                    \n                                        \n\t<h3 class=\"  text-neutral-0\">\n\n\t\tDla kontrahent\u00f3w\n\n\t<\/h3>\n\n\n                                            <p class=\"paragraph--l\">Wszystkie wyniki bada\u0144  w jednym miejscu &#8211; szybki dost\u0119p online dla kontrahent\u00f3w.<\/p>\n                                    <\/div>\n\n                                    <a class=\"btn tab text-neutral-0 inline-flex gap-20 items-center self-end p-0! border-none! bg-transparent!\" href=\"https:\/\/kont266.elaborat.marcel.pl\/\">\n                        Przejd\u017a do strony\n                        <span class=\"btn-icon hidden xs:inline-flex items-center justify-center size-40 rounded-full shrink-0 bg-neutral-0! text-secondary-50!\">\n                            <svg xmlns=\"http:\/\/www.w3.org\/2000\/svg\" width=\"11\" height=\"18\" viewbox=\"0 0 11 18\" fill=\"none\">\n\t<path d=\"M1.5 16L8.5 9L1.5 2\" stroke=\"currentColor\" stroke-width=\"3\"\/>\n<\/svg>\n\n                        <\/span>\n                    <\/a>\n                \n            <\/div>\n        \n    <\/div>\n\n<\/section>\n\n\n\n<p><\/p>\n","protected":false},"excerpt":{"rendered":"","protected":false},"author":1,"featured_media":0,"parent":0,"menu_order":58,"comment_status":"closed","ping_status":"closed","template":"","meta":{"_acf_changed":false,"footnotes":""},"class_list":["post-1105","page","type-page","status-publish","hentry"],"acf":[],"yoast_head":"<!-- This site is optimized with the Yoast SEO plugin v27.5 - https:\/\/yoast.com\/product\/yoast-seo-wordpress\/ -->\n<title>e-Wyniki - Uniwersytecki Szpital Kliniczny w Poznaniu<\/title>\n<meta name=\"robots\" content=\"index, follow, max-snippet:-1, max-image-preview:large, max-video-preview:-1\" \/>\n<link rel=\"canonical\" href=\"https:\/\/www.usk.poznan.pl\/ua\/e-wyniki\/\" \/>\n<meta property=\"og:locale\" content=\"uk_UA\" \/>\n<meta property=\"og:type\" content=\"article\" \/>\n<meta property=\"og:title\" content=\"e-Wyniki - Uniwersytecki Szpital Kliniczny w Poznaniu\" \/>\n<meta property=\"og:url\" content=\"https:\/\/www.usk.poznan.pl\/ua\/e-wyniki\/\" \/>\n<meta property=\"og:site_name\" content=\"Uniwersytecki Szpital Kliniczny w Poznaniu\" \/>\n<meta property=\"article:modified_time\" content=\"2026-03-23T10:53:31+00:00\" \/>\n<meta name=\"twitter:card\" content=\"summary_large_image\" \/>\n<script type=\"application\/ld+json\" class=\"yoast-schema-graph\">{\"@context\":\"https:\\\/\\\/schema.org\",\"@graph\":[{\"@type\":\"WebPage\",\"@id\":\"https:\\\/\\\/www.usk.poznan.pl\\\/e-wyniki\\\/\",\"url\":\"https:\\\/\\\/www.usk.poznan.pl\\\/e-wyniki\\\/\",\"name\":\"e-Wyniki - Uniwersytecki Szpital Kliniczny w Poznaniu\",\"isPartOf\":{\"@id\":\"https:\\\/\\\/www.usk.poznan.pl\\\/#website\"},\"datePublished\":\"2025-11-25T15:12:55+00:00\",\"dateModified\":\"2026-03-23T10:53:31+00:00\",\"breadcrumb\":{\"@id\":\"https:\\\/\\\/www.usk.poznan.pl\\\/e-wyniki\\\/#breadcrumb\"},\"inLanguage\":\"uk\",\"potentialAction\":[{\"@type\":\"ReadAction\",\"target\":[\"https:\\\/\\\/www.usk.poznan.pl\\\/e-wyniki\\\/\"]}]},{\"@type\":\"BreadcrumbList\",\"@id\":\"https:\\\/\\\/www.usk.poznan.pl\\\/e-wyniki\\\/#breadcrumb\",\"itemListElement\":[{\"@type\":\"ListItem\",\"position\":1,\"name\":\"Strona g\u0142\u00f3wna\",\"item\":\"https:\\\/\\\/www.usk.poznan.pl\\\/\"},{\"@type\":\"ListItem\",\"position\":2,\"name\":\"e-Wyniki\"}]},{\"@type\":\"WebSite\",\"@id\":\"https:\\\/\\\/www.usk.poznan.pl\\\/#website\",\"url\":\"https:\\\/\\\/www.usk.poznan.pl\\\/\",\"name\":\"Uniwersytecki Szpital Kliniczny w Poznaniu\",\"description\":\"\",\"potentialAction\":[{\"@type\":\"SearchAction\",\"target\":{\"@type\":\"EntryPoint\",\"urlTemplate\":\"https:\\\/\\\/www.usk.poznan.pl\\\/?s={search_term_string}\"},\"query-input\":{\"@type\":\"PropertyValueSpecification\",\"valueRequired\":true,\"valueName\":\"search_term_string\"}}],\"inLanguage\":\"uk\"}]}<\/script>\n<!-- \/ Yoast SEO plugin. -->","yoast_head_json":{"title":"e-Wyniki - Uniwersytecki Szpital Kliniczny w Poznaniu","robots":{"index":"index","follow":"follow","max-snippet":"max-snippet:-1","max-image-preview":"max-image-preview:large","max-video-preview":"max-video-preview:-1"},"canonical":"https:\/\/www.usk.poznan.pl\/ua\/e-wyniki\/","og_locale":"uk_UA","og_type":"article","og_title":"e-Wyniki - Uniwersytecki Szpital Kliniczny w Poznaniu","og_url":"https:\/\/www.usk.poznan.pl\/ua\/e-wyniki\/","og_site_name":"Uniwersytecki Szpital Kliniczny w Poznaniu","article_modified_time":"2026-03-23T10:53:31+00:00","twitter_card":"summary_large_image","schema":{"@context":"https:\/\/schema.org","@graph":[{"@type":"WebPage","@id":"https:\/\/www.usk.poznan.pl\/e-wyniki\/","url":"https:\/\/www.usk.poznan.pl\/e-wyniki\/","name":"e-Wyniki - Uniwersytecki Szpital Kliniczny w Poznaniu","isPartOf":{"@id":"https:\/\/www.usk.poznan.pl\/#website"},"datePublished":"2025-11-25T15:12:55+00:00","dateModified":"2026-03-23T10:53:31+00:00","breadcrumb":{"@id":"https:\/\/www.usk.poznan.pl\/e-wyniki\/#breadcrumb"},"inLanguage":"uk","potentialAction":[{"@type":"ReadAction","target":["https:\/\/www.usk.poznan.pl\/e-wyniki\/"]}]},{"@type":"BreadcrumbList","@id":"https:\/\/www.usk.poznan.pl\/e-wyniki\/#breadcrumb","itemListElement":[{"@type":"ListItem","position":1,"name":"Strona g\u0142\u00f3wna","item":"https:\/\/www.usk.poznan.pl\/"},{"@type":"ListItem","position":2,"name":"e-Wyniki"}]},{"@type":"WebSite","@id":"https:\/\/www.usk.poznan.pl\/#website","url":"https:\/\/www.usk.poznan.pl\/","name":"Uniwersytecki Szpital Kliniczny w Poznaniu","description":"","potentialAction":[{"@type":"SearchAction","target":{"@type":"EntryPoint","urlTemplate":"https:\/\/www.usk.poznan.pl\/?s={search_term_string}"},"query-input":{"@type":"PropertyValueSpecification","valueRequired":true,"valueName":"search_term_string"}}],"inLanguage":"uk"}]}},"_links":{"self":[{"href":"https:\/\/www.usk.poznan.pl\/ua\/wp-json\/wp\/v2\/pages\/1105","targetHints":{"allow":["GET"]}}],"collection":[{"href":"https:\/\/www.usk.poznan.pl\/ua\/wp-json\/wp\/v2\/pages"}],"about":[{"href":"https:\/\/www.usk.poznan.pl\/ua\/wp-json\/wp\/v2\/types\/page"}],"author":[{"embeddable":true,"href":"https:\/\/www.usk.poznan.pl\/ua\/wp-json\/wp\/v2\/users\/1"}],"replies":[{"embeddable":true,"href":"https:\/\/www.usk.poznan.pl\/ua\/wp-json\/wp\/v2\/comments?post=1105"}],"version-history":[{"count":9,"href":"https:\/\/www.usk.poznan.pl\/ua\/wp-json\/wp\/v2\/pages\/1105\/revisions"}],"predecessor-version":[{"id":5196,"href":"https:\/\/www.usk.poznan.pl\/ua\/wp-json\/wp\/v2\/pages\/1105\/revisions\/5196"}],"wp:attachment":[{"href":"https:\/\/www.usk.poznan.pl\/ua\/wp-json\/wp\/v2\/media?parent=1105"}],"curies":[{"name":"wp","href":"https:\/\/api.w.org\/{rel}","templated":true}]}}